{"id":15013,"date":"2024-01-27T07:46:15","date_gmt":"2024-01-27T06:46:15","guid":{"rendered":"https:\/\/www.isoclip.it\/caracteristicas\/"},"modified":"2025-09-10T09:53:10","modified_gmt":"2025-09-10T07:53:10","slug":"caracteristicas","status":"publish","type":"page","link":"https:\/\/www.isoclip.it\/es\/caracteristicas\/","title":{"rendered":"Caracter\u00edsticas"},"content":{"rendered":"<div class=\"wpb-content-wrapper\"><p>[vc_row][vc_column width=\u00bb1\/2&#8243;][vc_column_text]<strong>C\u00f3mo se fabrica ISOCLIP<\/strong><\/p>\n<p>&nbsp;<\/p>\n<p>Equipado con un panel aislante (Aerogel o Lana de Vidrio o EPS con grafito), ISOCLIP\u00ae tiene una potente capa aislante en su interior. La capa adhesiva en contacto con la losa de cer\u00e1mica y los ganchos de acero inoxidable facilitan la instalaci\u00f3n de una losa de gres porcel\u00e1nico para obtener un resultado est\u00e9tico, resistente y duradero en el tiempo. <\/p>\n<p>ISOCLIP\u00ae llega in situ ya ensamblado y listo para su instalaci\u00f3n. Se instala directamente en las paredes exteriores del edificio, sin obras invasivas ni demoliciones, con tiempos de instalaci\u00f3n reducidos en un 50% en comparaci\u00f3n con un revestimiento tradicional.[\/vc_column_text][\/vc_column][vc_column width=\u00bb1\/2&#8243;][vc_single_image image=\u00bb11774&#8243; img_size=\u00bb450&#215;300&#8243; alignment=\u00bbright\u00bb][\/vc_column][\/vc_row][vc_row][vc_column][vc_column_text]<\/p>\n<h2 style=\"text-align: center;\">Ventajas<\/h2>\n<p>[\/vc_column_text][\/vc_column][\/vc_row][vc_row][vc_column][vc_row_inner][vc_column_inner width=\u00bb1\/4&#8243;][vc_single_image image=\u00bb11112&#8243; img_size=\u00bb80&#215;80&#8243; alignment=\u00bbcenter\u00bb][vc_separator color=\u00bbgreen\u00bb border_width=\u00bb2&#8243; el_width=\u00bb30&#8243;][vc_column_text]<\/p>\n<p style=\"text-align: center;\">Est\u00e9tica<\/p>\n<p>[\/vc_column_text][\/vc_column_inner][vc_column_inner width=\u00bb1\/4&#8243;][vc_single_image image=\u00bb11118&#8243; img_size=\u00bb80&#215;80&#8243; alignment=\u00bbcenter\u00bb][vc_separator color=\u00bbgreen\u00bb border_width=\u00bb2&#8243; el_width=\u00bb30&#8243;][vc_column_text]<\/p>\n<p style=\"text-align: center;\">Aislamiento t\u00e9rmico<\/p>\n<p>[\/vc_column_text][\/vc_column_inner][vc_column_inner width=\u00bb1\/4&#8243;][vc_single_image image=\u00bb11124&#8243; img_size=\u00bb80&#215;80&#8243; alignment=\u00bbcenter\u00bb][vc_separator color=\u00bbgreen\u00bb border_width=\u00bb2&#8243; el_width=\u00bb30&#8243;][vc_column_text]<\/p>\n<p style=\"text-align: center;\">Aislamiento ac\u00fastico<\/p>\n<p>[\/vc_column_text][\/vc_column_inner][vc_column_inner width=\u00bb1\/4&#8243;][vc_single_image image=\u00bb11130&#8243; img_size=\u00bb80&#215;80&#8243; alignment=\u00bbcenter\u00bb][vc_separator color=\u00bbgreen\u00bb border_width=\u00bb2&#8243; el_width=\u00bb30&#8243;][vc_column_text]<\/p>\n<p style=\"text-align: center;\">Seguridad<\/p>\n<p>[\/vc_column_text][\/vc_column_inner][\/vc_row_inner][vc_row_inner][vc_column_inner width=\u00bb1\/4&#8243;][vc_single_image image=\u00bb11138&#8243; img_size=\u00bb80&#215;80&#8243; alignment=\u00bbcenter\u00bb][vc_separator color=\u00bbgreen\u00bb border_width=\u00bb2&#8243; el_width=\u00bb30&#8243;][vc_column_text]<\/p>\n<p style=\"text-align: center;\">Resistencia a los impactos<\/p>\n<p>[\/vc_column_text][\/vc_column_inner][vc_column_inner width=\u00bb1\/4&#8243;][vc_single_image image=\u00bb11143&#8243; img_size=\u00bb80&#215;80&#8243; alignment=\u00bbcenter\u00bb][vc_separator color=\u00bbgreen\u00bb border_width=\u00bb2&#8243; el_width=\u00bb30&#8243;][vc_column_text]<\/p>\n<p style=\"text-align: center;\">Sencillez y Rapidez de Colocaci\u00f3n<\/p>\n<p>[\/vc_column_text][\/vc_column_inner][vc_column_inner width=\u00bb1\/4&#8243;][vc_single_image image=\u00bb11148&#8243; img_size=\u00bb80&#215;80&#8243; alignment=\u00bbcenter\u00bb][vc_separator color=\u00bbgreen\u00bb border_width=\u00bb2&#8243; el_width=\u00bb30&#8243;][vc_column_text]<\/p>\n<p style=\"text-align: center;\">Sin mantenimiento<\/p>\n<p>[\/vc_column_text][\/vc_column_inner][vc_column_inner width=\u00bb1\/4&#8243;][vc_single_image image=\u00bb11833&#8243; img_size=\u00bb80&#215;80&#8243; alignment=\u00bbcenter\u00bb][vc_separator color=\u00bbgreen\u00bb border_width=\u00bb2&#8243; el_width=\u00bb30&#8243;][vc_column_text]<\/p>\n<p style=\"text-align: center;\">Certificaci\u00f3n CAM<\/p>\n<p>[\/vc_column_text][\/vc_column_inner][\/vc_row_inner][\/vc_column][\/vc_row][vc_row][vc_column][vc_empty_space height=\u00bb20px\u00bb][\/vc_column][\/vc_row][vc_row][vc_column][vc_empty_space height=\u00bb50px\u00bb][\/vc_column][\/vc_row][vc_row][vc_column width=\u00bb1\/2&#8243;][vc_single_image image=\u00bb11779&#8243; img_size=\u00bb450&#215;300&#8243;][\/vc_column][vc_column width=\u00bb1\/2&#8243;][vc_column_text]<strong>El sistema ISOCLIP<\/strong><\/p>\n<p>MALTA<\/p>\n<p>Extiende una capa doble de mortero en la pared exterior del edificio para reducir las irregularidades de la superficie.<\/p>\n<p>ISOCLIP<\/p>\n<p>Los paneles de aislamiento t\u00e9rmico constan de una placa de gres porcel\u00e1nico fijada al panel aislante (Aerogel, lana de vidrio, EPS con grafito) con 4 ganchos de acero inoxidable y una capa de cola de alta adherencia.<\/p>\n<ul>\n<li>Ganchos de acero inoxidable<\/li>\n<li>Panel aislante de grosor variable de 10 a 160 mm<\/li>\n<li>Placa de gres porcel\u00e1nico de 6 \u00f3 10 mm de grosor.<\/li>\n<\/ul>\n<p>[\/vc_column_text][\/vc_column][\/vc_row][vc_row][vc_column width=\u00bb1\/2&#8243;][vc_column_text]SOPORTES LATERALES<\/p>\n<p>Soportes segmentados adecuadamente para maximizar la estabilidad del panel aislante.<\/p>\n<p>&nbsp;<\/p>\n<p>NIVELADORES<\/p>\n<p>Distanciadores de nivelaci\u00f3n para conseguir un resultado uniforme sin crear desniveles entre superficies contiguas.[\/vc_column_text][\/vc_column][vc_column width=\u00bb1\/2&#8243;][vc_single_image image=\u00bb11803&#8243; img_size=\u00bb450&#215;300&#8243; alignment=\u00bbright\u00bb][\/vc_column][\/vc_row][vc_row][vc_column][\/vc_column][\/vc_row][vc_row][vc_column width=\u00bb3\/4&#8243;][vc_column_text]<\/p>\n<h2>TIPOS DE ACABADOS EST\u00c1NDAR DEL GRES PORCEL\u00c1NICO<\/h2>\n<p>[\/vc_column_text][vc_gallery type=\u00bbimage_grid\u00bb images=\u00bb12210,12205,12200,12195,12190,12185,12180,12174,12169&#8243;][vc_column_text]<\/p>\n<h2><a href=\"https:\/\/aeropan.it\/wp-content\/uploads\/2025\/01\/ISOCLIP-Catalogo-2025-.pdf\" target=\"_blank\" rel=\"noopener\">DESCARGAR CAT\u00c1LOGO ISOCLIP 2025<\/a><\/h2>\n<p>[\/vc_column_text][\/vc_column][\/vc_row]<\/p>\n<\/div>","protected":false},"excerpt":{"rendered":"<p>[vc_row][vc_column width=\u00bb1\/2&#8243;][vc_column_text]C\u00f3mo se fabrica ISOCLIP &nbsp; Equipado con un panel aislante (Aerogel o Lana de Vidrio o EPS con grafito), ISOCLIP\u00ae tiene una potente capa aislante en su interior. La capa adhesiva en contacto con la losa de cer\u00e1mica y los ganchos de acero inoxidable facilitan la instalaci\u00f3n de una losa de gres porcel\u00e1nico para [&hellip;]<\/p>\n","protected":false},"author":1,"featured_media":0,"parent":0,"menu_order":0,"comment_status":"closed","ping_status":"closed","template":"","meta":{"rs_blank_template":"","rs_page_bg_color":"","slide_template_v7":"","footnotes":""},"class_list":["post-15013","page","type-page","status-publish","hentry"],"yoast_head":"<!-- This site is optimized with the Yoast SEO plugin v27.4 - https:\/\/yoast.com\/product\/yoast-seo-wordpress\/ -->\n<title>Caracter\u00edsticas - Isoclip<\/title>\n<meta name=\"description\" content=\"Caracter\u00edsticas del Isoclip\u00ae. C\u00f3mo se fabrica y las ventajas de utilizar el sistema Isoclip\u00ae. Est\u00e9tica y aislamiento a medida.\" \/>\n<meta name=\"robots\" content=\"index, follow, max-snippet:-1, max-image-preview:large, max-video-preview:-1\" \/>\n<link rel=\"canonical\" href=\"https:\/\/www.isoclip.it\/es\/caracteristicas\/\" \/>\n<meta property=\"og:locale\" content=\"es_ES\" \/>\n<meta property=\"og:type\" content=\"article\" \/>\n<meta property=\"og:title\" content=\"Las caracter\u00edsticas de Isoclip\" \/>\n<meta property=\"og:description\" content=\"Caracter\u00edsticas del Isoclip\u00ae. C\u00f3mo se fabrica y las ventajas de utilizar el sistema Isoclip\u00ae. Est\u00e9tica y aislamiento a medida.\" \/>\n<meta property=\"og:url\" content=\"https:\/\/www.isoclip.it\/es\/caracteristicas\/\" \/>\n<meta property=\"og:site_name\" content=\"Isoclip\" \/>\n<meta property=\"article:modified_time\" content=\"2025-09-10T07:53:10+00:00\" \/>\n<meta property=\"og:image\" content=\"https:\/\/www.isoclip.it\/wp-content\/uploads\/2024\/01\/ISOCLIP-cose\u2560C-fotorettangolare1-1024x577.jpg\" \/>\n<meta name=\"twitter:card\" content=\"summary_large_image\" \/>\n<meta name=\"twitter:label1\" content=\"Tiempo de lectura\" \/>\n\t<meta name=\"twitter:data1\" content=\"3 minutos\" \/>\n<script type=\"application\/ld+json\" class=\"yoast-schema-graph\">{\"@context\":\"https:\\\/\\\/schema.org\",\"@graph\":[{\"@type\":\"WebPage\",\"@id\":\"https:\\\/\\\/www.isoclip.it\\\/es\\\/caracteristicas\\\/\",\"url\":\"https:\\\/\\\/www.isoclip.it\\\/es\\\/caracteristicas\\\/\",\"name\":\"Caracter\u00edsticas - Isoclip\",\"isPartOf\":{\"@id\":\"https:\\\/\\\/www.isoclip.it\\\/es\\\/#website\"},\"datePublished\":\"2024-01-27T06:46:15+00:00\",\"dateModified\":\"2025-09-10T07:53:10+00:00\",\"description\":\"Caracter\u00edsticas del Isoclip\u00ae. C\u00f3mo se fabrica y las ventajas de utilizar el sistema Isoclip\u00ae. Est\u00e9tica y aislamiento a medida.\",\"breadcrumb\":{\"@id\":\"https:\\\/\\\/www.isoclip.it\\\/es\\\/caracteristicas\\\/#breadcrumb\"},\"inLanguage\":\"es\",\"potentialAction\":[{\"@type\":\"ReadAction\",\"target\":[\"https:\\\/\\\/www.isoclip.it\\\/es\\\/caracteristicas\\\/\"]}]},{\"@type\":\"BreadcrumbList\",\"@id\":\"https:\\\/\\\/www.isoclip.it\\\/es\\\/caracteristicas\\\/#breadcrumb\",\"itemListElement\":[{\"@type\":\"ListItem\",\"position\":1,\"name\":\"Home\",\"item\":\"https:\\\/\\\/www.isoclip.it\\\/es\\\/\"},{\"@type\":\"ListItem\",\"position\":2,\"name\":\"Caracter\u00edsticas\"}]},{\"@type\":\"WebSite\",\"@id\":\"https:\\\/\\\/www.isoclip.it\\\/es\\\/#website\",\"url\":\"https:\\\/\\\/www.isoclip.it\\\/es\\\/\",\"name\":\"Isoclip\",\"description\":\"Esth\u00e9tique et isolation sur mesure pour vous !\",\"publisher\":{\"@id\":\"https:\\\/\\\/www.isoclip.it\\\/es\\\/#organization\"},\"potentialAction\":[{\"@type\":\"SearchAction\",\"target\":{\"@type\":\"EntryPoint\",\"urlTemplate\":\"https:\\\/\\\/www.isoclip.it\\\/es\\\/?s={search_term_string}\"},\"query-input\":{\"@type\":\"PropertyValueSpecification\",\"valueRequired\":true,\"valueName\":\"search_term_string\"}}],\"inLanguage\":\"es\"},{\"@type\":\"Organization\",\"@id\":\"https:\\\/\\\/www.isoclip.it\\\/es\\\/#organization\",\"name\":\"Isoclip\",\"url\":\"https:\\\/\\\/www.isoclip.it\\\/es\\\/\",\"logo\":{\"@type\":\"ImageObject\",\"inLanguage\":\"es\",\"@id\":\"https:\\\/\\\/www.isoclip.it\\\/es\\\/#\\\/schema\\\/logo\\\/image\\\/\",\"url\":\"https:\\\/\\\/www.isoclip.it\\\/wp-content\\\/uploads\\\/2024\\\/01\\\/Isoclip-logo.png\",\"contentUrl\":\"https:\\\/\\\/www.isoclip.it\\\/wp-content\\\/uploads\\\/2024\\\/01\\\/Isoclip-logo.png\",\"width\":930,\"height\":300,\"caption\":\"Isoclip\"},\"image\":{\"@id\":\"https:\\\/\\\/www.isoclip.it\\\/es\\\/#\\\/schema\\\/logo\\\/image\\\/\"},\"sameAs\":[\"https:\\\/\\\/www.linkedin.com\\\/company\\\/isoclip\\\/\"]}]}<\/script>\n<!-- \/ Yoast SEO plugin. -->","yoast_head_json":{"title":"Caracter\u00edsticas - Isoclip","description":"Caracter\u00edsticas del Isoclip\u00ae. C\u00f3mo se fabrica y las ventajas de utilizar el sistema Isoclip\u00ae. Est\u00e9tica y aislamiento a medida.","robots":{"index":"index","follow":"follow","max-snippet":"max-snippet:-1","max-image-preview":"max-image-preview:large","max-video-preview":"max-video-preview:-1"},"canonical":"https:\/\/www.isoclip.it\/es\/caracteristicas\/","og_locale":"es_ES","og_type":"article","og_title":"Las caracter\u00edsticas de Isoclip","og_description":"Caracter\u00edsticas del Isoclip\u00ae. C\u00f3mo se fabrica y las ventajas de utilizar el sistema Isoclip\u00ae. Est\u00e9tica y aislamiento a medida.","og_url":"https:\/\/www.isoclip.it\/es\/caracteristicas\/","og_site_name":"Isoclip","article_modified_time":"2025-09-10T07:53:10+00:00","og_image":[{"url":"https:\/\/www.isoclip.it\/wp-content\/uploads\/2024\/01\/ISOCLIP-cose\u2560C-fotorettangolare1-1024x577.jpg","type":"","width":"","height":""}],"twitter_card":"summary_large_image","twitter_misc":{"Tiempo de lectura":"3 minutos"},"schema":{"@context":"https:\/\/schema.org","@graph":[{"@type":"WebPage","@id":"https:\/\/www.isoclip.it\/es\/caracteristicas\/","url":"https:\/\/www.isoclip.it\/es\/caracteristicas\/","name":"Caracter\u00edsticas - Isoclip","isPartOf":{"@id":"https:\/\/www.isoclip.it\/es\/#website"},"datePublished":"2024-01-27T06:46:15+00:00","dateModified":"2025-09-10T07:53:10+00:00","description":"Caracter\u00edsticas del Isoclip\u00ae. C\u00f3mo se fabrica y las ventajas de utilizar el sistema Isoclip\u00ae. Est\u00e9tica y aislamiento a medida.","breadcrumb":{"@id":"https:\/\/www.isoclip.it\/es\/caracteristicas\/#breadcrumb"},"inLanguage":"es","potentialAction":[{"@type":"ReadAction","target":["https:\/\/www.isoclip.it\/es\/caracteristicas\/"]}]},{"@type":"BreadcrumbList","@id":"https:\/\/www.isoclip.it\/es\/caracteristicas\/#breadcrumb","itemListElement":[{"@type":"ListItem","position":1,"name":"Home","item":"https:\/\/www.isoclip.it\/es\/"},{"@type":"ListItem","position":2,"name":"Caracter\u00edsticas"}]},{"@type":"WebSite","@id":"https:\/\/www.isoclip.it\/es\/#website","url":"https:\/\/www.isoclip.it\/es\/","name":"Isoclip","description":"Esth\u00e9tique et isolation sur mesure pour vous !","publisher":{"@id":"https:\/\/www.isoclip.it\/es\/#organization"},"potentialAction":[{"@type":"SearchAction","target":{"@type":"EntryPoint","urlTemplate":"https:\/\/www.isoclip.it\/es\/?s={search_term_string}"},"query-input":{"@type":"PropertyValueSpecification","valueRequired":true,"valueName":"search_term_string"}}],"inLanguage":"es"},{"@type":"Organization","@id":"https:\/\/www.isoclip.it\/es\/#organization","name":"Isoclip","url":"https:\/\/www.isoclip.it\/es\/","logo":{"@type":"ImageObject","inLanguage":"es","@id":"https:\/\/www.isoclip.it\/es\/#\/schema\/logo\/image\/","url":"https:\/\/www.isoclip.it\/wp-content\/uploads\/2024\/01\/Isoclip-logo.png","contentUrl":"https:\/\/www.isoclip.it\/wp-content\/uploads\/2024\/01\/Isoclip-logo.png","width":930,"height":300,"caption":"Isoclip"},"image":{"@id":"https:\/\/www.isoclip.it\/es\/#\/schema\/logo\/image\/"},"sameAs":["https:\/\/www.linkedin.com\/company\/isoclip\/"]}]}},"_links":{"self":[{"href":"https:\/\/www.isoclip.it\/es\/wp-json\/wp\/v2\/pages\/15013","targetHints":{"allow":["GET"]}}],"collection":[{"href":"https:\/\/www.isoclip.it\/es\/wp-json\/wp\/v2\/pages"}],"about":[{"href":"https:\/\/www.isoclip.it\/es\/wp-json\/wp\/v2\/types\/page"}],"author":[{"embeddable":true,"href":"https:\/\/www.isoclip.it\/es\/wp-json\/wp\/v2\/users\/1"}],"replies":[{"embeddable":true,"href":"https:\/\/www.isoclip.it\/es\/wp-json\/wp\/v2\/comments?post=15013"}],"version-history":[{"count":2,"href":"https:\/\/www.isoclip.it\/es\/wp-json\/wp\/v2\/pages\/15013\/revisions"}],"predecessor-version":[{"id":16200,"href":"https:\/\/www.isoclip.it\/es\/wp-json\/wp\/v2\/pages\/15013\/revisions\/16200"}],"wp:attachment":[{"href":"https:\/\/www.isoclip.it\/es\/wp-json\/wp\/v2\/media?parent=15013"}],"curies":[{"name":"wp","href":"https:\/\/api.w.org\/{rel}","templated":true}]}}