{"id":15017,"date":"2024-01-27T07:43:32","date_gmt":"2024-01-27T06:43:32","guid":{"rendered":"https:\/\/www.isoclip.it\/instalacion\/"},"modified":"2025-09-10T16:45:09","modified_gmt":"2025-09-10T14:45:09","slug":"instalacion","status":"publish","type":"page","link":"https:\/\/www.isoclip.it\/es\/instalacion\/","title":{"rendered":"Instalaci\u00f3n"},"content":{"rendered":"<div class=\"wpb-content-wrapper\"><p>[vc_row][vc_column width=\u00bb1\/2&#8243;][vc_column_text]<\/p>\n<h2>Instalaci\u00f3n<\/h2>\n<p>La direcci\u00f3n correcta para colocar los paneles ISOCLIP\u00ae es de abajo a la derecha hacia la izquierda.<\/p>\n<p>El equipo ideal de operarios est\u00e1 formado por tres o cuatro personas que pueden colocar entre 70 y 90 metros cuadrados al d\u00eda.<\/p>\n<p>El pegamento puede aplicarse a temperaturas entre 5\u00b0 y 35\u00b0C.<\/p>\n<p>&nbsp;<\/p>\n<p>ISOCLIP\u00ae puede instalarse en diferentes tipos de muros. Los pasos a seguir son los siguientes:<br \/>&#8211; Comprueba la planitud del soporte, en caso de desnivel se puede utilizar un producto nivelador;<br \/>&#8211; Comprueba el tipo de taco que tiene que ser instalado; el sistema pesa un m\u00e1ximo de 20 kg\/m\u00b2;<br \/>&#8211; Limpieza de la superficie y\/o aplicaci\u00f3n de una imprimaci\u00f3n (no obligatorio);<br \/>&#8211; Colocaci\u00f3n del perfil de inicio y verificaci\u00f3n de las alineaciones;<br \/>&#8211; Colocaci\u00f3n de la cola con llana dentada con ranuras paralelas en el lado corto en ambos soportes y panel Isoclip\u00ae con cola con las siguientes caracter\u00edsticas: C2TES2;<br \/>&#8211; Fijaci\u00f3n con tacos (n\u00ba 4 por panel);<br \/>&#8211; Ajuste de la planitud del panel y de las juntas (4-5 mm);<br \/>&#8211; Rejuntado de poliuretano y creaci\u00f3n de juntas de dilataci\u00f3n m\u00e1ximo cada 12 m2<br \/>(puede realizarse en las 24 horas siguientes a la colocaci\u00f3n del panel);[\/vc_column_text][\/vc_column][vc_column width=\u00bb1\/2&#8243;][vc_single_image image=\u00bb14838&#8243; img_size=\u00bb700&#215;350&#8243; alignment=\u00bbright\u00bb][vc_single_image image=\u00bb14843&#8243; img_size=\u00bb700&#215;350&#8243;][\/vc_column][\/vc_row][vc_row][vc_column][vc_video link=\u00bbhttps:\/\/youtu.be\/orGAAt48oLo\u00bb][vc_video link=\u00bbhttps:\/\/youtu.be\/1Qf8BgG9SGo?si=ycDM5HZ9W2PzI4nN\u00bb title=\u00bb\u00a1Qu\u00e9 f\u00e1cil es instalar Isoclip en la pared de un balc\u00f3n!\u00bb][\/vc_column][\/vc_row][vc_row][vc_column][vc_video link=\u00bbhttps:\/\/youtu.be\/bpYnC2Y42p0?si=lNdV4IqjOgZEEvKQ\u00bb title=\u00bbLa facilidad de instalaci\u00f3n de Isoclip\u00bb][vc_column_text]<\/p>\n<h2><a href=\"https:\/\/aeropan.it\/wp-content\/uploads\/2025\/01\/ISOCLIP-Catalogo-2025-.pdf\" target=\"_blank\" rel=\"noopener\">DESCARGAR CAT\u00c1LOGO ISOCLIP 2025<\/a><\/h2>\n<p>[\/vc_column_text][\/vc_column][\/vc_row]<\/p>\n<\/div>","protected":false},"excerpt":{"rendered":"<p>[vc_row][vc_column width=\u00bb1\/2&#8243;][vc_column_text] Instalaci\u00f3n La direcci\u00f3n correcta para colocar los paneles ISOCLIP\u00ae es de abajo a la derecha hacia la izquierda. El equipo ideal de operarios est\u00e1 formado por tres o cuatro personas que pueden colocar entre 70 y 90 metros cuadrados al d\u00eda. El pegamento puede aplicarse a temperaturas entre 5\u00b0 y 35\u00b0C. &nbsp; ISOCLIP\u00ae [&hellip;]<\/p>\n","protected":false},"author":1,"featured_media":0,"parent":0,"menu_order":0,"comment_status":"closed","ping_status":"closed","template":"","meta":{"rs_blank_template":"","rs_page_bg_color":"","slide_template_v7":"","footnotes":""},"class_list":["post-15017","page","type-page","status-publish","hentry"],"yoast_head":"<!-- This site is optimized with the Yoast SEO plugin v27.4 - https:\/\/yoast.com\/product\/yoast-seo-wordpress\/ -->\n<title>Instalaci\u00f3n - Isoclip<\/title>\n<meta name=\"description\" content=\"Instalaci\u00f3n de Isoclip\u00ae: los pasos a seguir para instalar los paneles Isoclip\u00ae y crear una est\u00e9tica y un aislamiento &quot;a medida&quot;.\" \/>\n<meta name=\"robots\" content=\"index, follow, max-snippet:-1, max-image-preview:large, max-video-preview:-1\" \/>\n<link rel=\"canonical\" href=\"https:\/\/www.isoclip.it\/es\/instalacion\/\" \/>\n<meta property=\"og:locale\" content=\"es_ES\" \/>\n<meta property=\"og:type\" content=\"article\" \/>\n<meta property=\"og:title\" content=\"Instalaci\u00f3n del Isoclip\" \/>\n<meta property=\"og:description\" content=\"Instalaci\u00f3n de Isoclip\u00ae: los pasos a seguir para instalar los paneles Isoclip\u00ae y crear una est\u00e9tica y un aislamiento &quot;a medida&quot;.\" \/>\n<meta property=\"og:url\" content=\"https:\/\/www.isoclip.it\/es\/instalacion\/\" \/>\n<meta property=\"og:site_name\" content=\"Isoclip\" \/>\n<meta property=\"article:modified_time\" content=\"2025-09-10T14:45:09+00:00\" \/>\n<meta property=\"og:image\" content=\"https:\/\/www.isoclip.it\/wp-content\/uploads\/2024\/01\/Isoclip-facilita\u2560C-posa.jpg\" \/>\n<meta name=\"twitter:card\" content=\"summary_large_image\" \/>\n<meta name=\"twitter:label1\" content=\"Tiempo de lectura\" \/>\n\t<meta name=\"twitter:data1\" content=\"2 minutos\" \/>\n<script type=\"application\/ld+json\" class=\"yoast-schema-graph\">{\"@context\":\"https:\\\/\\\/schema.org\",\"@graph\":[{\"@type\":\"WebPage\",\"@id\":\"https:\\\/\\\/www.isoclip.it\\\/es\\\/instalacion\\\/\",\"url\":\"https:\\\/\\\/www.isoclip.it\\\/es\\\/instalacion\\\/\",\"name\":\"Instalaci\u00f3n - Isoclip\",\"isPartOf\":{\"@id\":\"https:\\\/\\\/www.isoclip.it\\\/es\\\/#website\"},\"datePublished\":\"2024-01-27T06:43:32+00:00\",\"dateModified\":\"2025-09-10T14:45:09+00:00\",\"description\":\"Instalaci\u00f3n de Isoclip\u00ae: los pasos a seguir para instalar los paneles Isoclip\u00ae y crear una est\u00e9tica y un aislamiento \\\"a medida\\\".\",\"breadcrumb\":{\"@id\":\"https:\\\/\\\/www.isoclip.it\\\/es\\\/instalacion\\\/#breadcrumb\"},\"inLanguage\":\"es\",\"potentialAction\":[{\"@type\":\"ReadAction\",\"target\":[\"https:\\\/\\\/www.isoclip.it\\\/es\\\/instalacion\\\/\"]}]},{\"@type\":\"BreadcrumbList\",\"@id\":\"https:\\\/\\\/www.isoclip.it\\\/es\\\/instalacion\\\/#breadcrumb\",\"itemListElement\":[{\"@type\":\"ListItem\",\"position\":1,\"name\":\"Home\",\"item\":\"https:\\\/\\\/www.isoclip.it\\\/es\\\/\"},{\"@type\":\"ListItem\",\"position\":2,\"name\":\"Instalaci\u00f3n\"}]},{\"@type\":\"WebSite\",\"@id\":\"https:\\\/\\\/www.isoclip.it\\\/es\\\/#website\",\"url\":\"https:\\\/\\\/www.isoclip.it\\\/es\\\/\",\"name\":\"Isoclip\",\"description\":\"Esth\u00e9tique et isolation sur mesure pour vous !\",\"publisher\":{\"@id\":\"https:\\\/\\\/www.isoclip.it\\\/es\\\/#organization\"},\"potentialAction\":[{\"@type\":\"SearchAction\",\"target\":{\"@type\":\"EntryPoint\",\"urlTemplate\":\"https:\\\/\\\/www.isoclip.it\\\/es\\\/?s={search_term_string}\"},\"query-input\":{\"@type\":\"PropertyValueSpecification\",\"valueRequired\":true,\"valueName\":\"search_term_string\"}}],\"inLanguage\":\"es\"},{\"@type\":\"Organization\",\"@id\":\"https:\\\/\\\/www.isoclip.it\\\/es\\\/#organization\",\"name\":\"Isoclip\",\"url\":\"https:\\\/\\\/www.isoclip.it\\\/es\\\/\",\"logo\":{\"@type\":\"ImageObject\",\"inLanguage\":\"es\",\"@id\":\"https:\\\/\\\/www.isoclip.it\\\/es\\\/#\\\/schema\\\/logo\\\/image\\\/\",\"url\":\"https:\\\/\\\/www.isoclip.it\\\/wp-content\\\/uploads\\\/2024\\\/01\\\/Isoclip-logo.png\",\"contentUrl\":\"https:\\\/\\\/www.isoclip.it\\\/wp-content\\\/uploads\\\/2024\\\/01\\\/Isoclip-logo.png\",\"width\":930,\"height\":300,\"caption\":\"Isoclip\"},\"image\":{\"@id\":\"https:\\\/\\\/www.isoclip.it\\\/es\\\/#\\\/schema\\\/logo\\\/image\\\/\"},\"sameAs\":[\"https:\\\/\\\/www.linkedin.com\\\/company\\\/isoclip\\\/\"]}]}<\/script>\n<!-- \/ Yoast SEO plugin. -->","yoast_head_json":{"title":"Instalaci\u00f3n - Isoclip","description":"Instalaci\u00f3n de Isoclip\u00ae: los pasos a seguir para instalar los paneles Isoclip\u00ae y crear una est\u00e9tica y un aislamiento \"a medida\".","robots":{"index":"index","follow":"follow","max-snippet":"max-snippet:-1","max-image-preview":"max-image-preview:large","max-video-preview":"max-video-preview:-1"},"canonical":"https:\/\/www.isoclip.it\/es\/instalacion\/","og_locale":"es_ES","og_type":"article","og_title":"Instalaci\u00f3n del Isoclip","og_description":"Instalaci\u00f3n de Isoclip\u00ae: los pasos a seguir para instalar los paneles Isoclip\u00ae y crear una est\u00e9tica y un aislamiento \"a medida\".","og_url":"https:\/\/www.isoclip.it\/es\/instalacion\/","og_site_name":"Isoclip","article_modified_time":"2025-09-10T14:45:09+00:00","og_image":[{"url":"https:\/\/www.isoclip.it\/wp-content\/uploads\/2024\/01\/Isoclip-facilita\u2560C-posa.jpg","type":"","width":"","height":""}],"twitter_card":"summary_large_image","twitter_misc":{"Tiempo de lectura":"2 minutos"},"schema":{"@context":"https:\/\/schema.org","@graph":[{"@type":"WebPage","@id":"https:\/\/www.isoclip.it\/es\/instalacion\/","url":"https:\/\/www.isoclip.it\/es\/instalacion\/","name":"Instalaci\u00f3n - Isoclip","isPartOf":{"@id":"https:\/\/www.isoclip.it\/es\/#website"},"datePublished":"2024-01-27T06:43:32+00:00","dateModified":"2025-09-10T14:45:09+00:00","description":"Instalaci\u00f3n de Isoclip\u00ae: los pasos a seguir para instalar los paneles Isoclip\u00ae y crear una est\u00e9tica y un aislamiento \"a medida\".","breadcrumb":{"@id":"https:\/\/www.isoclip.it\/es\/instalacion\/#breadcrumb"},"inLanguage":"es","potentialAction":[{"@type":"ReadAction","target":["https:\/\/www.isoclip.it\/es\/instalacion\/"]}]},{"@type":"BreadcrumbList","@id":"https:\/\/www.isoclip.it\/es\/instalacion\/#breadcrumb","itemListElement":[{"@type":"ListItem","position":1,"name":"Home","item":"https:\/\/www.isoclip.it\/es\/"},{"@type":"ListItem","position":2,"name":"Instalaci\u00f3n"}]},{"@type":"WebSite","@id":"https:\/\/www.isoclip.it\/es\/#website","url":"https:\/\/www.isoclip.it\/es\/","name":"Isoclip","description":"Esth\u00e9tique et isolation sur mesure pour vous !","publisher":{"@id":"https:\/\/www.isoclip.it\/es\/#organization"},"potentialAction":[{"@type":"SearchAction","target":{"@type":"EntryPoint","urlTemplate":"https:\/\/www.isoclip.it\/es\/?s={search_term_string}"},"query-input":{"@type":"PropertyValueSpecification","valueRequired":true,"valueName":"search_term_string"}}],"inLanguage":"es"},{"@type":"Organization","@id":"https:\/\/www.isoclip.it\/es\/#organization","name":"Isoclip","url":"https:\/\/www.isoclip.it\/es\/","logo":{"@type":"ImageObject","inLanguage":"es","@id":"https:\/\/www.isoclip.it\/es\/#\/schema\/logo\/image\/","url":"https:\/\/www.isoclip.it\/wp-content\/uploads\/2024\/01\/Isoclip-logo.png","contentUrl":"https:\/\/www.isoclip.it\/wp-content\/uploads\/2024\/01\/Isoclip-logo.png","width":930,"height":300,"caption":"Isoclip"},"image":{"@id":"https:\/\/www.isoclip.it\/es\/#\/schema\/logo\/image\/"},"sameAs":["https:\/\/www.linkedin.com\/company\/isoclip\/"]}]}},"_links":{"self":[{"href":"https:\/\/www.isoclip.it\/es\/wp-json\/wp\/v2\/pages\/15017","targetHints":{"allow":["GET"]}}],"collection":[{"href":"https:\/\/www.isoclip.it\/es\/wp-json\/wp\/v2\/pages"}],"about":[{"href":"https:\/\/www.isoclip.it\/es\/wp-json\/wp\/v2\/types\/page"}],"author":[{"embeddable":true,"href":"https:\/\/www.isoclip.it\/es\/wp-json\/wp\/v2\/users\/1"}],"replies":[{"embeddable":true,"href":"https:\/\/www.isoclip.it\/es\/wp-json\/wp\/v2\/comments?post=15017"}],"version-history":[{"count":3,"href":"https:\/\/www.isoclip.it\/es\/wp-json\/wp\/v2\/pages\/15017\/revisions"}],"predecessor-version":[{"id":16261,"href":"https:\/\/www.isoclip.it\/es\/wp-json\/wp\/v2\/pages\/15017\/revisions\/16261"}],"wp:attachment":[{"href":"https:\/\/www.isoclip.it\/es\/wp-json\/wp\/v2\/media?parent=15017"}],"curies":[{"name":"wp","href":"https:\/\/api.w.org\/{rel}","templated":true}]}}