{"id":15063,"date":"2024-01-16T07:55:20","date_gmt":"2024-01-16T06:55:20","guid":{"rendered":"https:\/\/www.isoclip.it\/?page_id=15063"},"modified":"2024-08-05T12:11:49","modified_gmt":"2024-08-05T10:11:49","slug":"faq","status":"publish","type":"page","link":"https:\/\/www.isoclip.it\/es\/faq\/","title":{"rendered":"FAQ"},"content":{"rendered":"<div class=\"wpb-content-wrapper\"><p>[vc_row][vc_column el_align=\u00bbcenter\u00bb]<div class='dt-sc-title with-two-border aligncenter'><h2><strong>FAQ<\/strong><\/h2><\/div><div class=\"ult-spacer spacer-69e88b33c8409\" data-id=\"69e88b33c8409\" data-height=\"50\" data-height-mobile=\"50\" data-height-tab=\"50\" data-height-tab-portrait=\"\" data-height-mobile-landscape=\"\" style=\"clear:both;display:block;\"><\/div>[vc_column_text]<\/p>\n<h2 style=\"text-align: left;\"><strong>INSTALACI\u00d3N<\/strong><\/h2>\n<ul>\n<li style=\"text-align: left;\"><em>\u00bfPor qu\u00e9 instalar ISOCLIP\u00ae en lugar de un sistema de aislamiento exterior o una fachada ventilada?<\/em><\/li>\n<\/ul>\n<p style=\"text-align: left;\">Con ISOCLIP\u00ae tendr\u00e1s todas las ventajas de los sistemas de aislamiento tradicionales. Adem\u00e1s, podr\u00e1 contar con una velocidad de instalaci\u00f3n inigualable, una alta resistencia y un resultado est\u00e9tico que se mantiene inalterado en el tiempo.<\/p>\n<ul style=\"text-align: left;\">\n<li><em>\u00bfC\u00f3mo puedo instalar un panel ISOCLIP\u00ae en presencia de tuber\u00edas en la fachada exterior del edificio?<\/em><\/li>\n<\/ul>\n<p style=\"text-align: left;\">El panel aislante se puede moldear para contener tuber\u00edas y sistemas de cableado externos.<\/p>\n<ul style=\"text-align: left;\">\n<li><em>Come posso installare ISOCLIP\u00ae in prossimit\u00e0 di finestre?<\/em><\/li>\n<\/ul>\n<p style=\"text-align: left;\">\u00bfC\u00f3mo puedo instalar ISOCLIP\u00ae cerca de Windows?<\/p>\n<ul style=\"text-align: left;\">\n<li><em>\u00bfQu\u00e9 tipo de mantenimiento se requiere para el sistema ISOCLIP\u00ae?<\/em><\/li>\n<\/ul>\n<p style=\"text-align: left;\">Un panel aislante equipado con el sistema ISOCLIP\u00ae no requiere ning\u00fan mantenimiento ordinario. La capa exterior de gres porcel\u00e1nico resiste impactos, vandalismo y condiciones clim\u00e1ticas adversas. Tu hogar conservar\u00e1 toda su belleza inalterada con el tiempo.<\/p>\n<ul style=\"text-align: left;\">\n<li><em>\u00bfQui\u00e9n instala el sistema ISOCLIP\u00ae?<\/em><\/li>\n<\/ul>\n<p style=\"text-align: left;\">Conf\u00eda en un profesional cualificado. Junto al sistema ISOCLIP\u00ae suministramos todos los materiales consumibles necesarios para el montaje. Ll\u00e1manos para descubrir las empresas especializadas en la instalaci\u00f3n del sistema ISOCLIP\u00ae m\u00e1s cercanas a ti.<\/p>\n<ul style=\"text-align: left;\">\n<li><em>\u00bfC\u00f3mo se corta el panel ISOCLIP\u00ae?<\/em><\/li>\n<\/ul>\n<p style=\"text-align: left;\">La placa de gres porcel\u00e1nico se corta con el disco de diamante adecuado. Para cortar el panel aislante se necesita un hilo caliente o una sierra de carpintero com\u00fan.<\/p>\n<ul style=\"text-align: left;\">\n<li><em>\u00bfC\u00f3mo perforar el panel ISOCLIP\u00ae?<\/em><\/li>\n<\/ul>\n<p style=\"text-align: left;\">Para perforar agujeros de cualquier di\u00e1metro, utilice las brocas tubulares de diamante adecuadas. Evite el uso de un taladro percutor.<\/p>\n<p>[\/vc_column_text][vc_column_text]<\/p>\n<h2 style=\"text-align: left;\"><strong>T\u00c9CNICAS<\/strong><\/h2>\n<ul style=\"text-align: left;\">\n<li><em>\u00bfCu\u00e1nto pesa un panel ISOCLIP\u00ae?<\/em><\/li>\n<\/ul>\n<p style=\"text-align: left;\">Cada panel, compuesto por una capa aislante y una losa de gres porcel\u00e1nico, tiene un peso de entre 11 y 20 kg dependiendo del espesor del material cer\u00e1mico y del tipo de aislamiento elegido.<\/p>\n<ul style=\"text-align: left;\">\n<li><em>\u00bfCu\u00e1nto cuesta el trabajo de instalaci\u00f3n con ISOCLIP\u00ae?<\/em><\/li>\n<\/ul>\n<p style=\"text-align: left;\">Los trabajos de instalaci\u00f3n de los paneles aislantes t\u00e9rmicos ISOCLIP\u00ae son decididamente m\u00e1s c\u00f3modos que los necesarios para las fachadas ventiladas y los sistemas tradicionales de aislamiento exterior.<\/p>\n<ul style=\"text-align: left;\">\n<li><em>\u00bfPuedo elegir el revestimiento cer\u00e1mico de los paneles ISOCLIP\u00ae?<\/em><\/li>\n<\/ul>\n<p style=\"text-align: left;\">Los paneles aislantes t\u00e9rmicos ISOCLIP\u00ae est\u00e1n disponibles en 7 acabados diferentes para personalizar la fachada del edificio con la losa de gres porcel\u00e1nico de su elecci\u00f3n.<\/p>\n<ul style=\"text-align: left;\">\n<li><em>\u00bfLos paneles ISOCLIP\u00ae son resistentes al fuego?<\/em><\/li>\n<\/ul>\n<p style=\"text-align: left;\">ISOCLIP\u00ae se puede suministrar con diferentes tipos de material aislante con propiedades espec\u00edficas de reacci\u00f3n al fuego. La envolvente de gres porcel\u00e1nico que lo encierra mejora enormemente su resistencia al fuego, haci\u00e9ndolo resistente a las llamas abiertas, mientras que el aislamiento puede basarse en:<\/p>\n<ol>\n<li style=\"text-align: left;\">Lana de vidrio en Euroclase A2-S1, d0<\/li>\n<li style=\"text-align: left;\">Aerogel de s\u00edlice en Euroclase A2-S1, d0<\/li>\n<li style=\"text-align: left;\">EPS a\u00f1adido con grafito en Euroclase E (autoextinguible)<\/li>\n<\/ol>\n<ul>\n<li style=\"text-align: left;\"><em>\u00bfCu\u00e1nto cuesta ISOCLIP\u00ae?<\/em><\/li>\n<\/ul>\n<p style=\"text-align: left;\">Un sistema de aislamiento t\u00e9rmico ISOCLIP\u00ae cuesta menos que lo que requiere dise\u00f1ar una pared ventilada.<\/p>\n<ul style=\"text-align: left;\">\n<li><em>\u00bfCu\u00e1l es el espesor del panel aislante?<\/em><\/li>\n<\/ul>\n<p style=\"text-align: left;\">Dependiendo del tipo de aislamiento elegido, el espesor var\u00eda de la siguiente manera:<\/p>\n<ol>\n<li style=\"text-align: left;\">Lana de vidrio disponible en espesores de 80 a 160 mm<\/li>\n<li style=\"text-align: left;\">Panel de aerogel de s\u00edlice disponible en espesores de 10 a 60 mm<\/li>\n<li style=\"text-align: left;\">Panel de EPS disponible en espesores de 80 a 160 mm.<\/li>\n<\/ol>\n<ul style=\"text-align: left;\">\n<li><em>\u00bfPuedo elegir la superficie de gres porcel\u00e1nico que prefiero?<\/em><\/li>\n<\/ul>\n<p style=\"text-align: left;\">El sistema de aislamiento t\u00e9rmico ISOCLIP\u00ae tiene siete superficies est\u00e1ndar para elegir. Otros acabados est\u00e9ticos se suministran bajo pedido.<\/p>\n<ul style=\"text-align: left;\">\n<li><em>\u00bfCu\u00e1les son los tiempos de entrega?<\/em><\/li>\n<\/ul>\n<p style=\"text-align: left;\">Las entregas de hasta 2.000 paneles tardan entre 30 y 60 d\u00edas. En el caso de cantidades superiores, el plazo de entrega es de 90 d\u00edas desde la confirmaci\u00f3n del pedido.<\/p>\n<ul style=\"text-align: left;\">\n<li><em>\u00bfQu\u00e9 formatos est\u00e1n disponibles?<\/em><\/li>\n<\/ul>\n<p style=\"text-align: left;\">El panel ISOCLIP\u00ae se fabrica en formato \u00fanico de 600 x 1200 mm. El revestimiento de gres porcel\u00e1nico tiene un espesor variable de 6 o 9 mm.<\/p>\n<p>[\/vc_column_text][vc_column_text]<\/p>\n<h2 style=\"text-align: left;\"><strong>ART\u00cdCULOS DE ESPECIFICACI\u00d3N<\/strong><\/h2>\n<p style=\"text-align: left;\">EPS<\/p>\n<p style=\"text-align: left;\">\u201cAislamiento t\u00e9rmico de paredes exteriores realizado con paneles Isoclip\u00ae de 600 x 1200 mm compuestos de EPS de alta densidad con adici\u00f3n de grafito, con resistencia al fuego Euroclase E seg\u00fan DIN 13501-1, conductividad t\u00e9rmica de 0,031 W\/mK seg\u00fan UNI EN 12667, de varios espesores y gres porcel\u00e1nico de 6 o 9 mm de espesor encolado y fijado mec\u00e1nicamente con clips de fijaci\u00f3n de acero inoxidable de 1 mm de espesor, con instalaci\u00f3n mediante mortero de cemento monocomponente para el pegado de paneles aislantes t\u00e9rmicos para sistemas de aislamiento exterior, fijaci\u00f3n de los ganchos con pernos de expansi\u00f3n e inserci\u00f3n de niveladores para regularizar la superficie cer\u00e1mica. Completo con imprimaci\u00f3n y sellado de juntas\u201d.<\/p>\n<p style=\"text-align: left;\">FIBRA DE VIDRIO<\/p>\n<p style=\"text-align: left;\">\u201cAislamiento t\u00e9rmico de paredes exteriores realizado con paneles Isoclip\u00ae de 600 x 1200 mm de lana de vidrio, con resistencia al fuego Euroclase A2-S1, d0 seg\u00fan DIN 13501-1, conductividad t\u00e9rmica de 0,037 W\/mK seg\u00fan UNI EN 12667, de varios espesores y gres porcel\u00e1nico de 6 o 9 mm de espesor encolado y fijado mec\u00e1nicamente con clips de fijaci\u00f3n de acero inoxidable de 1 mm de espesor, con instalaci\u00f3n mediante mortero de cemento monocomponente para el pegado de paneles termoaislantes para sistemas de aislamiento exterior, fijaci\u00f3n de los ganchos con pernos de expansi\u00f3n e inserci\u00f3n de niveladores para regularizar la superficie cer\u00e1mica. Completo con imprimaci\u00f3n y sellado de juntas\u201d.<\/p>\n<p style=\"text-align: left;\">AEROGEL<\/p>\n<p style=\"text-align: left;\">\u201cAislamiento t\u00e9rmico de paredes exteriores realizado con paneles Isoclip\u00ae de 600 x 1200 mm compuestos de aerogel de s\u00edlice, con resistencia al fuego Euroclase A2-S1, d0 seg\u00fan DIN 13501-1, conductividad t\u00e9rmica de 0,016 W\/mK seg\u00fan UNI EN 12667, de varios espesores y gres porcel\u00e1nico de 6 o 9 mm de espesor encolado y fijado mec\u00e1nicamente con clips de fijaci\u00f3n de acero inoxidable de 1 mm de espesor, con instalaci\u00f3n mediante mortero de cemento monocomponente para el pegado de paneles termoaislantes para sistemas de aislamiento exterior, fijaci\u00f3n de los ganchos con pernos de expansi\u00f3n e inserci\u00f3n de niveladores para regularizar la superficie cer\u00e1mica. Completo con imprimaci\u00f3n y sellado de juntas\u201d.<\/p>\n<p>[\/vc_column_text][\/vc_column][\/vc_row]<\/p>\n<\/div>","protected":false},"excerpt":{"rendered":"<p>[vc_row][vc_column el_align=\u00bbcenter\u00bb][vc_column_text] INSTALACI\u00d3N \u00bfPor qu\u00e9 instalar ISOCLIP\u00ae en lugar de un sistema de aislamiento exterior o una fachada ventilada? Con ISOCLIP\u00ae tendr\u00e1s todas las ventajas de los sistemas de aislamiento tradicionales. Adem\u00e1s, podr\u00e1 contar con una velocidad de instalaci\u00f3n inigualable, una alta resistencia y un resultado est\u00e9tico que se mantiene inalterado en el tiempo. \u00bfC\u00f3mo [&hellip;]<\/p>\n","protected":false},"author":1,"featured_media":0,"parent":0,"menu_order":0,"comment_status":"closed","ping_status":"closed","template":"","meta":{"rs_blank_template":"","rs_page_bg_color":"","slide_template_v7":"","footnotes":""},"class_list":["post-15063","page","type-page","status-publish","hentry"],"yoast_head":"<!-- This site is optimized with the Yoast SEO plugin v27.4 - https:\/\/yoast.com\/product\/yoast-seo-wordpress\/ -->\n<title>FAQ - Isoclip<\/title>\n<meta name=\"description\" content=\"Preguntas frecuentes sobre Isoclip\u00ae: se incluyen respuestas a las preguntas frecuentes para aclarar las dudas m\u00e1s comunes. \u00bfNo encuentra la respuesta? \u00a1Cont\u00e1ctenos!\" \/>\n<meta name=\"robots\" content=\"index, follow, max-snippet:-1, max-image-preview:large, max-video-preview:-1\" \/>\n<link rel=\"canonical\" href=\"https:\/\/www.isoclip.it\/es\/faq\/\" \/>\n<meta property=\"og:locale\" content=\"es_ES\" \/>\n<meta property=\"og:type\" content=\"article\" \/>\n<meta property=\"og:title\" content=\"FAQ - Isoclip\" \/>\n<meta property=\"og:description\" content=\"Preguntas frecuentes sobre Isoclip\u00ae: se incluyen respuestas a las preguntas frecuentes para aclarar las dudas m\u00e1s comunes. \u00bfNo encuentra la respuesta? \u00a1Cont\u00e1ctenos!\" \/>\n<meta property=\"og:url\" content=\"https:\/\/www.isoclip.it\/es\/faq\/\" \/>\n<meta property=\"og:site_name\" content=\"Isoclip\" \/>\n<meta property=\"article:modified_time\" content=\"2024-08-05T10:11:49+00:00\" \/>\n<meta property=\"og:image\" content=\"https:\/\/www.isoclip.it\/wp-content\/uploads\/2024\/01\/Isoclip-prime-icone.jpg\" \/>\n\t<meta property=\"og:image:width\" content=\"1920\" \/>\n\t<meta property=\"og:image:height\" content=\"1079\" \/>\n\t<meta property=\"og:image:type\" content=\"image\/jpeg\" \/>\n<meta name=\"twitter:card\" content=\"summary_large_image\" \/>\n<meta name=\"twitter:label1\" content=\"Tiempo de lectura\" \/>\n\t<meta name=\"twitter:data1\" content=\"6 minutos\" \/>\n<script type=\"application\/ld+json\" class=\"yoast-schema-graph\">{\"@context\":\"https:\\\/\\\/schema.org\",\"@graph\":[{\"@type\":\"WebPage\",\"@id\":\"https:\\\/\\\/www.isoclip.it\\\/es\\\/faq\\\/\",\"url\":\"https:\\\/\\\/www.isoclip.it\\\/es\\\/faq\\\/\",\"name\":\"FAQ - Isoclip\",\"isPartOf\":{\"@id\":\"https:\\\/\\\/www.isoclip.it\\\/es\\\/#website\"},\"datePublished\":\"2024-01-16T06:55:20+00:00\",\"dateModified\":\"2024-08-05T10:11:49+00:00\",\"description\":\"Preguntas frecuentes sobre Isoclip\u00ae: se incluyen respuestas a las preguntas frecuentes para aclarar las dudas m\u00e1s comunes. \u00bfNo encuentra la respuesta? \u00a1Cont\u00e1ctenos!\",\"breadcrumb\":{\"@id\":\"https:\\\/\\\/www.isoclip.it\\\/es\\\/faq\\\/#breadcrumb\"},\"inLanguage\":\"es\",\"potentialAction\":[{\"@type\":\"ReadAction\",\"target\":[\"https:\\\/\\\/www.isoclip.it\\\/es\\\/faq\\\/\"]}]},{\"@type\":\"BreadcrumbList\",\"@id\":\"https:\\\/\\\/www.isoclip.it\\\/es\\\/faq\\\/#breadcrumb\",\"itemListElement\":[{\"@type\":\"ListItem\",\"position\":1,\"name\":\"Home\",\"item\":\"https:\\\/\\\/www.isoclip.it\\\/es\\\/\"},{\"@type\":\"ListItem\",\"position\":2,\"name\":\"FAQ\"}]},{\"@type\":\"WebSite\",\"@id\":\"https:\\\/\\\/www.isoclip.it\\\/es\\\/#website\",\"url\":\"https:\\\/\\\/www.isoclip.it\\\/es\\\/\",\"name\":\"Isoclip\",\"description\":\"Esth\u00e9tique et isolation sur mesure pour vous !\",\"publisher\":{\"@id\":\"https:\\\/\\\/www.isoclip.it\\\/es\\\/#organization\"},\"potentialAction\":[{\"@type\":\"SearchAction\",\"target\":{\"@type\":\"EntryPoint\",\"urlTemplate\":\"https:\\\/\\\/www.isoclip.it\\\/es\\\/?s={search_term_string}\"},\"query-input\":{\"@type\":\"PropertyValueSpecification\",\"valueRequired\":true,\"valueName\":\"search_term_string\"}}],\"inLanguage\":\"es\"},{\"@type\":\"Organization\",\"@id\":\"https:\\\/\\\/www.isoclip.it\\\/es\\\/#organization\",\"name\":\"Isoclip\",\"url\":\"https:\\\/\\\/www.isoclip.it\\\/es\\\/\",\"logo\":{\"@type\":\"ImageObject\",\"inLanguage\":\"es\",\"@id\":\"https:\\\/\\\/www.isoclip.it\\\/es\\\/#\\\/schema\\\/logo\\\/image\\\/\",\"url\":\"https:\\\/\\\/www.isoclip.it\\\/wp-content\\\/uploads\\\/2024\\\/01\\\/Isoclip-logo.png\",\"contentUrl\":\"https:\\\/\\\/www.isoclip.it\\\/wp-content\\\/uploads\\\/2024\\\/01\\\/Isoclip-logo.png\",\"width\":930,\"height\":300,\"caption\":\"Isoclip\"},\"image\":{\"@id\":\"https:\\\/\\\/www.isoclip.it\\\/es\\\/#\\\/schema\\\/logo\\\/image\\\/\"},\"sameAs\":[\"https:\\\/\\\/www.linkedin.com\\\/company\\\/isoclip\\\/\"]}]}<\/script>\n<!-- \/ Yoast SEO plugin. -->","yoast_head_json":{"title":"FAQ - Isoclip","description":"Preguntas frecuentes sobre Isoclip\u00ae: se incluyen respuestas a las preguntas frecuentes para aclarar las dudas m\u00e1s comunes. \u00bfNo encuentra la respuesta? \u00a1Cont\u00e1ctenos!","robots":{"index":"index","follow":"follow","max-snippet":"max-snippet:-1","max-image-preview":"max-image-preview:large","max-video-preview":"max-video-preview:-1"},"canonical":"https:\/\/www.isoclip.it\/es\/faq\/","og_locale":"es_ES","og_type":"article","og_title":"FAQ - Isoclip","og_description":"Preguntas frecuentes sobre Isoclip\u00ae: se incluyen respuestas a las preguntas frecuentes para aclarar las dudas m\u00e1s comunes. \u00bfNo encuentra la respuesta? \u00a1Cont\u00e1ctenos!","og_url":"https:\/\/www.isoclip.it\/es\/faq\/","og_site_name":"Isoclip","article_modified_time":"2024-08-05T10:11:49+00:00","og_image":[{"width":1920,"height":1079,"url":"https:\/\/www.isoclip.it\/wp-content\/uploads\/2024\/01\/Isoclip-prime-icone.jpg","type":"image\/jpeg"}],"twitter_card":"summary_large_image","twitter_misc":{"Tiempo de lectura":"6 minutos"},"schema":{"@context":"https:\/\/schema.org","@graph":[{"@type":"WebPage","@id":"https:\/\/www.isoclip.it\/es\/faq\/","url":"https:\/\/www.isoclip.it\/es\/faq\/","name":"FAQ - Isoclip","isPartOf":{"@id":"https:\/\/www.isoclip.it\/es\/#website"},"datePublished":"2024-01-16T06:55:20+00:00","dateModified":"2024-08-05T10:11:49+00:00","description":"Preguntas frecuentes sobre Isoclip\u00ae: se incluyen respuestas a las preguntas frecuentes para aclarar las dudas m\u00e1s comunes. \u00bfNo encuentra la respuesta? \u00a1Cont\u00e1ctenos!","breadcrumb":{"@id":"https:\/\/www.isoclip.it\/es\/faq\/#breadcrumb"},"inLanguage":"es","potentialAction":[{"@type":"ReadAction","target":["https:\/\/www.isoclip.it\/es\/faq\/"]}]},{"@type":"BreadcrumbList","@id":"https:\/\/www.isoclip.it\/es\/faq\/#breadcrumb","itemListElement":[{"@type":"ListItem","position":1,"name":"Home","item":"https:\/\/www.isoclip.it\/es\/"},{"@type":"ListItem","position":2,"name":"FAQ"}]},{"@type":"WebSite","@id":"https:\/\/www.isoclip.it\/es\/#website","url":"https:\/\/www.isoclip.it\/es\/","name":"Isoclip","description":"Esth\u00e9tique et isolation sur mesure pour vous !","publisher":{"@id":"https:\/\/www.isoclip.it\/es\/#organization"},"potentialAction":[{"@type":"SearchAction","target":{"@type":"EntryPoint","urlTemplate":"https:\/\/www.isoclip.it\/es\/?s={search_term_string}"},"query-input":{"@type":"PropertyValueSpecification","valueRequired":true,"valueName":"search_term_string"}}],"inLanguage":"es"},{"@type":"Organization","@id":"https:\/\/www.isoclip.it\/es\/#organization","name":"Isoclip","url":"https:\/\/www.isoclip.it\/es\/","logo":{"@type":"ImageObject","inLanguage":"es","@id":"https:\/\/www.isoclip.it\/es\/#\/schema\/logo\/image\/","url":"https:\/\/www.isoclip.it\/wp-content\/uploads\/2024\/01\/Isoclip-logo.png","contentUrl":"https:\/\/www.isoclip.it\/wp-content\/uploads\/2024\/01\/Isoclip-logo.png","width":930,"height":300,"caption":"Isoclip"},"image":{"@id":"https:\/\/www.isoclip.it\/es\/#\/schema\/logo\/image\/"},"sameAs":["https:\/\/www.linkedin.com\/company\/isoclip\/"]}]}},"_links":{"self":[{"href":"https:\/\/www.isoclip.it\/es\/wp-json\/wp\/v2\/pages\/15063","targetHints":{"allow":["GET"]}}],"collection":[{"href":"https:\/\/www.isoclip.it\/es\/wp-json\/wp\/v2\/pages"}],"about":[{"href":"https:\/\/www.isoclip.it\/es\/wp-json\/wp\/v2\/types\/page"}],"author":[{"embeddable":true,"href":"https:\/\/www.isoclip.it\/es\/wp-json\/wp\/v2\/users\/1"}],"replies":[{"embeddable":true,"href":"https:\/\/www.isoclip.it\/es\/wp-json\/wp\/v2\/comments?post=15063"}],"version-history":[{"count":0,"href":"https:\/\/www.isoclip.it\/es\/wp-json\/wp\/v2\/pages\/15063\/revisions"}],"wp:attachment":[{"href":"https:\/\/www.isoclip.it\/es\/wp-json\/wp\/v2\/media?parent=15063"}],"curies":[{"name":"wp","href":"https:\/\/api.w.org\/{rel}","templated":true}]}}