{"id":16072,"date":"2025-09-09T11:49:07","date_gmt":"2025-09-09T09:49:07","guid":{"rendered":"https:\/\/www.isoclip.it\/productos\/isoclip\/"},"modified":"2025-12-02T17:14:09","modified_gmt":"2025-12-02T16:14:09","slug":"isoclip","status":"publish","type":"page","link":"https:\/\/www.isoclip.it\/es\/productos\/isoclip\/","title":{"rendered":"ISOCLIP\u00ae"},"content":{"rendered":"<div class=\"wpb-content-wrapper\"><p>[vc_row][vc_column width=\u00bb1\/3&#8243;][vc_single_image image=\u00bb11628&#8243; img_size=\u00bblarge\u00bb alignment=\u00bbcenter\u00bb onclick=\u00bbcustom_link\u00bb css_animation=\u00bbfadeIn\u00bb css=\u00bb\u00bb link=\u00bbhttps:\/\/www.isoclip.it\/es\/productos\/isoclip\/isoclip-con-aislamiento-de-aerogel\/\u00bb][vc_column_text css=\u00bb\u00bb]<\/p>\n<h3 style=\"text-align: center;\"><a href=\"https:\/\/www.isoclip.it\/es\/productos\/isoclip\/isoclip-con-aislamiento-de-aerogel\/\">ISOCLIP\u00ae con aislamiento de Aerogel<\/a><\/h3>\n<p>[\/vc_column_text][\/vc_column][vc_column width=\u00bb1\/3&#8243;][vc_single_image image=\u00bb11634&#8243; img_size=\u00bblarge\u00bb alignment=\u00bbcenter\u00bb onclick=\u00bbcustom_link\u00bb css_animation=\u00bbfadeIn\u00bb css=\u00bb\u00bb link=\u00bbhttps:\/\/www.isoclip.it\/es\/productos\/isoclip\/isoclip-con-aislamiento-eps\/\u00bb][vc_column_text css=\u00bb\u00bb]<\/p>\n<h3 style=\"text-align: center;\"><a href=\"https:\/\/www.isoclip.it\/es\/productos\/isoclip\/isoclip-con-aislamiento-eps\/\">ISOCLIP\u00ae con aislamiento EPS<\/a><\/h3>\n<p>[\/vc_column_text][\/vc_column][vc_column width=\u00bb1\/3&#8243;][vc_single_image image=\u00bb11641&#8243; img_size=\u00bblarge\u00bb alignment=\u00bbcenter\u00bb onclick=\u00bbcustom_link\u00bb css_animation=\u00bbfadeIn\u00bb css=\u00bb\u00bb link=\u00bbhttps:\/\/www.isoclip.it\/es\/productos\/isoclip\/isoclip-con-aislamiento-de-lana-de-vidrio\/\u00bb][vc_column_text css=\u00bb\u00bb]<\/p>\n<h3 style=\"text-align: center;\"><a href=\"https:\/\/www.isoclip.it\/es\/productos\/isoclip\/isoclip-con-aislamiento-de-lana-de-vidrio\/\">ISOCLIP\u00ae con aislamiento de lana de vidrio<\/a><\/h3>\n<p>[\/vc_column_text][\/vc_column][\/vc_row][vc_row][vc_column][vc_btn title=\u00bbBIM OBJECT\u00bb style=\u00bb3d\u00bb color=\u00bbsuccess\u00bb size=\u00bblg\u00bb align=\u00bbcenter\u00bb css=\u00bb\u00bb link=\u00bburl:https%3A%2F%2Fwww.bimobject.com%2Fes%2Faeropan%3Flocation%3Dit\u00bb][\/vc_column][\/vc_row]<\/p>\n<\/div>","protected":false},"excerpt":{"rendered":"<p>[vc_row][vc_column width=\u00bb1\/3&#8243;][vc_single_image image=\u00bb11628&#8243; img_size=\u00bblarge\u00bb alignment=\u00bbcenter\u00bb onclick=\u00bbcustom_link\u00bb css_animation=\u00bbfadeIn\u00bb css=\u00bb\u00bb link=\u00bbhttps:\/\/www.isoclip.it\/es\/productos\/isoclip\/isoclip-con-aislamiento-de-aerogel\/\u00bb][vc_column_text css=\u00bb\u00bb] ISOCLIP\u00ae con aislamiento de Aerogel [\/vc_column_text][\/vc_column][vc_column width=\u00bb1\/3&#8243;][vc_single_image image=\u00bb11634&#8243; img_size=\u00bblarge\u00bb alignment=\u00bbcenter\u00bb onclick=\u00bbcustom_link\u00bb css_animation=\u00bbfadeIn\u00bb css=\u00bb\u00bb link=\u00bbhttps:\/\/www.isoclip.it\/es\/productos\/isoclip\/isoclip-con-aislamiento-eps\/\u00bb][vc_column_text css=\u00bb\u00bb] ISOCLIP\u00ae con aislamiento EPS [\/vc_column_text][\/vc_column][vc_column width=\u00bb1\/3&#8243;][vc_single_image image=\u00bb11641&#8243; img_size=\u00bblarge\u00bb alignment=\u00bbcenter\u00bb onclick=\u00bbcustom_link\u00bb css_animation=\u00bbfadeIn\u00bb css=\u00bb\u00bb link=\u00bbhttps:\/\/www.isoclip.it\/es\/productos\/isoclip\/isoclip-con-aislamiento-de-lana-de-vidrio\/\u00bb][vc_column_text css=\u00bb\u00bb] ISOCLIP\u00ae con aislamiento de lana de vidrio [\/vc_column_text][\/vc_column][\/vc_row][vc_row][vc_column][vc_btn title=\u00bbBIM OBJECT\u00bb style=\u00bb3d\u00bb color=\u00bbsuccess\u00bb size=\u00bblg\u00bb align=\u00bbcenter\u00bb css=\u00bb\u00bb link=\u00bburl:https%3A%2F%2Fwww.bimobject.com%2Fes%2Faeropan%3Flocation%3Dit\u00bb][\/vc_column][\/vc_row]<\/p>\n","protected":false},"author":3,"featured_media":0,"parent":16002,"menu_order":0,"comment_status":"closed","ping_status":"closed","template":"","meta":{"rs_blank_template":"","rs_page_bg_color":"","slide_template_v7":"","footnotes":""},"class_list":["post-16072","page","type-page","status-publish","hentry"],"yoast_head":"<!-- This site is optimized with the Yoast SEO plugin v27.4 - https:\/\/yoast.com\/product\/yoast-seo-wordpress\/ -->\n<title>ISOCLIP\u00ae - Isoclip<\/title>\n<meta name=\"description\" content=\"Descubra ISOCLIP\u00ae, el sistema de aislamiento t\u00e9rmico que revoluciona el concepto de aislamiento exterior. M\u00e1xima eficiencia energ\u00e9tica, r\u00e1pida instalaci\u00f3n y un acabado impecable para un confort superior.\" \/>\n<meta name=\"robots\" content=\"index, follow, max-snippet:-1, max-image-preview:large, max-video-preview:-1\" \/>\n<link rel=\"canonical\" href=\"https:\/\/www.isoclip.it\/es\/productos\/isoclip\/\" \/>\n<meta property=\"og:locale\" content=\"es_ES\" \/>\n<meta property=\"og:type\" content=\"article\" \/>\n<meta property=\"og:title\" content=\"ISOCLIP\u00ae - Isoclip\" \/>\n<meta property=\"og:description\" content=\"Descubra ISOCLIP\u00ae, el sistema de aislamiento t\u00e9rmico que revoluciona el concepto de aislamiento exterior. M\u00e1xima eficiencia energ\u00e9tica, r\u00e1pida instalaci\u00f3n y un acabado impecable para un confort superior.\" \/>\n<meta property=\"og:url\" content=\"https:\/\/www.isoclip.it\/es\/productos\/isoclip\/\" \/>\n<meta property=\"og:site_name\" content=\"Isoclip\" \/>\n<meta property=\"article:modified_time\" content=\"2025-12-02T16:14:09+00:00\" \/>\n<meta property=\"og:image\" content=\"https:\/\/www.isoclip.it\/wp-content\/uploads\/2024\/01\/Isoclip-prime-icone.jpg\" \/>\n\t<meta property=\"og:image:width\" content=\"1920\" \/>\n\t<meta property=\"og:image:height\" content=\"1079\" \/>\n\t<meta property=\"og:image:type\" content=\"image\/jpeg\" \/>\n<meta name=\"twitter:card\" content=\"summary_large_image\" \/>\n<meta name=\"twitter:label1\" content=\"Tiempo de lectura\" \/>\n\t<meta name=\"twitter:data1\" content=\"1 minuto\" \/>\n<script type=\"application\/ld+json\" class=\"yoast-schema-graph\">{\"@context\":\"https:\\\/\\\/schema.org\",\"@graph\":[{\"@type\":\"WebPage\",\"@id\":\"https:\\\/\\\/www.isoclip.it\\\/es\\\/productos\\\/isoclip\\\/\",\"url\":\"https:\\\/\\\/www.isoclip.it\\\/es\\\/productos\\\/isoclip\\\/\",\"name\":\"ISOCLIP\u00ae - Isoclip\",\"isPartOf\":{\"@id\":\"https:\\\/\\\/www.isoclip.it\\\/es\\\/#website\"},\"datePublished\":\"2025-09-09T09:49:07+00:00\",\"dateModified\":\"2025-12-02T16:14:09+00:00\",\"description\":\"Descubra ISOCLIP\u00ae, el sistema de aislamiento t\u00e9rmico que revoluciona el concepto de aislamiento exterior. M\u00e1xima eficiencia energ\u00e9tica, r\u00e1pida instalaci\u00f3n y un acabado impecable para un confort superior.\",\"breadcrumb\":{\"@id\":\"https:\\\/\\\/www.isoclip.it\\\/es\\\/productos\\\/isoclip\\\/#breadcrumb\"},\"inLanguage\":\"es\",\"potentialAction\":[{\"@type\":\"ReadAction\",\"target\":[\"https:\\\/\\\/www.isoclip.it\\\/es\\\/productos\\\/isoclip\\\/\"]}]},{\"@type\":\"BreadcrumbList\",\"@id\":\"https:\\\/\\\/www.isoclip.it\\\/es\\\/productos\\\/isoclip\\\/#breadcrumb\",\"itemListElement\":[{\"@type\":\"ListItem\",\"position\":1,\"name\":\"Home\",\"item\":\"https:\\\/\\\/www.isoclip.it\\\/es\\\/\"},{\"@type\":\"ListItem\",\"position\":2,\"name\":\"Productos\",\"item\":\"https:\\\/\\\/www.isoclip.it\\\/es\\\/productos\\\/\"},{\"@type\":\"ListItem\",\"position\":3,\"name\":\"ISOCLIP\u00ae\"}]},{\"@type\":\"WebSite\",\"@id\":\"https:\\\/\\\/www.isoclip.it\\\/es\\\/#website\",\"url\":\"https:\\\/\\\/www.isoclip.it\\\/es\\\/\",\"name\":\"Isoclip\",\"description\":\"Esth\u00e9tique et isolation sur mesure pour vous !\",\"publisher\":{\"@id\":\"https:\\\/\\\/www.isoclip.it\\\/es\\\/#organization\"},\"potentialAction\":[{\"@type\":\"SearchAction\",\"target\":{\"@type\":\"EntryPoint\",\"urlTemplate\":\"https:\\\/\\\/www.isoclip.it\\\/es\\\/?s={search_term_string}\"},\"query-input\":{\"@type\":\"PropertyValueSpecification\",\"valueRequired\":true,\"valueName\":\"search_term_string\"}}],\"inLanguage\":\"es\"},{\"@type\":\"Organization\",\"@id\":\"https:\\\/\\\/www.isoclip.it\\\/es\\\/#organization\",\"name\":\"Isoclip\",\"url\":\"https:\\\/\\\/www.isoclip.it\\\/es\\\/\",\"logo\":{\"@type\":\"ImageObject\",\"inLanguage\":\"es\",\"@id\":\"https:\\\/\\\/www.isoclip.it\\\/es\\\/#\\\/schema\\\/logo\\\/image\\\/\",\"url\":\"https:\\\/\\\/www.isoclip.it\\\/wp-content\\\/uploads\\\/2024\\\/01\\\/Isoclip-logo.png\",\"contentUrl\":\"https:\\\/\\\/www.isoclip.it\\\/wp-content\\\/uploads\\\/2024\\\/01\\\/Isoclip-logo.png\",\"width\":930,\"height\":300,\"caption\":\"Isoclip\"},\"image\":{\"@id\":\"https:\\\/\\\/www.isoclip.it\\\/es\\\/#\\\/schema\\\/logo\\\/image\\\/\"},\"sameAs\":[\"https:\\\/\\\/www.linkedin.com\\\/company\\\/isoclip\\\/\"]}]}<\/script>\n<!-- \/ Yoast SEO plugin. -->","yoast_head_json":{"title":"ISOCLIP\u00ae - Isoclip","description":"Descubra ISOCLIP\u00ae, el sistema de aislamiento t\u00e9rmico que revoluciona el concepto de aislamiento exterior. M\u00e1xima eficiencia energ\u00e9tica, r\u00e1pida instalaci\u00f3n y un acabado impecable para un confort superior.","robots":{"index":"index","follow":"follow","max-snippet":"max-snippet:-1","max-image-preview":"max-image-preview:large","max-video-preview":"max-video-preview:-1"},"canonical":"https:\/\/www.isoclip.it\/es\/productos\/isoclip\/","og_locale":"es_ES","og_type":"article","og_title":"ISOCLIP\u00ae - Isoclip","og_description":"Descubra ISOCLIP\u00ae, el sistema de aislamiento t\u00e9rmico que revoluciona el concepto de aislamiento exterior. M\u00e1xima eficiencia energ\u00e9tica, r\u00e1pida instalaci\u00f3n y un acabado impecable para un confort superior.","og_url":"https:\/\/www.isoclip.it\/es\/productos\/isoclip\/","og_site_name":"Isoclip","article_modified_time":"2025-12-02T16:14:09+00:00","og_image":[{"width":1920,"height":1079,"url":"https:\/\/www.isoclip.it\/wp-content\/uploads\/2024\/01\/Isoclip-prime-icone.jpg","type":"image\/jpeg"}],"twitter_card":"summary_large_image","twitter_misc":{"Tiempo de lectura":"1 minuto"},"schema":{"@context":"https:\/\/schema.org","@graph":[{"@type":"WebPage","@id":"https:\/\/www.isoclip.it\/es\/productos\/isoclip\/","url":"https:\/\/www.isoclip.it\/es\/productos\/isoclip\/","name":"ISOCLIP\u00ae - Isoclip","isPartOf":{"@id":"https:\/\/www.isoclip.it\/es\/#website"},"datePublished":"2025-09-09T09:49:07+00:00","dateModified":"2025-12-02T16:14:09+00:00","description":"Descubra ISOCLIP\u00ae, el sistema de aislamiento t\u00e9rmico que revoluciona el concepto de aislamiento exterior. M\u00e1xima eficiencia energ\u00e9tica, r\u00e1pida instalaci\u00f3n y un acabado impecable para un confort superior.","breadcrumb":{"@id":"https:\/\/www.isoclip.it\/es\/productos\/isoclip\/#breadcrumb"},"inLanguage":"es","potentialAction":[{"@type":"ReadAction","target":["https:\/\/www.isoclip.it\/es\/productos\/isoclip\/"]}]},{"@type":"BreadcrumbList","@id":"https:\/\/www.isoclip.it\/es\/productos\/isoclip\/#breadcrumb","itemListElement":[{"@type":"ListItem","position":1,"name":"Home","item":"https:\/\/www.isoclip.it\/es\/"},{"@type":"ListItem","position":2,"name":"Productos","item":"https:\/\/www.isoclip.it\/es\/productos\/"},{"@type":"ListItem","position":3,"name":"ISOCLIP\u00ae"}]},{"@type":"WebSite","@id":"https:\/\/www.isoclip.it\/es\/#website","url":"https:\/\/www.isoclip.it\/es\/","name":"Isoclip","description":"Esth\u00e9tique et isolation sur mesure pour vous !","publisher":{"@id":"https:\/\/www.isoclip.it\/es\/#organization"},"potentialAction":[{"@type":"SearchAction","target":{"@type":"EntryPoint","urlTemplate":"https:\/\/www.isoclip.it\/es\/?s={search_term_string}"},"query-input":{"@type":"PropertyValueSpecification","valueRequired":true,"valueName":"search_term_string"}}],"inLanguage":"es"},{"@type":"Organization","@id":"https:\/\/www.isoclip.it\/es\/#organization","name":"Isoclip","url":"https:\/\/www.isoclip.it\/es\/","logo":{"@type":"ImageObject","inLanguage":"es","@id":"https:\/\/www.isoclip.it\/es\/#\/schema\/logo\/image\/","url":"https:\/\/www.isoclip.it\/wp-content\/uploads\/2024\/01\/Isoclip-logo.png","contentUrl":"https:\/\/www.isoclip.it\/wp-content\/uploads\/2024\/01\/Isoclip-logo.png","width":930,"height":300,"caption":"Isoclip"},"image":{"@id":"https:\/\/www.isoclip.it\/es\/#\/schema\/logo\/image\/"},"sameAs":["https:\/\/www.linkedin.com\/company\/isoclip\/"]}]}},"_links":{"self":[{"href":"https:\/\/www.isoclip.it\/es\/wp-json\/wp\/v2\/pages\/16072","targetHints":{"allow":["GET"]}}],"collection":[{"href":"https:\/\/www.isoclip.it\/es\/wp-json\/wp\/v2\/pages"}],"about":[{"href":"https:\/\/www.isoclip.it\/es\/wp-json\/wp\/v2\/types\/page"}],"author":[{"embeddable":true,"href":"https:\/\/www.isoclip.it\/es\/wp-json\/wp\/v2\/users\/3"}],"replies":[{"embeddable":true,"href":"https:\/\/www.isoclip.it\/es\/wp-json\/wp\/v2\/comments?post=16072"}],"version-history":[{"count":16,"href":"https:\/\/www.isoclip.it\/es\/wp-json\/wp\/v2\/pages\/16072\/revisions"}],"predecessor-version":[{"id":16527,"href":"https:\/\/www.isoclip.it\/es\/wp-json\/wp\/v2\/pages\/16072\/revisions\/16527"}],"up":[{"embeddable":true,"href":"https:\/\/www.isoclip.it\/es\/wp-json\/wp\/v2\/pages\/16002"}],"wp:attachment":[{"href":"https:\/\/www.isoclip.it\/es\/wp-json\/wp\/v2\/media?parent=16072"}],"curies":[{"name":"wp","href":"https:\/\/api.w.org\/{rel}","templated":true}]}}