{"id":16080,"date":"2025-09-09T11:55:07","date_gmt":"2025-09-09T09:55:07","guid":{"rendered":"https:\/\/www.isoclip.it\/productos\/isoclip\/isoclip-con-aislamiento-de-aerogel\/"},"modified":"2025-10-15T10:24:18","modified_gmt":"2025-10-15T08:24:18","slug":"isoclip-con-aislamiento-de-aerogel","status":"publish","type":"page","link":"https:\/\/www.isoclip.it\/es\/productos\/isoclip\/isoclip-con-aislamiento-de-aerogel\/","title":{"rendered":"ISOCLIP\u00ae con aislamiento de Aerogel"},"content":{"rendered":"<div class=\"wpb-content-wrapper\"><p>[vc_row][vc_column width=\u00bb1\/3&#8243;][vc_images_carousel images=\u00bb11082,11656&#8243; img_size=\u00bbfull\u00bb autoplay=\u00bbyes\u00bb hide_pagination_control=\u00bbyes\u00bb wrap=\u00bbyes\u00bb css=\u00bb\u00bb][\/vc_column][vc_column width=\u00bb2\/3&#8243;][vc_column_text css=\u00bb\u00bb]<\/p>\n<h1 class=\"product_title entry-title\">ISOCLIP\u00ae con aislamiento de Aerogel<\/h1>\n<div class=\"woocommerce-product-details__short-description\">\n<p>IISOCLIP\u00ae con aislamiento\u00a0<strong><a href=\"https:\/\/aeropan.it\/service\/amagel-a2\/\">Amagel A2<\/a>,\u00a0<\/strong>, a base de aerogel de s\u00edlice, es un panel -de 600\u00d71200 mm-, laminado con gres porcel\u00e1nico (6-10 mm), equipado con ganchos de seguridad de acero inoxidable. Tiene una resistencia al fuego Euroclase A2-S1, d0 seg\u00fan DIN 13501-1 y una conductividad t\u00e9rmica de 0,016 W\/mK, seg\u00fan UNI EN 12667. El aislamiento a base de aerogel est\u00e1 disponible en varios grosores, desde un m\u00ednimo de 20 mm hasta 60 mm.<\/p>\n<h3><a href=\"https:\/\/aeropan.it\/wp-content\/uploads\/2025\/01\/ISOCLIP-Catalogo-2025-.pdf\">DESCARGAR CAT\u00c1LOGO ISOCLIP 2025<\/a><\/h3>\n<p><a href=\"https:\/\/aeropan.it\/\"><img loading=\"lazy\" decoding=\"async\" class=\"alignnone size-medium wp-image-14023\" src=\"\/wp-content\/uploads\/2024\/01\/logo-aeropan-300x300.png\" alt=\"\" width=\"300\" height=\"300\" srcset=\"https:\/\/www.isoclip.it\/wp-content\/uploads\/2024\/01\/logo-aeropan-300x300.png 300w, https:\/\/www.isoclip.it\/wp-content\/uploads\/2024\/01\/logo-aeropan-150x150.png 150w, https:\/\/www.isoclip.it\/wp-content\/uploads\/2024\/01\/logo-aeropan-500x500.png 500w, https:\/\/www.isoclip.it\/wp-content\/uploads\/2024\/01\/logo-aeropan-100x100.png 100w, https:\/\/www.isoclip.it\/wp-content\/uploads\/2024\/01\/logo-aeropan.png 709w\" sizes=\"auto, (max-width: 300px) 100vw, 300px\" \/><\/a><\/p>\n<\/div>\n<p>[\/vc_column_text][\/vc_column][\/vc_row][vc_row][vc_column][vc_tta_tabs style=\u00bboutline\u00bb color=\u00bbgreen\u00bb active_section=\u00bb1&#8243;][vc_tta_section title=\u00bbDescripci\u00f3n\u00bb tab_id=\u00bb1757412027480-d761007e-200b\u00bb][vc_column_text css=\u00bb\u00bb]<\/p>\n<h2>Descripci\u00f3n<\/h2>\n<p>ISOCLIP\u00ae con aislamiento\u00a0<strong><a href=\"https:\/\/aeropan.it\/service\/amagel-a2\/\">Amagel A2<\/a>,\u00a0<\/strong>, a base de aerogel de s\u00edlice, es un panel -de 600\u00d71200 mm-, laminado con gres porcel\u00e1nico (6-10 mm), equipado con ganchos de seguridad de acero inoxidable. Tiene una resistencia al fuego Euroclase A2-S1, d0 seg\u00fan DIN 13501-1 y una conductividad t\u00e9rmica de 0,016 W\/mK, seg\u00fan UNI EN 12667. El aislamiento a base de aerogel est\u00e1 disponible en varios grosores, desde un m\u00ednimo de 20 mm hasta 60 mm.[\/vc_column_text][\/vc_tta_section][vc_tta_section title=\u00bbEspecificaciones del panel\u00bb tab_id=\u00bb1757412027480-726817ec-8e6b\u00bb][vc_column_text css=\u00bb\u00bb]<\/p>\n<h2 class=\"yikes-custom-woo-tab-title yikes-custom-woo-tab-title-specifiche-pannello\">Especificaciones del panel<\/h2>\n<p><img loading=\"lazy\" decoding=\"async\" class=\"size-full wp-image-15473\" src=\"\/wp-content\/uploads\/2024\/01\/isoclip-specifiche-pannello-aerogel.jpg\" sizes=\"auto, (max-width: 1932px) 100vw, 1932px\" srcset=\"\/wp-content\/uploads\/2024\/01\/isoclip-specifiche-pannello-aerogel.jpg 1932w, \/wp-content\/uploads\/2024\/01\/isoclip-specifiche-pannello-aerogel-300x75.jpg 300w, \/uploads\/2024\/01\/isoclip-specifiche-pannello-aerogel-1024x257.jpg 1024w, \/wp-content\/uploads\/2024\/01\/isoclip-specifiche-pannello-aerogel-768x192.jpg 768w, \/wp-content\/uploads\/2024\/01\/isoclip-specifiche-pannello-aerogel-1536x385.jpg 1536w, \/wp-content\/uploads\/2024\/01\/isoclip-specifiche-pannello-aerogel-500x125.jpg 500w\" alt=\"\" width=\"1932\" height=\"484\" \/>[\/vc_column_text][\/vc_tta_section][vc_tta_section title=\u00bbDatos t\u00e9cnicos\u00bb tab_id=\u00bb1757412123202-770ff222-a31a\u00bb][vc_column_text css=\u00bb\u00bb]<\/p>\n<h2 class=\"yikes-custom-woo-tab-title yikes-custom-woo-tab-title-dati-tecnici\">Datos t\u00e9cnicos<\/h2>\n<p><img loading=\"lazy\" decoding=\"async\" class=\"wp-image-15458 size-full\" src=\"https:\/\/www.isoclip.it\/wp-content\/uploads\/2024\/01\/Isoclip-dati-tecnici-aerogel.jpg\" alt=\"\" width=\"1920\" height=\"942\" srcset=\"https:\/\/www.isoclip.it\/wp-content\/uploads\/2024\/01\/Isoclip-dati-tecnici-aerogel.jpg 1920w, https:\/\/www.isoclip.it\/wp-content\/uploads\/2024\/01\/Isoclip-dati-tecnici-aerogel-300x147.jpg 300w, https:\/\/www.isoclip.it\/wp-content\/uploads\/2024\/01\/Isoclip-dati-tecnici-aerogel-1024x502.jpg 1024w, https:\/\/www.isoclip.it\/wp-content\/uploads\/2024\/01\/Isoclip-dati-tecnici-aerogel-768x377.jpg 768w, https:\/\/www.isoclip.it\/wp-content\/uploads\/2024\/01\/Isoclip-dati-tecnici-aerogel-1536x754.jpg 1536w, https:\/\/www.isoclip.it\/wp-content\/uploads\/2024\/01\/Isoclip-dati-tecnici-aerogel-500x245.jpg 500w\" sizes=\"auto, (max-width: 1920px) 100vw, 1920px\" \/>[\/vc_column_text][\/vc_tta_section][\/vc_tta_tabs][\/vc_column][\/vc_row]<\/p>\n<\/div>","protected":false},"excerpt":{"rendered":"<p>[vc_row][vc_column width=\u00bb1\/3&#8243;][vc_images_carousel images=\u00bb11082,11656&#8243; img_size=\u00bbfull\u00bb autoplay=\u00bbyes\u00bb hide_pagination_control=\u00bbyes\u00bb wrap=\u00bbyes\u00bb css=\u00bb\u00bb][\/vc_column][vc_column width=\u00bb2\/3&#8243;][vc_column_text css=\u00bb\u00bb] ISOCLIP\u00ae con aislamiento de Aerogel IISOCLIP\u00ae con aislamiento\u00a0Amagel A2,\u00a0, a base de aerogel de s\u00edlice, es un panel -de 600\u00d71200 mm-, laminado con gres porcel\u00e1nico (6-10 mm), equipado con ganchos de seguridad de acero inoxidable. Tiene una resistencia al fuego Euroclase A2-S1, d0 seg\u00fan DIN [&hellip;]<\/p>\n","protected":false},"author":3,"featured_media":0,"parent":16072,"menu_order":0,"comment_status":"closed","ping_status":"closed","template":"","meta":{"rs_blank_template":"","rs_page_bg_color":"","slide_template_v7":"","footnotes":""},"class_list":["post-16080","page","type-page","status-publish","hentry"],"yoast_head":"<!-- This site is optimized with the Yoast SEO plugin v27.4 - https:\/\/yoast.com\/product\/yoast-seo-wordpress\/ -->\n<title>ISOCLIP\u00ae con aislamiento de Aerogel - Isoclip<\/title>\n<meta name=\"description\" content=\"Isoclip con aerogel: el futuro del aislamiento t\u00e9rmico. Protege tu edificio con un sistema a la vez delgado, ligero y eficiente.\" \/>\n<meta name=\"robots\" content=\"index, follow, max-snippet:-1, max-image-preview:large, max-video-preview:-1\" \/>\n<link rel=\"canonical\" href=\"https:\/\/www.isoclip.it\/es\/productos\/isoclip\/isoclip-con-aislamiento-de-aerogel\/\" \/>\n<meta property=\"og:locale\" content=\"es_ES\" \/>\n<meta property=\"og:type\" content=\"article\" \/>\n<meta property=\"og:title\" content=\"ISOCLIP\u00ae con aislamiento de Aerogel - Isoclip\" \/>\n<meta property=\"og:description\" content=\"Isoclip con aerogel: el futuro del aislamiento t\u00e9rmico. Protege tu edificio con un sistema a la vez delgado, ligero y eficiente.\" \/>\n<meta property=\"og:url\" content=\"https:\/\/www.isoclip.it\/es\/productos\/isoclip\/isoclip-con-aislamiento-de-aerogel\/\" \/>\n<meta property=\"og:site_name\" content=\"Isoclip\" \/>\n<meta property=\"article:modified_time\" content=\"2025-10-15T08:24:18+00:00\" \/>\n<meta property=\"og:image\" content=\"https:\/\/www.isoclip.it\/wp-content\/uploads\/2024\/01\/Isoclip-dati-tecnici-aerogel.jpg\" \/>\n<meta name=\"twitter:card\" content=\"summary_large_image\" \/>\n<meta name=\"twitter:label1\" content=\"Tiempo de lectura\" \/>\n\t<meta name=\"twitter:data1\" content=\"2 minutos\" \/>\n<script type=\"application\/ld+json\" class=\"yoast-schema-graph\">{\"@context\":\"https:\\\/\\\/schema.org\",\"@graph\":[{\"@type\":\"WebPage\",\"@id\":\"https:\\\/\\\/www.isoclip.it\\\/es\\\/productos\\\/isoclip\\\/isoclip-con-aislamiento-de-aerogel\\\/\",\"url\":\"https:\\\/\\\/www.isoclip.it\\\/es\\\/productos\\\/isoclip\\\/isoclip-con-aislamiento-de-aerogel\\\/\",\"name\":\"ISOCLIP\u00ae con aislamiento de Aerogel - Isoclip\",\"isPartOf\":{\"@id\":\"https:\\\/\\\/www.isoclip.it\\\/es\\\/#website\"},\"primaryImageOfPage\":{\"@id\":\"https:\\\/\\\/www.isoclip.it\\\/es\\\/productos\\\/isoclip\\\/isoclip-con-aislamiento-de-aerogel\\\/#primaryimage\"},\"image\":{\"@id\":\"https:\\\/\\\/www.isoclip.it\\\/es\\\/productos\\\/isoclip\\\/isoclip-con-aislamiento-de-aerogel\\\/#primaryimage\"},\"thumbnailUrl\":\"https:\\\/\\\/www.isoclip.it\\\/wp-content\\\/uploads\\\/2024\\\/01\\\/Isoclip-dati-tecnici-aerogel.jpg\",\"datePublished\":\"2025-09-09T09:55:07+00:00\",\"dateModified\":\"2025-10-15T08:24:18+00:00\",\"description\":\"Isoclip con aerogel: el futuro del aislamiento t\u00e9rmico. Protege tu edificio con un sistema a la vez delgado, ligero y eficiente.\",\"breadcrumb\":{\"@id\":\"https:\\\/\\\/www.isoclip.it\\\/es\\\/productos\\\/isoclip\\\/isoclip-con-aislamiento-de-aerogel\\\/#breadcrumb\"},\"inLanguage\":\"es\",\"potentialAction\":[{\"@type\":\"ReadAction\",\"target\":[\"https:\\\/\\\/www.isoclip.it\\\/es\\\/productos\\\/isoclip\\\/isoclip-con-aislamiento-de-aerogel\\\/\"]}]},{\"@type\":\"ImageObject\",\"inLanguage\":\"es\",\"@id\":\"https:\\\/\\\/www.isoclip.it\\\/es\\\/productos\\\/isoclip\\\/isoclip-con-aislamiento-de-aerogel\\\/#primaryimage\",\"url\":\"https:\\\/\\\/www.isoclip.it\\\/wp-content\\\/uploads\\\/2024\\\/01\\\/Isoclip-dati-tecnici-aerogel.jpg\",\"contentUrl\":\"https:\\\/\\\/www.isoclip.it\\\/wp-content\\\/uploads\\\/2024\\\/01\\\/Isoclip-dati-tecnici-aerogel.jpg\"},{\"@type\":\"BreadcrumbList\",\"@id\":\"https:\\\/\\\/www.isoclip.it\\\/es\\\/productos\\\/isoclip\\\/isoclip-con-aislamiento-de-aerogel\\\/#breadcrumb\",\"itemListElement\":[{\"@type\":\"ListItem\",\"position\":1,\"name\":\"Home\",\"item\":\"https:\\\/\\\/www.isoclip.it\\\/es\\\/\"},{\"@type\":\"ListItem\",\"position\":2,\"name\":\"Productos\",\"item\":\"https:\\\/\\\/www.isoclip.it\\\/es\\\/productos\\\/\"},{\"@type\":\"ListItem\",\"position\":3,\"name\":\"ISOCLIP\u00ae\",\"item\":\"https:\\\/\\\/www.isoclip.it\\\/es\\\/productos\\\/isoclip\\\/\"},{\"@type\":\"ListItem\",\"position\":4,\"name\":\"ISOCLIP\u00ae con aislamiento de Aerogel\"}]},{\"@type\":\"WebSite\",\"@id\":\"https:\\\/\\\/www.isoclip.it\\\/es\\\/#website\",\"url\":\"https:\\\/\\\/www.isoclip.it\\\/es\\\/\",\"name\":\"Isoclip\",\"description\":\"Esth\u00e9tique et isolation sur mesure pour vous !\",\"publisher\":{\"@id\":\"https:\\\/\\\/www.isoclip.it\\\/es\\\/#organization\"},\"potentialAction\":[{\"@type\":\"SearchAction\",\"target\":{\"@type\":\"EntryPoint\",\"urlTemplate\":\"https:\\\/\\\/www.isoclip.it\\\/es\\\/?s={search_term_string}\"},\"query-input\":{\"@type\":\"PropertyValueSpecification\",\"valueRequired\":true,\"valueName\":\"search_term_string\"}}],\"inLanguage\":\"es\"},{\"@type\":\"Organization\",\"@id\":\"https:\\\/\\\/www.isoclip.it\\\/es\\\/#organization\",\"name\":\"Isoclip\",\"url\":\"https:\\\/\\\/www.isoclip.it\\\/es\\\/\",\"logo\":{\"@type\":\"ImageObject\",\"inLanguage\":\"es\",\"@id\":\"https:\\\/\\\/www.isoclip.it\\\/es\\\/#\\\/schema\\\/logo\\\/image\\\/\",\"url\":\"https:\\\/\\\/www.isoclip.it\\\/wp-content\\\/uploads\\\/2024\\\/01\\\/Isoclip-logo.png\",\"contentUrl\":\"https:\\\/\\\/www.isoclip.it\\\/wp-content\\\/uploads\\\/2024\\\/01\\\/Isoclip-logo.png\",\"width\":930,\"height\":300,\"caption\":\"Isoclip\"},\"image\":{\"@id\":\"https:\\\/\\\/www.isoclip.it\\\/es\\\/#\\\/schema\\\/logo\\\/image\\\/\"},\"sameAs\":[\"https:\\\/\\\/www.linkedin.com\\\/company\\\/isoclip\\\/\"]}]}<\/script>\n<!-- \/ Yoast SEO plugin. -->","yoast_head_json":{"title":"ISOCLIP\u00ae con aislamiento de Aerogel - Isoclip","description":"Isoclip con aerogel: el futuro del aislamiento t\u00e9rmico. Protege tu edificio con un sistema a la vez delgado, ligero y eficiente.","robots":{"index":"index","follow":"follow","max-snippet":"max-snippet:-1","max-image-preview":"max-image-preview:large","max-video-preview":"max-video-preview:-1"},"canonical":"https:\/\/www.isoclip.it\/es\/productos\/isoclip\/isoclip-con-aislamiento-de-aerogel\/","og_locale":"es_ES","og_type":"article","og_title":"ISOCLIP\u00ae con aislamiento de Aerogel - Isoclip","og_description":"Isoclip con aerogel: el futuro del aislamiento t\u00e9rmico. Protege tu edificio con un sistema a la vez delgado, ligero y eficiente.","og_url":"https:\/\/www.isoclip.it\/es\/productos\/isoclip\/isoclip-con-aislamiento-de-aerogel\/","og_site_name":"Isoclip","article_modified_time":"2025-10-15T08:24:18+00:00","og_image":[{"url":"https:\/\/www.isoclip.it\/wp-content\/uploads\/2024\/01\/Isoclip-dati-tecnici-aerogel.jpg","type":"","width":"","height":""}],"twitter_card":"summary_large_image","twitter_misc":{"Tiempo de lectura":"2 minutos"},"schema":{"@context":"https:\/\/schema.org","@graph":[{"@type":"WebPage","@id":"https:\/\/www.isoclip.it\/es\/productos\/isoclip\/isoclip-con-aislamiento-de-aerogel\/","url":"https:\/\/www.isoclip.it\/es\/productos\/isoclip\/isoclip-con-aislamiento-de-aerogel\/","name":"ISOCLIP\u00ae con aislamiento de Aerogel - Isoclip","isPartOf":{"@id":"https:\/\/www.isoclip.it\/es\/#website"},"primaryImageOfPage":{"@id":"https:\/\/www.isoclip.it\/es\/productos\/isoclip\/isoclip-con-aislamiento-de-aerogel\/#primaryimage"},"image":{"@id":"https:\/\/www.isoclip.it\/es\/productos\/isoclip\/isoclip-con-aislamiento-de-aerogel\/#primaryimage"},"thumbnailUrl":"https:\/\/www.isoclip.it\/wp-content\/uploads\/2024\/01\/Isoclip-dati-tecnici-aerogel.jpg","datePublished":"2025-09-09T09:55:07+00:00","dateModified":"2025-10-15T08:24:18+00:00","description":"Isoclip con aerogel: el futuro del aislamiento t\u00e9rmico. Protege tu edificio con un sistema a la vez delgado, ligero y eficiente.","breadcrumb":{"@id":"https:\/\/www.isoclip.it\/es\/productos\/isoclip\/isoclip-con-aislamiento-de-aerogel\/#breadcrumb"},"inLanguage":"es","potentialAction":[{"@type":"ReadAction","target":["https:\/\/www.isoclip.it\/es\/productos\/isoclip\/isoclip-con-aislamiento-de-aerogel\/"]}]},{"@type":"ImageObject","inLanguage":"es","@id":"https:\/\/www.isoclip.it\/es\/productos\/isoclip\/isoclip-con-aislamiento-de-aerogel\/#primaryimage","url":"https:\/\/www.isoclip.it\/wp-content\/uploads\/2024\/01\/Isoclip-dati-tecnici-aerogel.jpg","contentUrl":"https:\/\/www.isoclip.it\/wp-content\/uploads\/2024\/01\/Isoclip-dati-tecnici-aerogel.jpg"},{"@type":"BreadcrumbList","@id":"https:\/\/www.isoclip.it\/es\/productos\/isoclip\/isoclip-con-aislamiento-de-aerogel\/#breadcrumb","itemListElement":[{"@type":"ListItem","position":1,"name":"Home","item":"https:\/\/www.isoclip.it\/es\/"},{"@type":"ListItem","position":2,"name":"Productos","item":"https:\/\/www.isoclip.it\/es\/productos\/"},{"@type":"ListItem","position":3,"name":"ISOCLIP\u00ae","item":"https:\/\/www.isoclip.it\/es\/productos\/isoclip\/"},{"@type":"ListItem","position":4,"name":"ISOCLIP\u00ae con aislamiento de Aerogel"}]},{"@type":"WebSite","@id":"https:\/\/www.isoclip.it\/es\/#website","url":"https:\/\/www.isoclip.it\/es\/","name":"Isoclip","description":"Esth\u00e9tique et isolation sur mesure pour vous !","publisher":{"@id":"https:\/\/www.isoclip.it\/es\/#organization"},"potentialAction":[{"@type":"SearchAction","target":{"@type":"EntryPoint","urlTemplate":"https:\/\/www.isoclip.it\/es\/?s={search_term_string}"},"query-input":{"@type":"PropertyValueSpecification","valueRequired":true,"valueName":"search_term_string"}}],"inLanguage":"es"},{"@type":"Organization","@id":"https:\/\/www.isoclip.it\/es\/#organization","name":"Isoclip","url":"https:\/\/www.isoclip.it\/es\/","logo":{"@type":"ImageObject","inLanguage":"es","@id":"https:\/\/www.isoclip.it\/es\/#\/schema\/logo\/image\/","url":"https:\/\/www.isoclip.it\/wp-content\/uploads\/2024\/01\/Isoclip-logo.png","contentUrl":"https:\/\/www.isoclip.it\/wp-content\/uploads\/2024\/01\/Isoclip-logo.png","width":930,"height":300,"caption":"Isoclip"},"image":{"@id":"https:\/\/www.isoclip.it\/es\/#\/schema\/logo\/image\/"},"sameAs":["https:\/\/www.linkedin.com\/company\/isoclip\/"]}]}},"_links":{"self":[{"href":"https:\/\/www.isoclip.it\/es\/wp-json\/wp\/v2\/pages\/16080","targetHints":{"allow":["GET"]}}],"collection":[{"href":"https:\/\/www.isoclip.it\/es\/wp-json\/wp\/v2\/pages"}],"about":[{"href":"https:\/\/www.isoclip.it\/es\/wp-json\/wp\/v2\/types\/page"}],"author":[{"embeddable":true,"href":"https:\/\/www.isoclip.it\/es\/wp-json\/wp\/v2\/users\/3"}],"replies":[{"embeddable":true,"href":"https:\/\/www.isoclip.it\/es\/wp-json\/wp\/v2\/comments?post=16080"}],"version-history":[{"count":4,"href":"https:\/\/www.isoclip.it\/es\/wp-json\/wp\/v2\/pages\/16080\/revisions"}],"predecessor-version":[{"id":16505,"href":"https:\/\/www.isoclip.it\/es\/wp-json\/wp\/v2\/pages\/16080\/revisions\/16505"}],"up":[{"embeddable":true,"href":"https:\/\/www.isoclip.it\/es\/wp-json\/wp\/v2\/pages\/16072"}],"wp:attachment":[{"href":"https:\/\/www.isoclip.it\/es\/wp-json\/wp\/v2\/media?parent=16080"}],"curies":[{"name":"wp","href":"https:\/\/api.w.org\/{rel}","templated":true}]}}