{"id":16091,"date":"2025-09-09T12:21:31","date_gmt":"2025-09-09T10:21:31","guid":{"rendered":"https:\/\/www.isoclip.it\/productos\/isoclip\/isoclip-con-aislamiento-eps\/"},"modified":"2025-09-17T12:20:36","modified_gmt":"2025-09-17T10:20:36","slug":"isoclip-con-aislamiento-eps","status":"publish","type":"page","link":"https:\/\/www.isoclip.it\/es\/productos\/isoclip\/isoclip-con-aislamiento-eps\/","title":{"rendered":"ISOCLIP\u00ae con aislamiento EPS"},"content":{"rendered":"<div class=\"wpb-content-wrapper\"><p>[vc_row][vc_column width=\u00bb1\/3&#8243;][vc_images_carousel images=\u00bb11634,11651&#8243; img_size=\u00bbfull\u00bb autoplay=\u00bbyes\u00bb hide_pagination_control=\u00bbyes\u00bb wrap=\u00bbyes\u00bb css=\u00bb\u00bb][\/vc_column][vc_column width=\u00bb2\/3&#8243;][vc_column_text css=\u00bb\u00bb]<\/p>\n<h1 class=\"product_title entry-title\">ISOCLIP\u00ae con aislamiento EPS<\/h1>\n<div class=\"woocommerce-product-details__short-description\">\n<p>ISOCLIP\u00ae con aislamiento de EPS, de alta densidad con grafito a\u00f1adido, es un panel -de 600\u00d71200 mm- laminado con gres porcel\u00e1nico (6-10 mm), equipado con ganchos de seguridad de acero inoxidable.<\/p>\n<p>Tiene una resistencia al fuego &nbsp;<i> B &#8211; s1, d0&nbsp; <\/i>seg\u00fan la norma DIN 13501-1 y una conductividad t\u00e9rmica de 0,031 W\/mK seg\u00fan la norma UNI EN 13163.<\/p>\n<p>El aislamiento de EPS est\u00e1 disponible en varios grosores, desde un m\u00ednimo de 80 mm hasta 160 mm.<\/p>\n<h3><a href=\"https:\/\/aeropan.it\/wp-content\/uploads\/2025\/01\/ISOCLIP-Catalogo-2025-.pdf\">DESCARGAR CAT\u00c1LOGO ISOCLIP 2025<\/a><\/h3>\n<\/div>\n<div class=\"woocommerce-product-details__short-description\"><\/div>\n<p>[\/vc_column_text][\/vc_column][\/vc_row][vc_row][vc_column][vc_tta_tabs style=\u00bboutline\u00bb color=\u00bbgreen\u00bb active_section=\u00bb1&#8243;][vc_tta_section title=\u00bbDescripci\u00f3n\u00bb tab_id=\u00bb1757412027480-d761007e-200b\u00bb][vc_column_text css=\u00bb\u00bb]<\/p>\n<h2>Descripci\u00f3n<\/h2>\n<p>ISOCLIP\u00ae con aislamiento de EPS, de alta densidad con grafito a\u00f1adido, es un panel -de 600\u00d71200 mm- laminado con gres porcel\u00e1nico (6-10 mm), equipado con ganchos de seguridad de acero inoxidable.<\/p>\n<p>Tiene una resistencia al fuego B &#8211; s1, d0 seg\u00fan la norma DIN 13501-1 y una conductividad t\u00e9rmica de 0,031 W\/mK seg\u00fan la norma UNI EN 13163.<\/p>\n<p>El aislamiento de EPS est\u00e1 disponible en varios grosores, desde un m\u00ednimo de 80 mm hasta 160 mm.[\/vc_column_text][\/vc_tta_section][vc_tta_section title=\u00bbEspecificaciones del panel\u00bb tab_id=\u00bb1757412027480-726817ec-8e6b\u00bb][vc_column_text css=\u00bb\u00bb]<\/p>\n<h2 class=\"yikes-custom-woo-tab-title yikes-custom-woo-tab-title-specifiche-pannello\">Especificaciones del panel<\/h2>\n<p><img loading=\"lazy\" decoding=\"async\" class=\"size-full wp-image-15478\" src=\"\/wp-content\/uploads\/2024\/01\/isoclip-specifiche-pannello-eps.jpg\" sizes=\"auto, (max-width: 1922px) 100vw, 1922px\" srcset=\"\/wp-content\/uploads\/2024\/01\/isoclip-specifiche-pannello-eps.jpg 1922w, \/wp-content\/uploads\/2024\/01\/isoclip-specifiche-pannello-eps-300x71.jpg 300w, \/wp-content\/uploads\/2024\/01\/isoclip-specifiche-pannello-eps-1024x244.jpg 1024w, \/wp-content\/uploads\/2024\/01\/isoclip-specifiche-pannello-eps-768x183.jpg 768w, \/wp-content\/uploads\/2024\/01\/isoclip-specifiche-pannello-eps-1536x366.jpg 1536w, \/wp-content\/uploads\/2024\/01\/isoclip-specifiche-pannello-eps-500x119.jpg 500w\" alt=\"\" width=\"1922\" height=\"458\">[\/vc_column_text][\/vc_tta_section][vc_tta_section title=\u00bbDatos t\u00e9cnicos\u00bb tab_id=\u00bb1757412123202-770ff222-a31a\u00bb][vc_column_text css=\u00bb\u00bb]<\/p>\n<h2 class=\"yikes-custom-woo-tab-title yikes-custom-woo-tab-title-dati-tecnici\">Datos t\u00e9cnicos<\/h2>\n<p><img loading=\"lazy\" decoding=\"async\" class=\"alignnone wp-image-15463 size-full\" src=\"https:\/\/www.isoclip.it\/wp-content\/uploads\/2024\/01\/Isoclip-dati-tecnici-eps.jpg\" alt=\"\" width=\"1926\" height=\"794\" srcset=\"https:\/\/www.isoclip.it\/wp-content\/uploads\/2024\/01\/Isoclip-dati-tecnici-eps.jpg 1926w, https:\/\/www.isoclip.it\/wp-content\/uploads\/2024\/01\/Isoclip-dati-tecnici-eps-300x124.jpg 300w, https:\/\/www.isoclip.it\/wp-content\/uploads\/2024\/01\/Isoclip-dati-tecnici-eps-1024x422.jpg 1024w, https:\/\/www.isoclip.it\/wp-content\/uploads\/2024\/01\/Isoclip-dati-tecnici-eps-768x317.jpg 768w, https:\/\/www.isoclip.it\/wp-content\/uploads\/2024\/01\/Isoclip-dati-tecnici-eps-1536x633.jpg 1536w, https:\/\/www.isoclip.it\/wp-content\/uploads\/2024\/01\/Isoclip-dati-tecnici-eps-500x206.jpg 500w\" sizes=\"auto, (max-width: 1926px) 100vw, 1926px\" \/>[\/vc_column_text][\/vc_tta_section][\/vc_tta_tabs][\/vc_column][\/vc_row]<\/p>\n<\/div>","protected":false},"excerpt":{"rendered":"<p>[vc_row][vc_column width=\u00bb1\/3&#8243;][vc_images_carousel images=\u00bb11634,11651&#8243; img_size=\u00bbfull\u00bb autoplay=\u00bbyes\u00bb hide_pagination_control=\u00bbyes\u00bb wrap=\u00bbyes\u00bb css=\u00bb\u00bb][\/vc_column][vc_column width=\u00bb2\/3&#8243;][vc_column_text css=\u00bb\u00bb] ISOCLIP\u00ae con aislamiento EPS ISOCLIP\u00ae con aislamiento de EPS, de alta densidad con grafito a\u00f1adido, es un panel -de 600\u00d71200 mm- laminado con gres porcel\u00e1nico (6-10 mm), equipado con ganchos de seguridad de acero inoxidable. Tiene una resistencia al fuego &nbsp; B &#8211; s1, d0&nbsp; [&hellip;]<\/p>\n","protected":false},"author":3,"featured_media":0,"parent":16072,"menu_order":0,"comment_status":"closed","ping_status":"closed","template":"","meta":{"rs_blank_template":"","rs_page_bg_color":"","slide_template_v7":"","footnotes":""},"class_list":["post-16091","page","type-page","status-publish","hentry"],"yoast_head":"<!-- This site is optimized with the Yoast SEO plugin v27.4 - https:\/\/yoast.com\/product\/yoast-seo-wordpress\/ -->\n<title>ISOCLIP\u00ae con aislamiento EPS - Isoclip<\/title>\n<meta name=\"description\" content=\"Isoclip + EPS: la soluci\u00f3n de aislamiento t\u00e9rmico ideal para un rendimiento s\u00f3lido. Un sistema fiable, ligero y econ\u00f3mico para tus fachadas.\" \/>\n<meta name=\"robots\" content=\"index, follow, max-snippet:-1, max-image-preview:large, max-video-preview:-1\" \/>\n<link rel=\"canonical\" href=\"https:\/\/www.isoclip.it\/es\/productos\/isoclip\/isoclip-con-aislamiento-eps\/\" \/>\n<meta property=\"og:locale\" content=\"es_ES\" \/>\n<meta property=\"og:type\" content=\"article\" \/>\n<meta property=\"og:title\" content=\"ISOCLIP\u00ae con aislamiento EPS - Isoclip\" \/>\n<meta property=\"og:description\" content=\"Isoclip + EPS: la soluci\u00f3n de aislamiento t\u00e9rmico ideal para un rendimiento s\u00f3lido. Un sistema fiable, ligero y econ\u00f3mico para tus fachadas.\" \/>\n<meta property=\"og:url\" content=\"https:\/\/www.isoclip.it\/es\/productos\/isoclip\/isoclip-con-aislamiento-eps\/\" \/>\n<meta property=\"og:site_name\" content=\"Isoclip\" \/>\n<meta property=\"article:modified_time\" content=\"2025-09-17T10:20:36+00:00\" \/>\n<meta property=\"og:image\" content=\"https:\/\/www.isoclip.it\/wp-content\/uploads\/2024\/01\/Isoclip-dati-tecnici-eps.jpg\" \/>\n<meta name=\"twitter:card\" content=\"summary_large_image\" \/>\n<meta name=\"twitter:label1\" content=\"Tiempo de lectura\" \/>\n\t<meta name=\"twitter:data1\" content=\"1 minuto\" \/>\n<script type=\"application\/ld+json\" class=\"yoast-schema-graph\">{\"@context\":\"https:\\\/\\\/schema.org\",\"@graph\":[{\"@type\":\"WebPage\",\"@id\":\"https:\\\/\\\/www.isoclip.it\\\/es\\\/productos\\\/isoclip\\\/isoclip-con-aislamiento-eps\\\/\",\"url\":\"https:\\\/\\\/www.isoclip.it\\\/es\\\/productos\\\/isoclip\\\/isoclip-con-aislamiento-eps\\\/\",\"name\":\"ISOCLIP\u00ae con aislamiento EPS - Isoclip\",\"isPartOf\":{\"@id\":\"https:\\\/\\\/www.isoclip.it\\\/es\\\/#website\"},\"primaryImageOfPage\":{\"@id\":\"https:\\\/\\\/www.isoclip.it\\\/es\\\/productos\\\/isoclip\\\/isoclip-con-aislamiento-eps\\\/#primaryimage\"},\"image\":{\"@id\":\"https:\\\/\\\/www.isoclip.it\\\/es\\\/productos\\\/isoclip\\\/isoclip-con-aislamiento-eps\\\/#primaryimage\"},\"thumbnailUrl\":\"https:\\\/\\\/www.isoclip.it\\\/wp-content\\\/uploads\\\/2024\\\/01\\\/Isoclip-dati-tecnici-eps.jpg\",\"datePublished\":\"2025-09-09T10:21:31+00:00\",\"dateModified\":\"2025-09-17T10:20:36+00:00\",\"description\":\"Isoclip + EPS: la soluci\u00f3n de aislamiento t\u00e9rmico ideal para un rendimiento s\u00f3lido. Un sistema fiable, ligero y econ\u00f3mico para tus fachadas.\",\"breadcrumb\":{\"@id\":\"https:\\\/\\\/www.isoclip.it\\\/es\\\/productos\\\/isoclip\\\/isoclip-con-aislamiento-eps\\\/#breadcrumb\"},\"inLanguage\":\"es\",\"potentialAction\":[{\"@type\":\"ReadAction\",\"target\":[\"https:\\\/\\\/www.isoclip.it\\\/es\\\/productos\\\/isoclip\\\/isoclip-con-aislamiento-eps\\\/\"]}]},{\"@type\":\"ImageObject\",\"inLanguage\":\"es\",\"@id\":\"https:\\\/\\\/www.isoclip.it\\\/es\\\/productos\\\/isoclip\\\/isoclip-con-aislamiento-eps\\\/#primaryimage\",\"url\":\"https:\\\/\\\/www.isoclip.it\\\/wp-content\\\/uploads\\\/2024\\\/01\\\/Isoclip-dati-tecnici-eps.jpg\",\"contentUrl\":\"https:\\\/\\\/www.isoclip.it\\\/wp-content\\\/uploads\\\/2024\\\/01\\\/Isoclip-dati-tecnici-eps.jpg\"},{\"@type\":\"BreadcrumbList\",\"@id\":\"https:\\\/\\\/www.isoclip.it\\\/es\\\/productos\\\/isoclip\\\/isoclip-con-aislamiento-eps\\\/#breadcrumb\",\"itemListElement\":[{\"@type\":\"ListItem\",\"position\":1,\"name\":\"Home\",\"item\":\"https:\\\/\\\/www.isoclip.it\\\/es\\\/\"},{\"@type\":\"ListItem\",\"position\":2,\"name\":\"Productos\",\"item\":\"https:\\\/\\\/www.isoclip.it\\\/es\\\/productos\\\/\"},{\"@type\":\"ListItem\",\"position\":3,\"name\":\"ISOCLIP\u00ae\",\"item\":\"https:\\\/\\\/www.isoclip.it\\\/es\\\/productos\\\/isoclip\\\/\"},{\"@type\":\"ListItem\",\"position\":4,\"name\":\"ISOCLIP\u00ae con aislamiento EPS\"}]},{\"@type\":\"WebSite\",\"@id\":\"https:\\\/\\\/www.isoclip.it\\\/es\\\/#website\",\"url\":\"https:\\\/\\\/www.isoclip.it\\\/es\\\/\",\"name\":\"Isoclip\",\"description\":\"Esth\u00e9tique et isolation sur mesure pour vous !\",\"publisher\":{\"@id\":\"https:\\\/\\\/www.isoclip.it\\\/es\\\/#organization\"},\"potentialAction\":[{\"@type\":\"SearchAction\",\"target\":{\"@type\":\"EntryPoint\",\"urlTemplate\":\"https:\\\/\\\/www.isoclip.it\\\/es\\\/?s={search_term_string}\"},\"query-input\":{\"@type\":\"PropertyValueSpecification\",\"valueRequired\":true,\"valueName\":\"search_term_string\"}}],\"inLanguage\":\"es\"},{\"@type\":\"Organization\",\"@id\":\"https:\\\/\\\/www.isoclip.it\\\/es\\\/#organization\",\"name\":\"Isoclip\",\"url\":\"https:\\\/\\\/www.isoclip.it\\\/es\\\/\",\"logo\":{\"@type\":\"ImageObject\",\"inLanguage\":\"es\",\"@id\":\"https:\\\/\\\/www.isoclip.it\\\/es\\\/#\\\/schema\\\/logo\\\/image\\\/\",\"url\":\"https:\\\/\\\/www.isoclip.it\\\/wp-content\\\/uploads\\\/2024\\\/01\\\/Isoclip-logo.png\",\"contentUrl\":\"https:\\\/\\\/www.isoclip.it\\\/wp-content\\\/uploads\\\/2024\\\/01\\\/Isoclip-logo.png\",\"width\":930,\"height\":300,\"caption\":\"Isoclip\"},\"image\":{\"@id\":\"https:\\\/\\\/www.isoclip.it\\\/es\\\/#\\\/schema\\\/logo\\\/image\\\/\"},\"sameAs\":[\"https:\\\/\\\/www.linkedin.com\\\/company\\\/isoclip\\\/\"]}]}<\/script>\n<!-- \/ Yoast SEO plugin. -->","yoast_head_json":{"title":"ISOCLIP\u00ae con aislamiento EPS - Isoclip","description":"Isoclip + EPS: la soluci\u00f3n de aislamiento t\u00e9rmico ideal para un rendimiento s\u00f3lido. Un sistema fiable, ligero y econ\u00f3mico para tus fachadas.","robots":{"index":"index","follow":"follow","max-snippet":"max-snippet:-1","max-image-preview":"max-image-preview:large","max-video-preview":"max-video-preview:-1"},"canonical":"https:\/\/www.isoclip.it\/es\/productos\/isoclip\/isoclip-con-aislamiento-eps\/","og_locale":"es_ES","og_type":"article","og_title":"ISOCLIP\u00ae con aislamiento EPS - Isoclip","og_description":"Isoclip + EPS: la soluci\u00f3n de aislamiento t\u00e9rmico ideal para un rendimiento s\u00f3lido. Un sistema fiable, ligero y econ\u00f3mico para tus fachadas.","og_url":"https:\/\/www.isoclip.it\/es\/productos\/isoclip\/isoclip-con-aislamiento-eps\/","og_site_name":"Isoclip","article_modified_time":"2025-09-17T10:20:36+00:00","og_image":[{"url":"https:\/\/www.isoclip.it\/wp-content\/uploads\/2024\/01\/Isoclip-dati-tecnici-eps.jpg","type":"","width":"","height":""}],"twitter_card":"summary_large_image","twitter_misc":{"Tiempo de lectura":"1 minuto"},"schema":{"@context":"https:\/\/schema.org","@graph":[{"@type":"WebPage","@id":"https:\/\/www.isoclip.it\/es\/productos\/isoclip\/isoclip-con-aislamiento-eps\/","url":"https:\/\/www.isoclip.it\/es\/productos\/isoclip\/isoclip-con-aislamiento-eps\/","name":"ISOCLIP\u00ae con aislamiento EPS - Isoclip","isPartOf":{"@id":"https:\/\/www.isoclip.it\/es\/#website"},"primaryImageOfPage":{"@id":"https:\/\/www.isoclip.it\/es\/productos\/isoclip\/isoclip-con-aislamiento-eps\/#primaryimage"},"image":{"@id":"https:\/\/www.isoclip.it\/es\/productos\/isoclip\/isoclip-con-aislamiento-eps\/#primaryimage"},"thumbnailUrl":"https:\/\/www.isoclip.it\/wp-content\/uploads\/2024\/01\/Isoclip-dati-tecnici-eps.jpg","datePublished":"2025-09-09T10:21:31+00:00","dateModified":"2025-09-17T10:20:36+00:00","description":"Isoclip + EPS: la soluci\u00f3n de aislamiento t\u00e9rmico ideal para un rendimiento s\u00f3lido. Un sistema fiable, ligero y econ\u00f3mico para tus fachadas.","breadcrumb":{"@id":"https:\/\/www.isoclip.it\/es\/productos\/isoclip\/isoclip-con-aislamiento-eps\/#breadcrumb"},"inLanguage":"es","potentialAction":[{"@type":"ReadAction","target":["https:\/\/www.isoclip.it\/es\/productos\/isoclip\/isoclip-con-aislamiento-eps\/"]}]},{"@type":"ImageObject","inLanguage":"es","@id":"https:\/\/www.isoclip.it\/es\/productos\/isoclip\/isoclip-con-aislamiento-eps\/#primaryimage","url":"https:\/\/www.isoclip.it\/wp-content\/uploads\/2024\/01\/Isoclip-dati-tecnici-eps.jpg","contentUrl":"https:\/\/www.isoclip.it\/wp-content\/uploads\/2024\/01\/Isoclip-dati-tecnici-eps.jpg"},{"@type":"BreadcrumbList","@id":"https:\/\/www.isoclip.it\/es\/productos\/isoclip\/isoclip-con-aislamiento-eps\/#breadcrumb","itemListElement":[{"@type":"ListItem","position":1,"name":"Home","item":"https:\/\/www.isoclip.it\/es\/"},{"@type":"ListItem","position":2,"name":"Productos","item":"https:\/\/www.isoclip.it\/es\/productos\/"},{"@type":"ListItem","position":3,"name":"ISOCLIP\u00ae","item":"https:\/\/www.isoclip.it\/es\/productos\/isoclip\/"},{"@type":"ListItem","position":4,"name":"ISOCLIP\u00ae con aislamiento EPS"}]},{"@type":"WebSite","@id":"https:\/\/www.isoclip.it\/es\/#website","url":"https:\/\/www.isoclip.it\/es\/","name":"Isoclip","description":"Esth\u00e9tique et isolation sur mesure pour vous !","publisher":{"@id":"https:\/\/www.isoclip.it\/es\/#organization"},"potentialAction":[{"@type":"SearchAction","target":{"@type":"EntryPoint","urlTemplate":"https:\/\/www.isoclip.it\/es\/?s={search_term_string}"},"query-input":{"@type":"PropertyValueSpecification","valueRequired":true,"valueName":"search_term_string"}}],"inLanguage":"es"},{"@type":"Organization","@id":"https:\/\/www.isoclip.it\/es\/#organization","name":"Isoclip","url":"https:\/\/www.isoclip.it\/es\/","logo":{"@type":"ImageObject","inLanguage":"es","@id":"https:\/\/www.isoclip.it\/es\/#\/schema\/logo\/image\/","url":"https:\/\/www.isoclip.it\/wp-content\/uploads\/2024\/01\/Isoclip-logo.png","contentUrl":"https:\/\/www.isoclip.it\/wp-content\/uploads\/2024\/01\/Isoclip-logo.png","width":930,"height":300,"caption":"Isoclip"},"image":{"@id":"https:\/\/www.isoclip.it\/es\/#\/schema\/logo\/image\/"},"sameAs":["https:\/\/www.linkedin.com\/company\/isoclip\/"]}]}},"_links":{"self":[{"href":"https:\/\/www.isoclip.it\/es\/wp-json\/wp\/v2\/pages\/16091","targetHints":{"allow":["GET"]}}],"collection":[{"href":"https:\/\/www.isoclip.it\/es\/wp-json\/wp\/v2\/pages"}],"about":[{"href":"https:\/\/www.isoclip.it\/es\/wp-json\/wp\/v2\/types\/page"}],"author":[{"embeddable":true,"href":"https:\/\/www.isoclip.it\/es\/wp-json\/wp\/v2\/users\/3"}],"replies":[{"embeddable":true,"href":"https:\/\/www.isoclip.it\/es\/wp-json\/wp\/v2\/comments?post=16091"}],"version-history":[{"count":5,"href":"https:\/\/www.isoclip.it\/es\/wp-json\/wp\/v2\/pages\/16091\/revisions"}],"predecessor-version":[{"id":16444,"href":"https:\/\/www.isoclip.it\/es\/wp-json\/wp\/v2\/pages\/16091\/revisions\/16444"}],"up":[{"embeddable":true,"href":"https:\/\/www.isoclip.it\/es\/wp-json\/wp\/v2\/pages\/16072"}],"wp:attachment":[{"href":"https:\/\/www.isoclip.it\/es\/wp-json\/wp\/v2\/media?parent=16091"}],"curies":[{"name":"wp","href":"https:\/\/api.w.org\/{rel}","templated":true}]}}