{"id":16205,"date":"2024-01-31T12:44:20","date_gmt":"2024-01-31T11:44:20","guid":{"rendered":"https:\/\/www.isoclip.it\/politica-de-privacidad\/"},"modified":"2025-10-09T17:34:12","modified_gmt":"2025-10-09T15:34:12","slug":"politica-de-privacidad","status":"publish","type":"page","link":"https:\/\/www.isoclip.it\/es\/politica-de-privacidad\/","title":{"rendered":"Pol\u00edtica de privacidad"},"content":{"rendered":"\n<p>Esta Pol\u00edtica de Privacidad describe las modalidades de gesti\u00f3n del sitio web https:\/\/www.isoclip.it\/ (en adelante el \u201cSitio\u201d), con referencia al tratamiento de datos personales de los usuarios que lo consultan.<\/p>\n\n<p>Esta informaci\u00f3n se proporciona de conformidad con el art. 13 del Reglamento (UE) 2016\/679 (en adelante, \u00abRGPD\u00bb) a quienes interact\u00faan con los servicios web de AMA ADVANCED MATERIALS Srl. <\/p>\n\n<p><strong>1. Responsable del tratamiento de datos<\/strong><\/p>\n\n<p>El responsable del tratamiento de datos es AMA ADVANCED MATERIALS Srl, Via Provinciale Sud, 31, 41046 Palagano (MO). Para cualquier consulta sobre el tratamiento de sus datos, puede contactarnos a trav\u00e9s de la siguiente direcci\u00f3n de correo electr\u00f3nico: <a href=\"mailto:info@isoclip.it\">info@isoclip.it<\/a> <\/p>\n\n<p>AMA ADVANCED MATERIALS Srl es una empresa sujeta a la direcci\u00f3n y coordinaci\u00f3n de AMA S.p.A. con la que ha firmado un acuerdo de tratamiento conjunto de datos.<\/p>\n\n<p><strong>2. Tipos de datos recopilados<\/strong><\/p>\n\n<p>El env\u00edo opcional, expl\u00edcito y voluntario de datos personales a trav\u00e9s de los formularios del Sitio (por ejemplo, formulario de contacto, \u201cTrabaja con nosotros\u201d) conlleva la posterior adquisici\u00f3n de los datos del remitente, necesarios para responder a las solicitudes.<\/p>\n\n<p>En particular, se podr\u00e1n recoger los siguientes datos:<\/p>\n\n<ul class=\"wp-block-list\">\n<li><strong>Datos de contacto<\/strong>: nombre, apellidos, direcci\u00f3n de correo electr\u00f3nico, n\u00famero de tel\u00e9fono y cualquier otro dato facilitado para solicitar informaci\u00f3n sobre nuestros productos y servicios.<\/li>\n<\/ul>\n\n<p><strong>Datos de navegaci\u00f3n.<\/strong> Los sistemas inform\u00e1ticos y los procedimientos de software utilizados para el funcionamiento de este sitio web adquieren, durante su funcionamiento normal, algunos datos personales cuya transmisi\u00f3n est\u00e1 impl\u00edcita en el uso de los protocolos de comunicaci\u00f3n de internet. Esta informaci\u00f3n no se recopila para asociarla con interesados \u200b\u200bidentificados, pero por su propia naturaleza podr\u00eda, mediante el procesamiento y la asociaci\u00f3n con datos de terceros, permitir la identificaci\u00f3n de los usuarios (por ejemplo, direcciones IP, nombres de dominio inform\u00e1ticos, hora de la solicitud). <\/p>\n\n<p><strong>Cookies<\/strong> Para obtener informaci\u00f3n detallada sobre las cookies que utiliza este sitio, consulte la <strong>\n  <a href=\"https:\/\/www.isoclip.it\/es\/politica-de-cookies\/\">Pol\u00edtica de Cookies<\/a>\n<\/strong>.<\/p>\n\n<p><strong>3. Finalidad y base jur\u00eddica del tratamiento<\/strong><\/p>\n\n<p>Los datos personales se tratan para las siguientes finalidades:<\/p>\n\n<ol class=\"wp-block-list\">\n<li><strong>Proporcionar informaci\u00f3n sobre las solicitudes de los usuarios<\/strong>: gestionar y responder a las solicitudes de informaci\u00f3n, datos de contacto o presupuestos enviadas a trav\u00e9s del formulario de contacto. * <em>Base jur\u00eddica<\/em>: la aplicaci\u00f3n de medidas precontractuales adoptadas a petici\u00f3n del interesado (art\u00edculo 6, apartado 1, letra b) del RGPD). <\/li>\n\n\n\n<li><strong>Selecci\u00f3n<\/strong>: Para evaluar los CV enviados a trav\u00e9s de la secci\u00f3n \u00abTrabaja con nosotros\u00bb para puestos actuales o futuros. * <em>Base jur\u00eddica<\/em>: Implementaci\u00f3n de medidas precontractuales adoptadas a petici\u00f3n del interesado (Art\u00edculo 6, apartado 1, letra b) del RGPD). <\/li>\n\n\n\n<li><strong>Funcionamiento t\u00e9cnico del sitio<\/strong>: garantizar la correcta navegaci\u00f3n y usabilidad del sitio. * <em>Base jur\u00eddica<\/em>: el inter\u00e9s leg\u00edtimo del Responsable del Tratamiento en garantizar el correcto funcionamiento de sus sistemas inform\u00e1ticos (art\u00edculo 6, apartado 1, letra f) del RGPD). <\/li>\n\n\n\n<li><strong>Cumplimiento de obligaciones legales<\/strong>: cumplir con las obligaciones establecidas por ley o por orden de la Autoridad. * <em>Base legal<\/em>: cumplimiento de una obligaci\u00f3n legal a la que est\u00e1 sujeto el Responsable del Tratamiento (art\u00edculo 6, apartado 1, letra c) del RGPD). <\/li>\n<\/ol>\n\n<p><strong>4. Periodo de conservaci\u00f3n de datos<\/strong><\/p>\n\n<p>Los datos personales se conservar\u00e1n durante el tiempo estrictamente necesario para la consecuci\u00f3n de los fines para los que fueron recogidos y, en todo caso, en cumplimiento de la ley.<\/p>\n\n<ul class=\"wp-block-list\">\n<li>Los datos recogidos para las solicitudes de contacto se conservar\u00e1n durante el tiempo necesario para dar una respuesta completa y en todo caso en cumplimiento de los plazos legales en funci\u00f3n de la finalidad.<\/li>\n<\/ul>\n\n<p><strong>5. M\u00e9todos de procesamiento y medidas de seguridad<\/strong><\/p>\n\n<p>El tratamiento de los datos se realiza mediante medios inform\u00e1ticos y\/o electr\u00f3nicos, adoptando medidas organizativas y t\u00e9cnicas apropiadas para garantizar un nivel de seguridad adecuado para evitar p\u00e9rdidas, usos il\u00edcitos o incorrectos y accesos no autorizados.<\/p>\n\n<p><strong>6. Comunicaci\u00f3n y Transferencia de Datos<\/strong><\/p>\n\n<p>Sus datos podr\u00e1n ser accesibles a:<\/p>\n\n<ul class=\"wp-block-list\">\n<li>Empleados y colaboradores del Responsable del Tratamiento, en su calidad de personas autorizadas para el tratamiento de datos.<\/li>\n\n\n\n<li>A la empresa matriz AMA S.p.A. y a otras empresas del Grupo AMA para fines organizativos y de gesti\u00f3n.<\/li>\n\n\n\n<li>Empresas de terceros u otras entidades que realizan actividades de subcontrataci\u00f3n en nombre del Responsable del Tratamiento (por ejemplo, proveedores de servicios t\u00e9cnicos, proveedores de hosting, empresas de TI).<\/li>\n<\/ul>\n\n<p>Sus datos no ser\u00e1n divulgados. Los datos personales se gestionar\u00e1n y almacenar\u00e1n en servidores ubicados en la Uni\u00f3n Europea. <\/p>\n\n<p><strong>7. Derechos del interesado<\/strong><\/p>\n\n<p>En su calidad de interesado, usted tiene los derechos establecidos en los art\u00edculos 15 a 22 del RGPD, concretamente los derechos a:<\/p>\n\n<ul class=\"wp-block-list\">\n<li><strong>Acceso<\/strong>: obtener confirmaci\u00f3n de si existen o no datos personales que le conciernan.<\/li>\n\n\n\n<li><strong>Rectificaci\u00f3n<\/strong>: obtener la actualizaci\u00f3n o correcci\u00f3n de los datos inexactos.<\/li>\n\n\n\n<li><strong>Supresi\u00f3n (derecho al olvido)<\/strong>: obtener la supresi\u00f3n de tus datos personales.<\/li>\n\n\n\n<li><strong>Restricci\u00f3n del tratamiento<\/strong>: obtener la restricci\u00f3n del tratamiento.<\/li>\n\n\n\n<li><strong>Portabilidad de datos<\/strong>: recibir sus datos personales en un formato estructurado, de uso com\u00fan y lectura mec\u00e1nica.<\/li>\n\n\n\n<li><strong>Oposici\u00f3n<\/strong>: oponerse, total o parcialmente, por motivos leg\u00edtimos, al tratamiento de datos.<\/li>\n\n\n\n<li><strong>Presentar una reclamaci\u00f3n<\/strong>: presentar una reclamaci\u00f3n ante la Autoridad de Control (Autoridad de Protecci\u00f3n de Datos).<\/li>\n<\/ul>\n\n<p>Puede ejercer sus derechos en cualquier momento enviando una comunicaci\u00f3n a la siguiente direcci\u00f3n de correo electr\u00f3nico: <a href=\"mailto:info@isoclip.it\">info@isoclip.it<\/a><\/p>\n\n<p><strong>8. Cambios a esta Pol\u00edtica de Privacidad<\/strong><\/p>\n\n<p>El Responsable del Tratamiento se reserva el derecho de modificar esta pol\u00edtica de privacidad en cualquier momento, notific\u00e1ndoselo a los usuarios en esta p\u00e1gina. Por lo tanto, le rogamos que la consulte con frecuencia, consultando la fecha de la \u00faltima modificaci\u00f3n indicada. <\/p>\n\n<p>\u00daltima actualizaci\u00f3n: 9 de octubre de 2025<\/p>\n","protected":false},"excerpt":{"rendered":"<p>Esta Pol\u00edtica de Privacidad describe las modalidades de gesti\u00f3n del sitio web https:\/\/www.isoclip.it\/ (en adelante el \u201cSitio\u201d), con referencia al tratamiento de datos personales de los usuarios que lo consultan. Esta informaci\u00f3n se proporciona de conformidad con el art. 13 del Reglamento (UE) 2016\/679 (en adelante, \u00abRGPD\u00bb) a quienes interact\u00faan con los servicios web de [&hellip;]<\/p>\n","protected":false},"author":1,"featured_media":0,"parent":0,"menu_order":0,"comment_status":"closed","ping_status":"closed","template":"","meta":{"rs_blank_template":"","rs_page_bg_color":"","slide_template_v7":"","footnotes":""},"class_list":["post-16205","page","type-page","status-publish","hentry"],"yoast_head":"<!-- This site is optimized with the Yoast SEO plugin v27.4 - https:\/\/yoast.com\/product\/yoast-seo-wordpress\/ -->\n<title>Pol\u00edtica de privacidad - Isoclip<\/title>\n<meta name=\"description\" content=\"Su privacidad es nuestra prioridad. Lea nuestra Pol\u00edtica de Privacidad para comprender c\u00f3mo gestionamos sus datos. Ofrecemos total transparencia sobre c\u00f3mo gestionamos su informaci\u00f3n.\" \/>\n<meta name=\"robots\" content=\"index, follow, max-snippet:-1, max-image-preview:large, max-video-preview:-1\" \/>\n<link rel=\"canonical\" href=\"https:\/\/www.isoclip.it\/es\/politica-de-privacidad\/\" \/>\n<meta property=\"og:locale\" content=\"es_ES\" \/>\n<meta property=\"og:type\" content=\"article\" \/>\n<meta property=\"og:title\" content=\"Pol\u00edtica de privacidad - Isoclip\" \/>\n<meta property=\"og:description\" content=\"Su privacidad es nuestra prioridad. Lea nuestra Pol\u00edtica de Privacidad para comprender c\u00f3mo gestionamos sus datos. Ofrecemos total transparencia sobre c\u00f3mo gestionamos su informaci\u00f3n.\" \/>\n<meta property=\"og:url\" content=\"https:\/\/www.isoclip.it\/es\/politica-de-privacidad\/\" \/>\n<meta property=\"og:site_name\" content=\"Isoclip\" \/>\n<meta property=\"article:modified_time\" content=\"2025-10-09T15:34:12+00:00\" \/>\n<meta property=\"og:image\" content=\"https:\/\/www.isoclip.it\/wp-content\/uploads\/2024\/01\/Isoclip-prime-icone.jpg\" \/>\n\t<meta property=\"og:image:width\" content=\"1920\" \/>\n\t<meta property=\"og:image:height\" content=\"1079\" \/>\n\t<meta property=\"og:image:type\" content=\"image\/jpeg\" \/>\n<meta name=\"twitter:card\" content=\"summary_large_image\" \/>\n<meta name=\"twitter:label1\" content=\"Tiempo de lectura\" \/>\n\t<meta name=\"twitter:data1\" content=\"5 minutos\" \/>\n<script type=\"application\/ld+json\" class=\"yoast-schema-graph\">{\"@context\":\"https:\\\/\\\/schema.org\",\"@graph\":[{\"@type\":\"WebPage\",\"@id\":\"https:\\\/\\\/www.isoclip.it\\\/es\\\/politica-de-privacidad\\\/\",\"url\":\"https:\\\/\\\/www.isoclip.it\\\/es\\\/politica-de-privacidad\\\/\",\"name\":\"Pol\u00edtica de privacidad - Isoclip\",\"isPartOf\":{\"@id\":\"https:\\\/\\\/www.isoclip.it\\\/es\\\/#website\"},\"datePublished\":\"2024-01-31T11:44:20+00:00\",\"dateModified\":\"2025-10-09T15:34:12+00:00\",\"description\":\"Su privacidad es nuestra prioridad. Lea nuestra Pol\u00edtica de Privacidad para comprender c\u00f3mo gestionamos sus datos. Ofrecemos total transparencia sobre c\u00f3mo gestionamos su informaci\u00f3n.\",\"breadcrumb\":{\"@id\":\"https:\\\/\\\/www.isoclip.it\\\/es\\\/politica-de-privacidad\\\/#breadcrumb\"},\"inLanguage\":\"es\",\"potentialAction\":[{\"@type\":\"ReadAction\",\"target\":[\"https:\\\/\\\/www.isoclip.it\\\/es\\\/politica-de-privacidad\\\/\"]}]},{\"@type\":\"BreadcrumbList\",\"@id\":\"https:\\\/\\\/www.isoclip.it\\\/es\\\/politica-de-privacidad\\\/#breadcrumb\",\"itemListElement\":[{\"@type\":\"ListItem\",\"position\":1,\"name\":\"Home\",\"item\":\"https:\\\/\\\/www.isoclip.it\\\/es\\\/\"},{\"@type\":\"ListItem\",\"position\":2,\"name\":\"Pol\u00edtica de privacidad\"}]},{\"@type\":\"WebSite\",\"@id\":\"https:\\\/\\\/www.isoclip.it\\\/es\\\/#website\",\"url\":\"https:\\\/\\\/www.isoclip.it\\\/es\\\/\",\"name\":\"Isoclip\",\"description\":\"Esth\u00e9tique et isolation sur mesure pour vous !\",\"publisher\":{\"@id\":\"https:\\\/\\\/www.isoclip.it\\\/es\\\/#organization\"},\"potentialAction\":[{\"@type\":\"SearchAction\",\"target\":{\"@type\":\"EntryPoint\",\"urlTemplate\":\"https:\\\/\\\/www.isoclip.it\\\/es\\\/?s={search_term_string}\"},\"query-input\":{\"@type\":\"PropertyValueSpecification\",\"valueRequired\":true,\"valueName\":\"search_term_string\"}}],\"inLanguage\":\"es\"},{\"@type\":\"Organization\",\"@id\":\"https:\\\/\\\/www.isoclip.it\\\/es\\\/#organization\",\"name\":\"Isoclip\",\"url\":\"https:\\\/\\\/www.isoclip.it\\\/es\\\/\",\"logo\":{\"@type\":\"ImageObject\",\"inLanguage\":\"es\",\"@id\":\"https:\\\/\\\/www.isoclip.it\\\/es\\\/#\\\/schema\\\/logo\\\/image\\\/\",\"url\":\"https:\\\/\\\/www.isoclip.it\\\/wp-content\\\/uploads\\\/2024\\\/01\\\/Isoclip-logo.png\",\"contentUrl\":\"https:\\\/\\\/www.isoclip.it\\\/wp-content\\\/uploads\\\/2024\\\/01\\\/Isoclip-logo.png\",\"width\":930,\"height\":300,\"caption\":\"Isoclip\"},\"image\":{\"@id\":\"https:\\\/\\\/www.isoclip.it\\\/es\\\/#\\\/schema\\\/logo\\\/image\\\/\"},\"sameAs\":[\"https:\\\/\\\/www.linkedin.com\\\/company\\\/isoclip\\\/\"]}]}<\/script>\n<!-- \/ Yoast SEO plugin. -->","yoast_head_json":{"title":"Pol\u00edtica de privacidad - Isoclip","description":"Su privacidad es nuestra prioridad. Lea nuestra Pol\u00edtica de Privacidad para comprender c\u00f3mo gestionamos sus datos. Ofrecemos total transparencia sobre c\u00f3mo gestionamos su informaci\u00f3n.","robots":{"index":"index","follow":"follow","max-snippet":"max-snippet:-1","max-image-preview":"max-image-preview:large","max-video-preview":"max-video-preview:-1"},"canonical":"https:\/\/www.isoclip.it\/es\/politica-de-privacidad\/","og_locale":"es_ES","og_type":"article","og_title":"Pol\u00edtica de privacidad - Isoclip","og_description":"Su privacidad es nuestra prioridad. Lea nuestra Pol\u00edtica de Privacidad para comprender c\u00f3mo gestionamos sus datos. Ofrecemos total transparencia sobre c\u00f3mo gestionamos su informaci\u00f3n.","og_url":"https:\/\/www.isoclip.it\/es\/politica-de-privacidad\/","og_site_name":"Isoclip","article_modified_time":"2025-10-09T15:34:12+00:00","og_image":[{"width":1920,"height":1079,"url":"https:\/\/www.isoclip.it\/wp-content\/uploads\/2024\/01\/Isoclip-prime-icone.jpg","type":"image\/jpeg"}],"twitter_card":"summary_large_image","twitter_misc":{"Tiempo de lectura":"5 minutos"},"schema":{"@context":"https:\/\/schema.org","@graph":[{"@type":"WebPage","@id":"https:\/\/www.isoclip.it\/es\/politica-de-privacidad\/","url":"https:\/\/www.isoclip.it\/es\/politica-de-privacidad\/","name":"Pol\u00edtica de privacidad - Isoclip","isPartOf":{"@id":"https:\/\/www.isoclip.it\/es\/#website"},"datePublished":"2024-01-31T11:44:20+00:00","dateModified":"2025-10-09T15:34:12+00:00","description":"Su privacidad es nuestra prioridad. Lea nuestra Pol\u00edtica de Privacidad para comprender c\u00f3mo gestionamos sus datos. Ofrecemos total transparencia sobre c\u00f3mo gestionamos su informaci\u00f3n.","breadcrumb":{"@id":"https:\/\/www.isoclip.it\/es\/politica-de-privacidad\/#breadcrumb"},"inLanguage":"es","potentialAction":[{"@type":"ReadAction","target":["https:\/\/www.isoclip.it\/es\/politica-de-privacidad\/"]}]},{"@type":"BreadcrumbList","@id":"https:\/\/www.isoclip.it\/es\/politica-de-privacidad\/#breadcrumb","itemListElement":[{"@type":"ListItem","position":1,"name":"Home","item":"https:\/\/www.isoclip.it\/es\/"},{"@type":"ListItem","position":2,"name":"Pol\u00edtica de privacidad"}]},{"@type":"WebSite","@id":"https:\/\/www.isoclip.it\/es\/#website","url":"https:\/\/www.isoclip.it\/es\/","name":"Isoclip","description":"Esth\u00e9tique et isolation sur mesure pour vous !","publisher":{"@id":"https:\/\/www.isoclip.it\/es\/#organization"},"potentialAction":[{"@type":"SearchAction","target":{"@type":"EntryPoint","urlTemplate":"https:\/\/www.isoclip.it\/es\/?s={search_term_string}"},"query-input":{"@type":"PropertyValueSpecification","valueRequired":true,"valueName":"search_term_string"}}],"inLanguage":"es"},{"@type":"Organization","@id":"https:\/\/www.isoclip.it\/es\/#organization","name":"Isoclip","url":"https:\/\/www.isoclip.it\/es\/","logo":{"@type":"ImageObject","inLanguage":"es","@id":"https:\/\/www.isoclip.it\/es\/#\/schema\/logo\/image\/","url":"https:\/\/www.isoclip.it\/wp-content\/uploads\/2024\/01\/Isoclip-logo.png","contentUrl":"https:\/\/www.isoclip.it\/wp-content\/uploads\/2024\/01\/Isoclip-logo.png","width":930,"height":300,"caption":"Isoclip"},"image":{"@id":"https:\/\/www.isoclip.it\/es\/#\/schema\/logo\/image\/"},"sameAs":["https:\/\/www.linkedin.com\/company\/isoclip\/"]}]}},"_links":{"self":[{"href":"https:\/\/www.isoclip.it\/es\/wp-json\/wp\/v2\/pages\/16205","targetHints":{"allow":["GET"]}}],"collection":[{"href":"https:\/\/www.isoclip.it\/es\/wp-json\/wp\/v2\/pages"}],"about":[{"href":"https:\/\/www.isoclip.it\/es\/wp-json\/wp\/v2\/types\/page"}],"author":[{"embeddable":true,"href":"https:\/\/www.isoclip.it\/es\/wp-json\/wp\/v2\/users\/1"}],"replies":[{"embeddable":true,"href":"https:\/\/www.isoclip.it\/es\/wp-json\/wp\/v2\/comments?post=16205"}],"version-history":[{"count":3,"href":"https:\/\/www.isoclip.it\/es\/wp-json\/wp\/v2\/pages\/16205\/revisions"}],"predecessor-version":[{"id":16502,"href":"https:\/\/www.isoclip.it\/es\/wp-json\/wp\/v2\/pages\/16205\/revisions\/16502"}],"wp:attachment":[{"href":"https:\/\/www.isoclip.it\/es\/wp-json\/wp\/v2\/media?parent=16205"}],"curies":[{"name":"wp","href":"https:\/\/api.w.org\/{rel}","templated":true}]}}