{"id":14633,"date":"2024-01-27T07:46:15","date_gmt":"2024-01-27T06:46:15","guid":{"rendered":"https:\/\/www.isoclip.it\/caracteristiques\/"},"modified":"2026-01-28T12:35:39","modified_gmt":"2026-01-28T11:35:39","slug":"caracteristiques","status":"publish","type":"page","link":"https:\/\/www.isoclip.it\/fr\/caracteristiques\/","title":{"rendered":"Caract\u00e9ristiques"},"content":{"rendered":"<div class=\"wpb-content-wrapper\"><p>[vc_row][vc_column width=\u00a0\u00bb1\/2&Prime;][vc_column_text]<strong>Comment est fabriqu\u00e9 ISOCLIP\u00ae<\/strong><\/p>\n<p>Equip\u00e9 d&rsquo;un panneau isolant (en A\u00e9rogel ou Laine de Verre ou EPS avec graphite), ISOCLIP\u00ae est constitu\u00e9 d&rsquo;une stratigraphie isolante performante \u00e0 l&rsquo;int\u00e9rieur. La couche adh\u00e9sive en contact avec la dalle en c\u00e9ramique et les crochets en acier inoxydable facilitent la pose d&rsquo;une dalle en gr\u00e8s c\u00e9rame pour un r\u00e9sultat esth\u00e9tique de qualit\u00e9, r\u00e9sistant et durable.<\/p>\n<p>ISOCLIP\u00ae arrive sur site d\u00e9j\u00e0 pr\u00e9-assembl\u00e9 et pr\u00eat \u00e0 \u00eatre install\u00e9. Il se monte directement sur les murs ext\u00e9rieurs du b\u00e2timent, sans recourir \u00e0 des travaux invasifs ou \u00e0 la d\u00e9molition, avec des temps de pose r\u00e9duits de 50 % par rapport \u00e0 un enduit traditionnel.[\/vc_column_text][\/vc_column][vc_column width=\u00a0\u00bb1\/2&Prime;][vc_single_image image=\u00a0\u00bb11772&Prime; img_size=\u00a0\u00bb450&#215;300&Prime; alignment=\u00a0\u00bbright\u00a0\u00bb][\/vc_column][\/vc_row][vc_row][vc_column][vc_column_text]<\/p>\n<h2 style=\"text-align: center;\">Avantages<\/h2>\n<p>[\/vc_column_text][\/vc_column][\/vc_row][vc_row][vc_column][vc_row_inner][vc_column_inner width=\u00a0\u00bb1\/4&Prime;][vc_single_image image=\u00a0\u00bb11110&Prime; img_size=\u00a0\u00bb80&#215;80&Prime; alignment=\u00a0\u00bbcenter\u00a0\u00bb][vc_separator color=\u00a0\u00bbgreen\u00a0\u00bb border_width=\u00a0\u00bb2&Prime; el_width=\u00a0\u00bb30&Prime;][vc_column_text]<\/p>\n<p style=\"text-align: center;\">Esth\u00e9tique<\/p>\n<p>[\/vc_column_text][\/vc_column_inner][vc_column_inner width=\u00a0\u00bb1\/4&Prime;][vc_single_image image=\u00a0\u00bb11116&Prime; img_size=\u00a0\u00bb80&#215;80&Prime; alignment=\u00a0\u00bbcenter\u00a0\u00bb][vc_separator color=\u00a0\u00bbgreen\u00a0\u00bb border_width=\u00a0\u00bb2&Prime; el_width=\u00a0\u00bb30&Prime;][vc_column_text]<\/p>\n<p style=\"text-align: center;\">Isolation thermique<\/p>\n<p>[\/vc_column_text][\/vc_column_inner][vc_column_inner width=\u00a0\u00bb1\/4&Prime;][vc_single_image image=\u00a0\u00bb11122&Prime; img_size=\u00a0\u00bb80&#215;80&Prime; alignment=\u00a0\u00bbcenter\u00a0\u00bb][vc_separator color=\u00a0\u00bbgreen\u00a0\u00bb border_width=\u00a0\u00bb2&Prime; el_width=\u00a0\u00bb30&Prime;][vc_column_text]<\/p>\n<p style=\"text-align: center;\">Insonorisation<\/p>\n<p>[\/vc_column_text][\/vc_column_inner][vc_column_inner width=\u00a0\u00bb1\/4&Prime;][vc_single_image image=\u00a0\u00bb11128&Prime; img_size=\u00a0\u00bb80&#215;80&Prime; alignment=\u00a0\u00bbcenter\u00a0\u00bb][vc_separator color=\u00a0\u00bbgreen\u00a0\u00bb border_width=\u00a0\u00bb2&Prime; el_width=\u00a0\u00bb30&Prime;][vc_column_text]<\/p>\n<p style=\"text-align: center;\">S\u00e9curit\u00e9<\/p>\n<p>[\/vc_column_text][\/vc_column_inner][\/vc_row_inner][vc_row_inner][vc_column_inner width=\u00a0\u00bb1\/4&Prime;][vc_single_image image=\u00a0\u00bb11136&Prime; img_size=\u00a0\u00bb80&#215;80&Prime; alignment=\u00a0\u00bbcenter\u00a0\u00bb][vc_separator color=\u00a0\u00bbgreen\u00a0\u00bb border_width=\u00a0\u00bb2&Prime; el_width=\u00a0\u00bb30&Prime;][vc_column_text]<\/p>\n<p style=\"text-align: center;\">R\u00e9sistance aux chocs<\/p>\n<p>[\/vc_column_text][\/vc_column_inner][vc_column_inner width=\u00a0\u00bb1\/4&Prime;][vc_single_image image=\u00a0\u00bb11141&Prime; img_size=\u00a0\u00bb80&#215;80&Prime; alignment=\u00a0\u00bbcenter\u00a0\u00bb][vc_separator color=\u00a0\u00bbgreen\u00a0\u00bb border_width=\u00a0\u00bb2&Prime; el_width=\u00a0\u00bb30&Prime;][vc_column_text]<\/p>\n<p style=\"text-align: center;\">Simplicit\u00e9 et rapidit\u00e9 d&rsquo;installation<\/p>\n<p>[\/vc_column_text][\/vc_column_inner][vc_column_inner width=\u00a0\u00bb1\/4&Prime;][vc_single_image image=\u00a0\u00bb11146&Prime; img_size=\u00a0\u00bb80&#215;80&Prime; alignment=\u00a0\u00bbcenter\u00a0\u00bb][vc_separator color=\u00a0\u00bbgreen\u00a0\u00bb border_width=\u00a0\u00bb2&Prime; el_width=\u00a0\u00bb30&Prime;][vc_column_text]<\/p>\n<p style=\"text-align: center;\">Aucun entretien<\/p>\n<p>[\/vc_column_text][\/vc_column_inner][vc_column_inner width=\u00a0\u00bb1\/4&Prime;][vc_single_image image=\u00a0\u00bb11831&Prime; img_size=\u00a0\u00bb80&#215;80&Prime; alignment=\u00a0\u00bbcenter\u00a0\u00bb][vc_separator color=\u00a0\u00bbgreen\u00a0\u00bb border_width=\u00a0\u00bb2&Prime; el_width=\u00a0\u00bb30&Prime;][vc_column_text]<\/p>\n<p style=\"text-align: center;\">Certification CAM<\/p>\n<p>[\/vc_column_text][\/vc_column_inner][\/vc_row_inner][\/vc_column][\/vc_row][vc_row][vc_column][vc_empty_space height=\u00a0\u00bb20px\u00a0\u00bb][\/vc_column][\/vc_row][vc_row][vc_column][vc_empty_space height=\u00a0\u00bb50px\u00a0\u00bb][\/vc_column][\/vc_row][vc_row][vc_column width=\u00a0\u00bb1\/2&Prime;][vc_single_image image=\u00a0\u00bb11777&Prime; img_size=\u00a0\u00bb450&#215;300&Prime;][\/vc_column][vc_column width=\u00a0\u00bb1\/2&Prime;][vc_column_text]<strong>Le syst\u00e8me ISOCLIP\u00ae<\/strong><\/p>\n<p>MORTIER Couche de mortier r\u00e9partie en double couche sur le mur ext\u00e9rieur du b\u00e2timent pour r\u00e9duire les irr\u00e9gularit\u00e9s de la surface. ISOCLIP\u00ae Les panneaux d&rsquo;isolation thermique sont constitu\u00e9s d&rsquo;une dalle en gr\u00e8s c\u00e9rame fix\u00e9e au panneau isolant (A\u00e9rogel, Laine de Verre, EPS avec graphite) avec 4 crochets en acier inoxydable et une couche de colle \u00e0 haut pouvoir adh\u00e9sif.<\/p>\n<ul>\n<li>Crochets en acier inoxydable<\/li>\n<li>Panneau isolant d&rsquo;\u00e9paisseur variable de 10 \u00e0 160 mm<\/li>\n<li>Dalle en gr\u00e8s c\u00e9rame de 6 ou 10 mm d&rsquo;\u00e9paisseur.<\/li>\n<\/ul>\n<p>[\/vc_column_text][\/vc_column][\/vc_row][vc_row][vc_column width=\u00a0\u00bb1\/2&Prime;][vc_column_text]SUPPORTS LATERAUX Supports segment\u00e9s de mani\u00e8re appropri\u00e9e pour maximiser la stabilit\u00e9 du panneau isolant.<\/p>\n<p>NIVELEURS Entretoises de nivellement qui permettent d&rsquo;obtenir un r\u00e9sultat uniforme, sans cr\u00e9er d&rsquo;irr\u00e9gularit\u00e9s entre les surfaces adjacentes.[\/vc_column_text][\/vc_column][vc_column width=\u00a0\u00bb1\/2&Prime;][vc_single_image image=\u00a0\u00bb11801&Prime; img_size=\u00a0\u00bb450&#215;300&Prime; alignment=\u00a0\u00bbright\u00a0\u00bb][\/vc_column][\/vc_row][vc_row][vc_column][\/vc_column][\/vc_row][vc_row][vc_column width=\u00a0\u00bb3\/4&Prime;][vc_column_text]<\/p>\n<h2>TYPES DE FINITIONS STANDARD EN GR\u00c8S C\u00c9RAME<\/h2>\n<p>[\/vc_column_text][vc_gallery type=\u00a0\u00bbimage_grid\u00a0\u00bb images=\u00a0\u00bb12208,12203,12198,12193,12188,12183,12178,12172,12167&Prime;][vc_column_text]<\/p>\n<h2><a href=\"https:\/\/www.isoclip.it\/wp-content\/uploads\/2026\/01\/2512_Catalogo-Isoclip-2026_FRA.pdf\">T\u00c9L\u00c9CHARGEZ LE CATALOGUE ISOCLIP 2026<\/a><\/h2>\n<p>[\/vc_column_text][\/vc_column][\/vc_row]<\/p>\n<\/div>","protected":false},"excerpt":{"rendered":"<p>[vc_row][vc_column width=\u00a0\u00bb1\/2&Prime;][vc_column_text]Comment est fabriqu\u00e9 ISOCLIP\u00ae Equip\u00e9 d&rsquo;un panneau isolant (en A\u00e9rogel ou Laine de Verre ou EPS avec graphite), ISOCLIP\u00ae est constitu\u00e9 d&rsquo;une stratigraphie isolante performante \u00e0 l&rsquo;int\u00e9rieur. La couche adh\u00e9sive en contact avec la dalle en c\u00e9ramique et les crochets en acier inoxydable facilitent la pose d&rsquo;une dalle en gr\u00e8s c\u00e9rame pour un r\u00e9sultat [&hellip;]<\/p>\n","protected":false},"author":1,"featured_media":0,"parent":0,"menu_order":0,"comment_status":"closed","ping_status":"closed","template":"","meta":{"rs_blank_template":"","rs_page_bg_color":"","slide_template_v7":"","footnotes":""},"class_list":["post-14633","page","type-page","status-publish","hentry"],"yoast_head":"<!-- This site is optimized with the Yoast SEO plugin v27.4 - https:\/\/yoast.com\/product\/yoast-seo-wordpress\/ -->\n<title>Caract\u00e9ristiques - Isoclip<\/title>\n<meta name=\"description\" content=\"Caract\u00e9ristiques d&#039;Isoclip\u00ae. La fabrication et les avantages de l&#039;utilisation du syst\u00e8me Isoclip\u00ae. Esth\u00e9tique et isolation sur mesure !\" \/>\n<meta name=\"robots\" content=\"index, follow, max-snippet:-1, max-image-preview:large, max-video-preview:-1\" \/>\n<link rel=\"canonical\" href=\"https:\/\/www.isoclip.it\/fr\/caracteristiques\/\" \/>\n<meta property=\"og:locale\" content=\"fr_FR\" \/>\n<meta property=\"og:type\" content=\"article\" \/>\n<meta property=\"og:title\" content=\"Les caract\u00e9ristiques d&#039;Isoclip\u00ae\" \/>\n<meta property=\"og:description\" content=\"Caract\u00e9ristiques d&#039;Isoclip\u00ae. La fabrication et les avantages de l&#039;utilisation du syst\u00e8me Isoclip\u00ae. Esth\u00e9tique et isolation sur mesure !\" \/>\n<meta property=\"og:url\" content=\"https:\/\/www.isoclip.it\/fr\/caracteristiques\/\" \/>\n<meta property=\"og:site_name\" content=\"Isoclip\" \/>\n<meta property=\"article:modified_time\" content=\"2026-01-28T11:35:39+00:00\" \/>\n<meta property=\"og:image\" content=\"https:\/\/www.isoclip.it\/wp-content\/uploads\/2024\/01\/ISOCLIP-cose\u2560C-fotorettangolare1-1024x577.jpg\" \/>\n<meta name=\"twitter:card\" content=\"summary_large_image\" \/>\n<meta name=\"twitter:label1\" content=\"Dur\u00e9e de lecture estim\u00e9e\" \/>\n\t<meta name=\"twitter:data1\" content=\"2 minutes\" \/>\n<script type=\"application\/ld+json\" class=\"yoast-schema-graph\">{\"@context\":\"https:\\\/\\\/schema.org\",\"@graph\":[{\"@type\":\"WebPage\",\"@id\":\"https:\\\/\\\/www.isoclip.it\\\/fr\\\/caracteristiques\\\/\",\"url\":\"https:\\\/\\\/www.isoclip.it\\\/fr\\\/caracteristiques\\\/\",\"name\":\"Caract\u00e9ristiques - Isoclip\",\"isPartOf\":{\"@id\":\"https:\\\/\\\/www.isoclip.it\\\/fr\\\/#website\"},\"datePublished\":\"2024-01-27T06:46:15+00:00\",\"dateModified\":\"2026-01-28T11:35:39+00:00\",\"description\":\"Caract\u00e9ristiques d'Isoclip\u00ae. La fabrication et les avantages de l'utilisation du syst\u00e8me Isoclip\u00ae. Esth\u00e9tique et isolation sur mesure !\",\"breadcrumb\":{\"@id\":\"https:\\\/\\\/www.isoclip.it\\\/fr\\\/caracteristiques\\\/#breadcrumb\"},\"inLanguage\":\"fr-FR\",\"potentialAction\":[{\"@type\":\"ReadAction\",\"target\":[\"https:\\\/\\\/www.isoclip.it\\\/fr\\\/caracteristiques\\\/\"]}]},{\"@type\":\"BreadcrumbList\",\"@id\":\"https:\\\/\\\/www.isoclip.it\\\/fr\\\/caracteristiques\\\/#breadcrumb\",\"itemListElement\":[{\"@type\":\"ListItem\",\"position\":1,\"name\":\"Home\",\"item\":\"https:\\\/\\\/www.isoclip.it\\\/fr\\\/\"},{\"@type\":\"ListItem\",\"position\":2,\"name\":\"Caract\u00e9ristiques\"}]},{\"@type\":\"WebSite\",\"@id\":\"https:\\\/\\\/www.isoclip.it\\\/fr\\\/#website\",\"url\":\"https:\\\/\\\/www.isoclip.it\\\/fr\\\/\",\"name\":\"Isoclip\",\"description\":\"Esth\u00e9tique et isolation sur mesure pour vous !\",\"publisher\":{\"@id\":\"https:\\\/\\\/www.isoclip.it\\\/fr\\\/#organization\"},\"potentialAction\":[{\"@type\":\"SearchAction\",\"target\":{\"@type\":\"EntryPoint\",\"urlTemplate\":\"https:\\\/\\\/www.isoclip.it\\\/fr\\\/?s={search_term_string}\"},\"query-input\":{\"@type\":\"PropertyValueSpecification\",\"valueRequired\":true,\"valueName\":\"search_term_string\"}}],\"inLanguage\":\"fr-FR\"},{\"@type\":\"Organization\",\"@id\":\"https:\\\/\\\/www.isoclip.it\\\/fr\\\/#organization\",\"name\":\"Isoclip\",\"url\":\"https:\\\/\\\/www.isoclip.it\\\/fr\\\/\",\"logo\":{\"@type\":\"ImageObject\",\"inLanguage\":\"fr-FR\",\"@id\":\"https:\\\/\\\/www.isoclip.it\\\/fr\\\/#\\\/schema\\\/logo\\\/image\\\/\",\"url\":\"https:\\\/\\\/www.isoclip.it\\\/wp-content\\\/uploads\\\/2024\\\/01\\\/Isoclip-logo.png\",\"contentUrl\":\"https:\\\/\\\/www.isoclip.it\\\/wp-content\\\/uploads\\\/2024\\\/01\\\/Isoclip-logo.png\",\"width\":930,\"height\":300,\"caption\":\"Isoclip\"},\"image\":{\"@id\":\"https:\\\/\\\/www.isoclip.it\\\/fr\\\/#\\\/schema\\\/logo\\\/image\\\/\"},\"sameAs\":[\"https:\\\/\\\/www.linkedin.com\\\/company\\\/isoclip\\\/\"]}]}<\/script>\n<!-- \/ Yoast SEO plugin. -->","yoast_head_json":{"title":"Caract\u00e9ristiques - Isoclip","description":"Caract\u00e9ristiques d'Isoclip\u00ae. La fabrication et les avantages de l'utilisation du syst\u00e8me Isoclip\u00ae. Esth\u00e9tique et isolation sur mesure !","robots":{"index":"index","follow":"follow","max-snippet":"max-snippet:-1","max-image-preview":"max-image-preview:large","max-video-preview":"max-video-preview:-1"},"canonical":"https:\/\/www.isoclip.it\/fr\/caracteristiques\/","og_locale":"fr_FR","og_type":"article","og_title":"Les caract\u00e9ristiques d'Isoclip\u00ae","og_description":"Caract\u00e9ristiques d'Isoclip\u00ae. La fabrication et les avantages de l'utilisation du syst\u00e8me Isoclip\u00ae. Esth\u00e9tique et isolation sur mesure !","og_url":"https:\/\/www.isoclip.it\/fr\/caracteristiques\/","og_site_name":"Isoclip","article_modified_time":"2026-01-28T11:35:39+00:00","og_image":[{"url":"https:\/\/www.isoclip.it\/wp-content\/uploads\/2024\/01\/ISOCLIP-cose\u2560C-fotorettangolare1-1024x577.jpg","type":"","width":"","height":""}],"twitter_card":"summary_large_image","twitter_misc":{"Dur\u00e9e de lecture estim\u00e9e":"2 minutes"},"schema":{"@context":"https:\/\/schema.org","@graph":[{"@type":"WebPage","@id":"https:\/\/www.isoclip.it\/fr\/caracteristiques\/","url":"https:\/\/www.isoclip.it\/fr\/caracteristiques\/","name":"Caract\u00e9ristiques - Isoclip","isPartOf":{"@id":"https:\/\/www.isoclip.it\/fr\/#website"},"datePublished":"2024-01-27T06:46:15+00:00","dateModified":"2026-01-28T11:35:39+00:00","description":"Caract\u00e9ristiques d'Isoclip\u00ae. La fabrication et les avantages de l'utilisation du syst\u00e8me Isoclip\u00ae. Esth\u00e9tique et isolation sur mesure !","breadcrumb":{"@id":"https:\/\/www.isoclip.it\/fr\/caracteristiques\/#breadcrumb"},"inLanguage":"fr-FR","potentialAction":[{"@type":"ReadAction","target":["https:\/\/www.isoclip.it\/fr\/caracteristiques\/"]}]},{"@type":"BreadcrumbList","@id":"https:\/\/www.isoclip.it\/fr\/caracteristiques\/#breadcrumb","itemListElement":[{"@type":"ListItem","position":1,"name":"Home","item":"https:\/\/www.isoclip.it\/fr\/"},{"@type":"ListItem","position":2,"name":"Caract\u00e9ristiques"}]},{"@type":"WebSite","@id":"https:\/\/www.isoclip.it\/fr\/#website","url":"https:\/\/www.isoclip.it\/fr\/","name":"Isoclip","description":"Esth\u00e9tique et isolation sur mesure pour vous !","publisher":{"@id":"https:\/\/www.isoclip.it\/fr\/#organization"},"potentialAction":[{"@type":"SearchAction","target":{"@type":"EntryPoint","urlTemplate":"https:\/\/www.isoclip.it\/fr\/?s={search_term_string}"},"query-input":{"@type":"PropertyValueSpecification","valueRequired":true,"valueName":"search_term_string"}}],"inLanguage":"fr-FR"},{"@type":"Organization","@id":"https:\/\/www.isoclip.it\/fr\/#organization","name":"Isoclip","url":"https:\/\/www.isoclip.it\/fr\/","logo":{"@type":"ImageObject","inLanguage":"fr-FR","@id":"https:\/\/www.isoclip.it\/fr\/#\/schema\/logo\/image\/","url":"https:\/\/www.isoclip.it\/wp-content\/uploads\/2024\/01\/Isoclip-logo.png","contentUrl":"https:\/\/www.isoclip.it\/wp-content\/uploads\/2024\/01\/Isoclip-logo.png","width":930,"height":300,"caption":"Isoclip"},"image":{"@id":"https:\/\/www.isoclip.it\/fr\/#\/schema\/logo\/image\/"},"sameAs":["https:\/\/www.linkedin.com\/company\/isoclip\/"]}]}},"_links":{"self":[{"href":"https:\/\/www.isoclip.it\/fr\/wp-json\/wp\/v2\/pages\/14633","targetHints":{"allow":["GET"]}}],"collection":[{"href":"https:\/\/www.isoclip.it\/fr\/wp-json\/wp\/v2\/pages"}],"about":[{"href":"https:\/\/www.isoclip.it\/fr\/wp-json\/wp\/v2\/types\/page"}],"author":[{"embeddable":true,"href":"https:\/\/www.isoclip.it\/fr\/wp-json\/wp\/v2\/users\/1"}],"replies":[{"embeddable":true,"href":"https:\/\/www.isoclip.it\/fr\/wp-json\/wp\/v2\/comments?post=14633"}],"version-history":[{"count":1,"href":"https:\/\/www.isoclip.it\/fr\/wp-json\/wp\/v2\/pages\/14633\/revisions"}],"predecessor-version":[{"id":16538,"href":"https:\/\/www.isoclip.it\/fr\/wp-json\/wp\/v2\/pages\/14633\/revisions\/16538"}],"wp:attachment":[{"href":"https:\/\/www.isoclip.it\/fr\/wp-json\/wp\/v2\/media?parent=14633"}],"curies":[{"name":"wp","href":"https:\/\/api.w.org\/{rel}","templated":true}]}}