{"id":14637,"date":"2024-01-27T07:43:32","date_gmt":"2024-01-27T06:43:32","guid":{"rendered":"https:\/\/www.isoclip.it\/installation\/"},"modified":"2026-01-28T12:36:15","modified_gmt":"2026-01-28T11:36:15","slug":"installation","status":"publish","type":"page","link":"https:\/\/www.isoclip.it\/fr\/installation\/","title":{"rendered":"Installation"},"content":{"rendered":"<div class=\"wpb-content-wrapper\"><p>[vc_row][vc_column width=\u00a0\u00bb1\/2&Prime;][vc_column_text]<\/p>\n<h2>Installation<\/h2>\n<p>Le sens correct pour installer les panneaux ISOCLIP\u00ae est du bas \u00e0 droite et continue vers la gauche.<\/p>\n<p>L\u2019\u00e9quipe id\u00e9ale d\u2019op\u00e9rateurs est compos\u00e9e de 3 \u00e0 4 personnes pouvant installer entre 70 et 90 m2 par jour.<\/p>\n<p>La colle peut \u00eatre appliqu\u00e9e \u00e0 des temp\u00e9ratures comprises entre 5\u00b0 et 35\u00b0C.<\/p>\n<p>ISOCLIP\u00ae peut \u00eatre install\u00e9 sur diff\u00e9rents types de parements muraux. Les \u00e9tapes \u00e0 suivre sont les suivantes :<br \/>\n\u2022 V\u00e9rifier la coplanarit\u00e9 du support ; en cas d&rsquo;irr\u00e9gularit\u00e9s, un produit de lissage peut \u00eatre utilis\u00e9 ;<br \/>\n\u2022 V\u00e9rifiez le type d&rsquo;ancrage \u00e0 appliquer ; le syst\u00e8me p\u00e8se maximum 20 kg\/m2 ;<br \/>\n\u2022 Nettoyer la surface et\/ou appliquer un appr\u00eat (non obligatoire);<br \/>\n\u2022 Installation du profil de d\u00e9part et v\u00e9rifications de l&rsquo;alignement ;<br \/>\n\u2022 Appliquer la colle \u00e0 la truelle crant\u00e9e avec rainures parall\u00e8les au petit c\u00f4t\u00e9 aussi bien sur le support que sur le panneau Isoclip\u00ae avec une colle pr\u00e9sentant les caract\u00e9ristiques suivantes : C2TES2 ;<br \/>\n\u2022 Fixation par chevilles (n\u00b04 par panneau) ;<br \/>\n\u2022 Ajustement de la plan\u00e9it\u00e9 des panneaux et des joints (4-5 mm) ;<br \/>\n\u2022 Jointoiement de polyur\u00e9thane et cr\u00e9ation de joints de dilatation maximum tous les 12 m2<br \/>\n(peut \u00eatre effectu\u00e9 dans les 24 heures suivant l&rsquo;installation du panneau) ;[\/vc_column_text][\/vc_column][vc_column width=\u00a0\u00bb1\/2&Prime;][vc_single_image image=\u00a0\u00bb14836&Prime; img_size=\u00a0\u00bb700&#215;350&Prime; alignment=\u00a0\u00bbright\u00a0\u00bb][vc_single_image image=\u00a0\u00bb14841&Prime; img_size=\u00a0\u00bb700&#215;350&Prime;][\/vc_column][\/vc_row][vc_row][vc_column][vc_video link=\u00a0\u00bbhttps:\/\/youtu.be\/orGAAt48oLo\u00a0\u00bb][\/vc_column][\/vc_row][vc_row][vc_column][vc_column_text]<\/p>\n<h2><a href=\"https:\/\/www.isoclip.it\/wp-content\/uploads\/2026\/01\/2512_Catalogo-Isoclip-2026_FRA.pdf\" target=\"_blank\" rel=\"noopener\">T\u00c9L\u00c9CHARGEZ LE CATALOGUE ISOCLIP 2026<\/a><\/h2>\n<p>[\/vc_column_text][\/vc_column][\/vc_row]<\/p>\n<\/div>","protected":false},"excerpt":{"rendered":"<p>[vc_row][vc_column width=\u00a0\u00bb1\/2&Prime;][vc_column_text] Installation Le sens correct pour installer les panneaux ISOCLIP\u00ae est du bas \u00e0 droite et continue vers la gauche. L\u2019\u00e9quipe id\u00e9ale d\u2019op\u00e9rateurs est compos\u00e9e de 3 \u00e0 4 personnes pouvant installer entre 70 et 90 m2 par jour. La colle peut \u00eatre appliqu\u00e9e \u00e0 des temp\u00e9ratures comprises entre 5\u00b0 et 35\u00b0C. ISOCLIP\u00ae peut [&hellip;]<\/p>\n","protected":false},"author":1,"featured_media":0,"parent":0,"menu_order":0,"comment_status":"closed","ping_status":"closed","template":"","meta":{"rs_blank_template":"","rs_page_bg_color":"","slide_template_v7":"","footnotes":""},"class_list":["post-14637","page","type-page","status-publish","hentry"],"yoast_head":"<!-- This site is optimized with the Yoast SEO plugin v27.4 - https:\/\/yoast.com\/product\/yoast-seo-wordpress\/ -->\n<title>Installation - Isoclip<\/title>\n<meta name=\"description\" content=\"Installation d&#039;Isoclip\u00ae : les \u00e9tapes pas \u00e0 pas pour installer les panneaux Isoclip\u00ae et cr\u00e9er une esth\u00e9tique et une isolation sur mesure.\" \/>\n<meta name=\"robots\" content=\"index, follow, max-snippet:-1, max-image-preview:large, max-video-preview:-1\" \/>\n<link rel=\"canonical\" href=\"https:\/\/www.isoclip.it\/fr\/installation\/\" \/>\n<meta property=\"og:locale\" content=\"fr_FR\" \/>\n<meta property=\"og:type\" content=\"article\" \/>\n<meta property=\"og:title\" content=\"Installation de l&#039;Isoclip\" \/>\n<meta property=\"og:description\" content=\"Installation d&#039;Isoclip\u00ae : les \u00e9tapes pas \u00e0 pas pour installer les panneaux Isoclip\u00ae et cr\u00e9er une esth\u00e9tique et une isolation sur mesure.\" \/>\n<meta property=\"og:url\" content=\"https:\/\/www.isoclip.it\/fr\/installation\/\" \/>\n<meta property=\"og:site_name\" content=\"Isoclip\" \/>\n<meta property=\"article:modified_time\" content=\"2026-01-28T11:36:15+00:00\" \/>\n<meta property=\"og:image\" content=\"https:\/\/www.isoclip.it\/wp-content\/uploads\/2024\/01\/Isoclip-facilita\u2560C-posa.jpg\" \/>\n<meta name=\"twitter:card\" content=\"summary_large_image\" \/>\n<meta name=\"twitter:label1\" content=\"Dur\u00e9e de lecture estim\u00e9e\" \/>\n\t<meta name=\"twitter:data1\" content=\"2 minutes\" \/>\n<script type=\"application\/ld+json\" class=\"yoast-schema-graph\">{\"@context\":\"https:\\\/\\\/schema.org\",\"@graph\":[{\"@type\":\"WebPage\",\"@id\":\"https:\\\/\\\/www.isoclip.it\\\/fr\\\/installation\\\/\",\"url\":\"https:\\\/\\\/www.isoclip.it\\\/fr\\\/installation\\\/\",\"name\":\"Installation - Isoclip\",\"isPartOf\":{\"@id\":\"https:\\\/\\\/www.isoclip.it\\\/fr\\\/#website\"},\"datePublished\":\"2024-01-27T06:43:32+00:00\",\"dateModified\":\"2026-01-28T11:36:15+00:00\",\"description\":\"Installation d'Isoclip\u00ae : les \u00e9tapes pas \u00e0 pas pour installer les panneaux Isoclip\u00ae et cr\u00e9er une esth\u00e9tique et une isolation sur mesure.\",\"breadcrumb\":{\"@id\":\"https:\\\/\\\/www.isoclip.it\\\/fr\\\/installation\\\/#breadcrumb\"},\"inLanguage\":\"fr-FR\",\"potentialAction\":[{\"@type\":\"ReadAction\",\"target\":[\"https:\\\/\\\/www.isoclip.it\\\/fr\\\/installation\\\/\"]}]},{\"@type\":\"BreadcrumbList\",\"@id\":\"https:\\\/\\\/www.isoclip.it\\\/fr\\\/installation\\\/#breadcrumb\",\"itemListElement\":[{\"@type\":\"ListItem\",\"position\":1,\"name\":\"Home\",\"item\":\"https:\\\/\\\/www.isoclip.it\\\/fr\\\/\"},{\"@type\":\"ListItem\",\"position\":2,\"name\":\"Installation\"}]},{\"@type\":\"WebSite\",\"@id\":\"https:\\\/\\\/www.isoclip.it\\\/fr\\\/#website\",\"url\":\"https:\\\/\\\/www.isoclip.it\\\/fr\\\/\",\"name\":\"Isoclip\",\"description\":\"Esth\u00e9tique et isolation sur mesure pour vous !\",\"publisher\":{\"@id\":\"https:\\\/\\\/www.isoclip.it\\\/fr\\\/#organization\"},\"potentialAction\":[{\"@type\":\"SearchAction\",\"target\":{\"@type\":\"EntryPoint\",\"urlTemplate\":\"https:\\\/\\\/www.isoclip.it\\\/fr\\\/?s={search_term_string}\"},\"query-input\":{\"@type\":\"PropertyValueSpecification\",\"valueRequired\":true,\"valueName\":\"search_term_string\"}}],\"inLanguage\":\"fr-FR\"},{\"@type\":\"Organization\",\"@id\":\"https:\\\/\\\/www.isoclip.it\\\/fr\\\/#organization\",\"name\":\"Isoclip\",\"url\":\"https:\\\/\\\/www.isoclip.it\\\/fr\\\/\",\"logo\":{\"@type\":\"ImageObject\",\"inLanguage\":\"fr-FR\",\"@id\":\"https:\\\/\\\/www.isoclip.it\\\/fr\\\/#\\\/schema\\\/logo\\\/image\\\/\",\"url\":\"https:\\\/\\\/www.isoclip.it\\\/wp-content\\\/uploads\\\/2024\\\/01\\\/Isoclip-logo.png\",\"contentUrl\":\"https:\\\/\\\/www.isoclip.it\\\/wp-content\\\/uploads\\\/2024\\\/01\\\/Isoclip-logo.png\",\"width\":930,\"height\":300,\"caption\":\"Isoclip\"},\"image\":{\"@id\":\"https:\\\/\\\/www.isoclip.it\\\/fr\\\/#\\\/schema\\\/logo\\\/image\\\/\"},\"sameAs\":[\"https:\\\/\\\/www.linkedin.com\\\/company\\\/isoclip\\\/\"]}]}<\/script>\n<!-- \/ Yoast SEO plugin. -->","yoast_head_json":{"title":"Installation - Isoclip","description":"Installation d'Isoclip\u00ae : les \u00e9tapes pas \u00e0 pas pour installer les panneaux Isoclip\u00ae et cr\u00e9er une esth\u00e9tique et une isolation sur mesure.","robots":{"index":"index","follow":"follow","max-snippet":"max-snippet:-1","max-image-preview":"max-image-preview:large","max-video-preview":"max-video-preview:-1"},"canonical":"https:\/\/www.isoclip.it\/fr\/installation\/","og_locale":"fr_FR","og_type":"article","og_title":"Installation de l'Isoclip","og_description":"Installation d'Isoclip\u00ae : les \u00e9tapes pas \u00e0 pas pour installer les panneaux Isoclip\u00ae et cr\u00e9er une esth\u00e9tique et une isolation sur mesure.","og_url":"https:\/\/www.isoclip.it\/fr\/installation\/","og_site_name":"Isoclip","article_modified_time":"2026-01-28T11:36:15+00:00","og_image":[{"url":"https:\/\/www.isoclip.it\/wp-content\/uploads\/2024\/01\/Isoclip-facilita\u2560C-posa.jpg","type":"","width":"","height":""}],"twitter_card":"summary_large_image","twitter_misc":{"Dur\u00e9e de lecture estim\u00e9e":"2 minutes"},"schema":{"@context":"https:\/\/schema.org","@graph":[{"@type":"WebPage","@id":"https:\/\/www.isoclip.it\/fr\/installation\/","url":"https:\/\/www.isoclip.it\/fr\/installation\/","name":"Installation - Isoclip","isPartOf":{"@id":"https:\/\/www.isoclip.it\/fr\/#website"},"datePublished":"2024-01-27T06:43:32+00:00","dateModified":"2026-01-28T11:36:15+00:00","description":"Installation d'Isoclip\u00ae : les \u00e9tapes pas \u00e0 pas pour installer les panneaux Isoclip\u00ae et cr\u00e9er une esth\u00e9tique et une isolation sur mesure.","breadcrumb":{"@id":"https:\/\/www.isoclip.it\/fr\/installation\/#breadcrumb"},"inLanguage":"fr-FR","potentialAction":[{"@type":"ReadAction","target":["https:\/\/www.isoclip.it\/fr\/installation\/"]}]},{"@type":"BreadcrumbList","@id":"https:\/\/www.isoclip.it\/fr\/installation\/#breadcrumb","itemListElement":[{"@type":"ListItem","position":1,"name":"Home","item":"https:\/\/www.isoclip.it\/fr\/"},{"@type":"ListItem","position":2,"name":"Installation"}]},{"@type":"WebSite","@id":"https:\/\/www.isoclip.it\/fr\/#website","url":"https:\/\/www.isoclip.it\/fr\/","name":"Isoclip","description":"Esth\u00e9tique et isolation sur mesure pour vous !","publisher":{"@id":"https:\/\/www.isoclip.it\/fr\/#organization"},"potentialAction":[{"@type":"SearchAction","target":{"@type":"EntryPoint","urlTemplate":"https:\/\/www.isoclip.it\/fr\/?s={search_term_string}"},"query-input":{"@type":"PropertyValueSpecification","valueRequired":true,"valueName":"search_term_string"}}],"inLanguage":"fr-FR"},{"@type":"Organization","@id":"https:\/\/www.isoclip.it\/fr\/#organization","name":"Isoclip","url":"https:\/\/www.isoclip.it\/fr\/","logo":{"@type":"ImageObject","inLanguage":"fr-FR","@id":"https:\/\/www.isoclip.it\/fr\/#\/schema\/logo\/image\/","url":"https:\/\/www.isoclip.it\/wp-content\/uploads\/2024\/01\/Isoclip-logo.png","contentUrl":"https:\/\/www.isoclip.it\/wp-content\/uploads\/2024\/01\/Isoclip-logo.png","width":930,"height":300,"caption":"Isoclip"},"image":{"@id":"https:\/\/www.isoclip.it\/fr\/#\/schema\/logo\/image\/"},"sameAs":["https:\/\/www.linkedin.com\/company\/isoclip\/"]}]}},"_links":{"self":[{"href":"https:\/\/www.isoclip.it\/fr\/wp-json\/wp\/v2\/pages\/14637","targetHints":{"allow":["GET"]}}],"collection":[{"href":"https:\/\/www.isoclip.it\/fr\/wp-json\/wp\/v2\/pages"}],"about":[{"href":"https:\/\/www.isoclip.it\/fr\/wp-json\/wp\/v2\/types\/page"}],"author":[{"embeddable":true,"href":"https:\/\/www.isoclip.it\/fr\/wp-json\/wp\/v2\/users\/1"}],"replies":[{"embeddable":true,"href":"https:\/\/www.isoclip.it\/fr\/wp-json\/wp\/v2\/comments?post=14637"}],"version-history":[{"count":1,"href":"https:\/\/www.isoclip.it\/fr\/wp-json\/wp\/v2\/pages\/14637\/revisions"}],"predecessor-version":[{"id":16539,"href":"https:\/\/www.isoclip.it\/fr\/wp-json\/wp\/v2\/pages\/14637\/revisions\/16539"}],"wp:attachment":[{"href":"https:\/\/www.isoclip.it\/fr\/wp-json\/wp\/v2\/media?parent=14637"}],"curies":[{"name":"wp","href":"https:\/\/api.w.org\/{rel}","templated":true}]}}