{"id":14645,"date":"2024-01-16T07:55:20","date_gmt":"2024-01-16T06:55:20","guid":{"rendered":"https:\/\/www.isoclip.it\/?page_id=14645"},"modified":"2024-07-15T12:16:36","modified_gmt":"2024-07-15T10:16:36","slug":"faq","status":"publish","type":"page","link":"https:\/\/www.isoclip.it\/fr\/faq\/","title":{"rendered":"FAQ"},"content":{"rendered":"<div class=\"wpb-content-wrapper\"><p>[vc_row][vc_column el_align=\u00a0\u00bbcenter\u00a0\u00bb]<div class='dt-sc-title with-two-border aligncenter'><h2><strong>FAQ<\/strong><\/h2><\/div><div class=\"ult-spacer spacer-69e733ea97aeb\" data-id=\"69e733ea97aeb\" data-height=\"50\" data-height-mobile=\"50\" data-height-tab=\"50\" data-height-tab-portrait=\"\" data-height-mobile-landscape=\"\" style=\"clear:both;display:block;\"><\/div>[vc_column_text]<\/p>\n<h2 style=\"text-align: left;\"><strong>INSTALLATION<\/strong><\/h2>\n<ul>\n<li style=\"text-align: left;\"><em>Pourquoi installer ISOCLIP\u00ae au lieu d&rsquo;un syst\u00e8me d&rsquo;isolation par l&rsquo;ext\u00e9rieur ou d&rsquo;une fa\u00e7ade ventil\u00e9e ?<\/em><\/li>\n<\/ul>\n<p style=\"text-align: left;\">Avec ISOCLIP\u00ae vous b\u00e9n\u00e9ficierez de tous les avantages des syst\u00e8mes d&rsquo;isolation traditionnels. De plus, vous pouvez compter sur une rapidit\u00e9 de pose in\u00e9gal\u00e9e, une haute r\u00e9sistance et un r\u00e9sultat esth\u00e9tique qui reste inchang\u00e9 dans le temps.<\/p>\n<ul style=\"text-align: left;\">\n<li><em> Comment installer un panneau ISOCLIP\u00ae en pr\u00e9sence de canalisations sur la fa\u00e7ade ext\u00e9rieure du b\u00e2timent ?<\/em><\/li>\n<\/ul>\n<p style=\"text-align: left;\">Le panneau isolant peut \u00eatre fa\u00e7onn\u00e9 pour contenir des tuyaux et des syst\u00e8mes de c\u00e2blage externes.<\/p>\n<ul style=\"text-align: left;\">\n<li><em>Comment puis-je installer ISOCLIP\u00ae pr\u00e8s de Windows ?<\/em><\/li>\n<\/ul>\n<p style=\"text-align: left;\">Avec ISOCLIP\u00ae, il est possible de couvrir les rebords de fen\u00eatres ou les zones proches des fen\u00eatres, gr\u00e2ce \u00e0 des pi\u00e8ces sp\u00e9ciales qui permettent de terminer correctement l&rsquo;installation.<\/p>\n<ul style=\"text-align: left;\">\n<li><em>Quel type de maintenance est n\u00e9cessaire pour le syst\u00e8me ISOCLIP\u00ae ?<\/em><\/li>\n<\/ul>\n<p style=\"text-align: left;\">Un panneau isolant \u00e9quip\u00e9 du syst\u00e8me ISOCLIP\u00ae ne n\u00e9cessite aucun entretien ordinaire. La couche externe en gr\u00e8s c\u00e9rame r\u00e9siste aux chocs, au vandalisme et aux intemp\u00e9ries. Votre maison conservera toute sa beaut\u00e9 inchang\u00e9e au fil du temps.<\/p>\n<ul style=\"text-align: left;\">\n<li><em>Qui installe le syst\u00e8me ISOCLIP\u00ae ?<\/em><\/li>\n<\/ul>\n<p style=\"text-align: left;\">Faites confiance \u00e0 un professionnel qualifi\u00e9. En collaboration avec le syst\u00e8me ISOCLIP\u00ae, nous fournissons tous les mat\u00e9riaux consommables n\u00e9cessaires au montage. Appelez-nous pour d\u00e9couvrir les entreprises sp\u00e9cialis\u00e9es dans l&rsquo;installation du syst\u00e8me ISOCLIP\u00ae les plus proches de chez vous.<\/p>\n<ul style=\"text-align: left;\">\n<li><em>Comment est d\u00e9coup\u00e9 le panneau ISOCLIP\u00ae ?<\/em><\/li>\n<\/ul>\n<p style=\"text-align: left;\">La dalle en gr\u00e8s c\u00e9rame est d\u00e9coup\u00e9e avec le disque diamant\u00e9 appropri\u00e9. Couper le panneau isolant n\u00e9cessite un fil chaud ou une scie de menuisier ordinaire.<\/p>\n<ul style=\"text-align: left;\">\n<li><em>Comment percer le panneau ISOCLIP\u00ae ?<\/em><\/li>\n<\/ul>\n<p style=\"text-align: left;\">Pour percer des trous de n&rsquo;importe quel diam\u00e8tre, utilisez les forets tubulaires diamant\u00e9s appropri\u00e9s. \u00c9vitez d&rsquo;utiliser un marteau perforateur.<\/p>\n<p>[\/vc_column_text][vc_column_text]<\/p>\n<h2 style=\"text-align: left;\"><strong>TECHNIQUES<\/strong><\/h2>\n<ul style=\"text-align: left;\">\n<li><em>Combien p\u00e8se un panneau ISOCLIP\u00ae ?<\/em><\/li>\n<\/ul>\n<p style=\"text-align: left;\">Chaque panneau, compos\u00e9 d&rsquo;une couche isolante et d&rsquo;une dalle en gr\u00e8s c\u00e9rame, p\u00e8se entre 11 et 20 kg selon l&rsquo;\u00e9paisseur du mat\u00e9riau c\u00e9ramique et le type d&rsquo;isolation choisi.<\/p>\n<ul style=\"text-align: left;\">\n<li><em>Combien co\u00fbtent les travaux d\u2019installation avec ISOCLIP\u00ae ?<\/em><\/li>\n<\/ul>\n<p style=\"text-align: left;\">Les travaux d&rsquo;installation des panneaux d&rsquo;isolation thermique ISOCLIP\u00ae sont nettement plus pratiques que ceux requis pour les fa\u00e7ades ventil\u00e9es et les syst\u00e8mes d&rsquo;isolation ext\u00e9rieure traditionnels.<\/p>\n<ul style=\"text-align: left;\">\n<li><em>Puis-je choisir le rev\u00eatement c\u00e9ramique des panneaux ISOCLIP\u00ae ?<\/em><\/li>\n<\/ul>\n<p style=\"text-align: left;\">Les panneaux d&rsquo;isolation thermique ISOCLIP\u00ae sont disponibles en 7 finitions diff\u00e9rentes pour personnaliser la fa\u00e7ade du b\u00e2timent avec la dalle en gr\u00e8s c\u00e9rame de votre choix.<\/p>\n<ul style=\"text-align: left;\">\n<li><em>Les panneaux ISOCLIP\u00ae sont-ils r\u00e9sistants au feu ?<\/em><\/li>\n<\/ul>\n<p style=\"text-align: left;\">ISOCLIP\u00ae peut \u00eatre fourni avec diff\u00e9rents types de mat\u00e9riaux isolants ayant des propri\u00e9t\u00e9s de r\u00e9action au feu sp\u00e9cifiques. L&rsquo;enveloppe en gr\u00e8s c\u00e9rame qui l&rsquo;entoure am\u00e9liore \u00e9norm\u00e9ment sa r\u00e9sistance au feu, en la rendant r\u00e9sistante aux flammes nues, tandis que l&rsquo;isolation peut \u00eatre bas\u00e9e sur :<\/p>\n<ol>\n<li style=\"text-align: left;\">Laine de verre en Euroclasse A2-S1, d0<\/li>\n<li style=\"text-align: left;\">A\u00e9rogel de silice en Euroclasse A2-S1, d0<\/li>\n<li style=\"text-align: left;\">EPS additionn\u00e9 de graphite en Euroclasse E (auto-extinguible)<\/li>\n<\/ol>\n<ul>\n<li style=\"text-align: left;\"><em>Combien co\u00fbte ISOCLIP\u00ae ?<\/em><\/li>\n<\/ul>\n<p style=\"text-align: left;\">Un syst\u00e8me d&rsquo;isolation thermique ISOCLIP\u00ae co\u00fbte moins cher que celui n\u00e9cessaire \u00e0 la conception d&rsquo;un mur ventil\u00e9.<\/p>\n<ul style=\"text-align: left;\">\n<li><em>Quelle est l&rsquo;\u00e9paisseur du panneau isolant ?<\/em><\/li>\n<\/ul>\n<p style=\"text-align: left;\">Selon le type d&rsquo;isolant choisi, l&rsquo;\u00e9paisseur varie comme suit :<\/p>\n<ol>\n<li style=\"text-align: left;\">laine de verre disponible dans des \u00e9paisseurs de 80 \u00e0 160 mm<\/li>\n<li style=\"text-align: left;\">panneau Silica Aerogel disponible dans des \u00e9paisseurs de 10 \u00e0 60 mm<\/li>\n<li style=\"text-align: left;\">panneau EPS disponible dans des \u00e9paisseurs de 80 \u00e0 160 mm.<\/li>\n<\/ol>\n<ul style=\"text-align: left;\">\n<li><em>Puis-je choisir la surface en gr\u00e8s c\u00e9rame que je pr\u00e9f\u00e8re ?<\/em><\/li>\n<\/ul>\n<p style=\"text-align: left;\">Le syst\u00e8me d&rsquo;isolation thermique ISOCLIP\u00ae propose sept surfaces standards parmi lesquelles choisir. D&rsquo;autres finitions d&rsquo;aspect sont fournies sur demande.<\/p>\n<ul style=\"text-align: left;\">\n<li><em>Quels sont les d\u00e9lais de livraison ?<\/em><\/li>\n<\/ul>\n<p style=\"text-align: left;\">Les livraisons allant jusqu&rsquo;\u00e0 2 000 panneaux prennent de 30 \u00e0 60 jours. Dans le cas de quantit\u00e9s plus importantes, le d\u00e9lai de livraison est de 90 jours \u00e0 compter de la confirmation de commande.<\/p>\n<ul style=\"text-align: left;\">\n<li><em>Quels formats sont disponibles ?<\/em><\/li>\n<\/ul>\n<p style=\"text-align: left;\">Le panneau ISOCLIP\u00ae est r\u00e9alis\u00e9 au format unique 600 x 1200 mm. Le rev\u00eatement en gr\u00e8s c\u00e9rame a une \u00e9paisseur variable de 6 ou 9 mm.<\/p>\n<p>[\/vc_column_text][vc_column_text]<\/p>\n<h2 style=\"text-align: left;\"><strong>ARTICLES DE SP\u00c9CIFICATION<\/strong><\/h2>\n<p style=\"text-align: left;\">PSE<\/p>\n<p style=\"text-align: left;\">\u201cIsolation thermique des murs ext\u00e9rieurs r\u00e9alis\u00e9e avec des panneaux Isoclip\u00ae 600 x 1200 mm compos\u00e9s de PSE haute densit\u00e9 additionn\u00e9 de graphite, avec r\u00e9sistance au feu Euroclasse E selon DIN 13501-1, conductivit\u00e9 thermique de 0,031 W\/mK selon UNI EN 12667, de diff\u00e9rentes \u00e9paisseurs et gr\u00e8s c\u00e9rame de 6 ou 9 mm d&rsquo;\u00e9paisseur coll\u00e9s et fix\u00e9s m\u00e9caniquement avec des clips de fixation en acier inoxydable de 1 mm d&rsquo;\u00e9paisseur, avec pose au mortier de ciment monocomposant pour le collage de panneaux d&rsquo;isolation thermique pour syst\u00e8mes d&rsquo;isolation par l&rsquo;ext\u00e9rieur, fixation de les crochets avec boulons d&rsquo;expansion et insertion de niveleurs pour r\u00e9gulariser la surface en c\u00e9ramique. Complet avec appr\u00eat et scellement des joints.\u201d<\/p>\n<p style=\"text-align: left;\">FIBRE DE VERRE<\/p>\n<p style=\"text-align: left;\">\u201cRev\u00eatement d&rsquo;isolation thermique des murs ext\u00e9rieurs r\u00e9alis\u00e9 avec des panneaux Isoclip\u00ae 600 x 1200 mm en laine de verre, avec r\u00e9sistance au feu Euroclasse A2-S1, d0 selon DIN 13501-1, conductivit\u00e9 thermique de 0,037 W\/mK selon UNI EN 12667, de diff\u00e9rentes \u00e9paisseurs et gr\u00e8s c\u00e9rame de 6 ou 9 mm d&rsquo;\u00e9paisseur coll\u00e9s et fix\u00e9s m\u00e9caniquement avec des clips de fixation en acier inoxydable de 1 mm d&rsquo;\u00e9paisseur, avec pose au mortier de ciment monocomposant pour le collage de panneaux d&rsquo;isolation thermique pour syst\u00e8mes d&rsquo;isolation ext\u00e9rieure, fixation des crochets avec boulons \u00e0 expansion et insertion de niveleurs pour r\u00e9gulariser la surface c\u00e9ramique. Complet avec appr\u00eat et scellement des joints.\u201d<\/p>\n<p style=\"text-align: left;\">A\u00c9ROGEL<\/p>\n<p style=\"text-align: left;\">\u201cRev\u00eatement d&rsquo;isolation thermique des murs ext\u00e9rieurs r\u00e9alis\u00e9 avec des panneaux Isoclip\u00ae 600 x 1200 mm compos\u00e9s d&rsquo;a\u00e9rogel de silice, avec r\u00e9sistance au feu Euroclasse A2-S1, d0 selon DIN 13501-1, conductivit\u00e9 thermique de 0,016 W\/mK selon UNI EN 12667, de diff\u00e9rentes \u00e9paisseurs et gr\u00e8s c\u00e9rame de 6 ou 9 mm d&rsquo;\u00e9paisseur coll\u00e9s et fix\u00e9s m\u00e9caniquement avec des clips de fixation en acier inoxydable de 1 mm d&rsquo;\u00e9paisseur, avec pose au mortier de ciment monocomposant pour le collage de panneaux d&rsquo;isolation thermique pour syst\u00e8mes d&rsquo;isolation ext\u00e9rieure, fixation des crochets avec boulons \u00e0 expansion et insertion de niveleurs pour r\u00e9gulariser la surface c\u00e9ramique. Complet avec appr\u00eat et scellement des joints.\u201d<\/p>\n<p>[\/vc_column_text][\/vc_column][\/vc_row]<\/p>\n<\/div>","protected":false},"excerpt":{"rendered":"<p>[vc_row][vc_column el_align=\u00a0\u00bbcenter\u00a0\u00bb][vc_column_text] INSTALLATION Pourquoi installer ISOCLIP\u00ae au lieu d&rsquo;un syst\u00e8me d&rsquo;isolation par l&rsquo;ext\u00e9rieur ou d&rsquo;une fa\u00e7ade ventil\u00e9e ? Avec ISOCLIP\u00ae vous b\u00e9n\u00e9ficierez de tous les avantages des syst\u00e8mes d&rsquo;isolation traditionnels. De plus, vous pouvez compter sur une rapidit\u00e9 de pose in\u00e9gal\u00e9e, une haute r\u00e9sistance et un r\u00e9sultat esth\u00e9tique qui reste inchang\u00e9 dans le temps. Comment [&hellip;]<\/p>\n","protected":false},"author":1,"featured_media":0,"parent":0,"menu_order":0,"comment_status":"closed","ping_status":"closed","template":"","meta":{"rs_blank_template":"","rs_page_bg_color":"","slide_template_v7":"","footnotes":""},"class_list":["post-14645","page","type-page","status-publish","hentry"],"yoast_head":"<!-- This site is optimized with the Yoast SEO plugin v27.4 - https:\/\/yoast.com\/product\/yoast-seo-wordpress\/ -->\n<title>FAQ - Isoclip<\/title>\n<meta name=\"description\" content=\"FAQ Isoclip\u00ae\u00a0: les r\u00e9ponses aux questions les plus fr\u00e9quentes sont incluses pour clarifier les doutes les plus courants. Vous ne trouvez pas la r\u00e9ponse\u00a0? Contactez-nous\u00a0!\" \/>\n<meta name=\"robots\" content=\"index, follow, max-snippet:-1, max-image-preview:large, max-video-preview:-1\" \/>\n<link rel=\"canonical\" href=\"https:\/\/www.isoclip.it\/fr\/faq\/\" \/>\n<meta property=\"og:locale\" content=\"fr_FR\" \/>\n<meta property=\"og:type\" content=\"article\" \/>\n<meta property=\"og:title\" content=\"FAQ - Isoclip\" \/>\n<meta property=\"og:description\" content=\"FAQ Isoclip\u00ae\u00a0: les r\u00e9ponses aux questions les plus fr\u00e9quentes sont incluses pour clarifier les doutes les plus courants. Vous ne trouvez pas la r\u00e9ponse\u00a0? Contactez-nous\u00a0!\" \/>\n<meta property=\"og:url\" content=\"https:\/\/www.isoclip.it\/fr\/faq\/\" \/>\n<meta property=\"og:site_name\" content=\"Isoclip\" \/>\n<meta property=\"article:modified_time\" content=\"2024-07-15T10:16:36+00:00\" \/>\n<meta property=\"og:image\" content=\"https:\/\/www.isoclip.it\/wp-content\/uploads\/2024\/01\/Isoclip-prime-icone.jpg\" \/>\n\t<meta property=\"og:image:width\" content=\"1920\" \/>\n\t<meta property=\"og:image:height\" content=\"1079\" \/>\n\t<meta property=\"og:image:type\" content=\"image\/jpeg\" \/>\n<meta name=\"twitter:card\" content=\"summary_large_image\" \/>\n<meta name=\"twitter:label1\" content=\"Dur\u00e9e de lecture estim\u00e9e\" \/>\n\t<meta name=\"twitter:data1\" content=\"6 minutes\" \/>\n<script type=\"application\/ld+json\" class=\"yoast-schema-graph\">{\"@context\":\"https:\\\/\\\/schema.org\",\"@graph\":[{\"@type\":\"WebPage\",\"@id\":\"https:\\\/\\\/www.isoclip.it\\\/fr\\\/faq\\\/\",\"url\":\"https:\\\/\\\/www.isoclip.it\\\/fr\\\/faq\\\/\",\"name\":\"FAQ - Isoclip\",\"isPartOf\":{\"@id\":\"https:\\\/\\\/www.isoclip.it\\\/fr\\\/#website\"},\"datePublished\":\"2024-01-16T06:55:20+00:00\",\"dateModified\":\"2024-07-15T10:16:36+00:00\",\"description\":\"FAQ Isoclip\u00ae\u00a0: les r\u00e9ponses aux questions les plus fr\u00e9quentes sont incluses pour clarifier les doutes les plus courants. Vous ne trouvez pas la r\u00e9ponse\u00a0? Contactez-nous\u00a0!\",\"breadcrumb\":{\"@id\":\"https:\\\/\\\/www.isoclip.it\\\/fr\\\/faq\\\/#breadcrumb\"},\"inLanguage\":\"fr-FR\",\"potentialAction\":[{\"@type\":\"ReadAction\",\"target\":[\"https:\\\/\\\/www.isoclip.it\\\/fr\\\/faq\\\/\"]}]},{\"@type\":\"BreadcrumbList\",\"@id\":\"https:\\\/\\\/www.isoclip.it\\\/fr\\\/faq\\\/#breadcrumb\",\"itemListElement\":[{\"@type\":\"ListItem\",\"position\":1,\"name\":\"Home\",\"item\":\"https:\\\/\\\/www.isoclip.it\\\/fr\\\/\"},{\"@type\":\"ListItem\",\"position\":2,\"name\":\"FAQ\"}]},{\"@type\":\"WebSite\",\"@id\":\"https:\\\/\\\/www.isoclip.it\\\/fr\\\/#website\",\"url\":\"https:\\\/\\\/www.isoclip.it\\\/fr\\\/\",\"name\":\"Isoclip\",\"description\":\"Esth\u00e9tique et isolation sur mesure pour vous !\",\"publisher\":{\"@id\":\"https:\\\/\\\/www.isoclip.it\\\/fr\\\/#organization\"},\"potentialAction\":[{\"@type\":\"SearchAction\",\"target\":{\"@type\":\"EntryPoint\",\"urlTemplate\":\"https:\\\/\\\/www.isoclip.it\\\/fr\\\/?s={search_term_string}\"},\"query-input\":{\"@type\":\"PropertyValueSpecification\",\"valueRequired\":true,\"valueName\":\"search_term_string\"}}],\"inLanguage\":\"fr-FR\"},{\"@type\":\"Organization\",\"@id\":\"https:\\\/\\\/www.isoclip.it\\\/fr\\\/#organization\",\"name\":\"Isoclip\",\"url\":\"https:\\\/\\\/www.isoclip.it\\\/fr\\\/\",\"logo\":{\"@type\":\"ImageObject\",\"inLanguage\":\"fr-FR\",\"@id\":\"https:\\\/\\\/www.isoclip.it\\\/fr\\\/#\\\/schema\\\/logo\\\/image\\\/\",\"url\":\"https:\\\/\\\/www.isoclip.it\\\/wp-content\\\/uploads\\\/2024\\\/01\\\/Isoclip-logo.png\",\"contentUrl\":\"https:\\\/\\\/www.isoclip.it\\\/wp-content\\\/uploads\\\/2024\\\/01\\\/Isoclip-logo.png\",\"width\":930,\"height\":300,\"caption\":\"Isoclip\"},\"image\":{\"@id\":\"https:\\\/\\\/www.isoclip.it\\\/fr\\\/#\\\/schema\\\/logo\\\/image\\\/\"},\"sameAs\":[\"https:\\\/\\\/www.linkedin.com\\\/company\\\/isoclip\\\/\"]}]}<\/script>\n<!-- \/ Yoast SEO plugin. -->","yoast_head_json":{"title":"FAQ - Isoclip","description":"FAQ Isoclip\u00ae\u00a0: les r\u00e9ponses aux questions les plus fr\u00e9quentes sont incluses pour clarifier les doutes les plus courants. Vous ne trouvez pas la r\u00e9ponse\u00a0? Contactez-nous\u00a0!","robots":{"index":"index","follow":"follow","max-snippet":"max-snippet:-1","max-image-preview":"max-image-preview:large","max-video-preview":"max-video-preview:-1"},"canonical":"https:\/\/www.isoclip.it\/fr\/faq\/","og_locale":"fr_FR","og_type":"article","og_title":"FAQ - Isoclip","og_description":"FAQ Isoclip\u00ae\u00a0: les r\u00e9ponses aux questions les plus fr\u00e9quentes sont incluses pour clarifier les doutes les plus courants. Vous ne trouvez pas la r\u00e9ponse\u00a0? Contactez-nous\u00a0!","og_url":"https:\/\/www.isoclip.it\/fr\/faq\/","og_site_name":"Isoclip","article_modified_time":"2024-07-15T10:16:36+00:00","og_image":[{"width":1920,"height":1079,"url":"https:\/\/www.isoclip.it\/wp-content\/uploads\/2024\/01\/Isoclip-prime-icone.jpg","type":"image\/jpeg"}],"twitter_card":"summary_large_image","twitter_misc":{"Dur\u00e9e de lecture estim\u00e9e":"6 minutes"},"schema":{"@context":"https:\/\/schema.org","@graph":[{"@type":"WebPage","@id":"https:\/\/www.isoclip.it\/fr\/faq\/","url":"https:\/\/www.isoclip.it\/fr\/faq\/","name":"FAQ - Isoclip","isPartOf":{"@id":"https:\/\/www.isoclip.it\/fr\/#website"},"datePublished":"2024-01-16T06:55:20+00:00","dateModified":"2024-07-15T10:16:36+00:00","description":"FAQ Isoclip\u00ae\u00a0: les r\u00e9ponses aux questions les plus fr\u00e9quentes sont incluses pour clarifier les doutes les plus courants. Vous ne trouvez pas la r\u00e9ponse\u00a0? Contactez-nous\u00a0!","breadcrumb":{"@id":"https:\/\/www.isoclip.it\/fr\/faq\/#breadcrumb"},"inLanguage":"fr-FR","potentialAction":[{"@type":"ReadAction","target":["https:\/\/www.isoclip.it\/fr\/faq\/"]}]},{"@type":"BreadcrumbList","@id":"https:\/\/www.isoclip.it\/fr\/faq\/#breadcrumb","itemListElement":[{"@type":"ListItem","position":1,"name":"Home","item":"https:\/\/www.isoclip.it\/fr\/"},{"@type":"ListItem","position":2,"name":"FAQ"}]},{"@type":"WebSite","@id":"https:\/\/www.isoclip.it\/fr\/#website","url":"https:\/\/www.isoclip.it\/fr\/","name":"Isoclip","description":"Esth\u00e9tique et isolation sur mesure pour vous !","publisher":{"@id":"https:\/\/www.isoclip.it\/fr\/#organization"},"potentialAction":[{"@type":"SearchAction","target":{"@type":"EntryPoint","urlTemplate":"https:\/\/www.isoclip.it\/fr\/?s={search_term_string}"},"query-input":{"@type":"PropertyValueSpecification","valueRequired":true,"valueName":"search_term_string"}}],"inLanguage":"fr-FR"},{"@type":"Organization","@id":"https:\/\/www.isoclip.it\/fr\/#organization","name":"Isoclip","url":"https:\/\/www.isoclip.it\/fr\/","logo":{"@type":"ImageObject","inLanguage":"fr-FR","@id":"https:\/\/www.isoclip.it\/fr\/#\/schema\/logo\/image\/","url":"https:\/\/www.isoclip.it\/wp-content\/uploads\/2024\/01\/Isoclip-logo.png","contentUrl":"https:\/\/www.isoclip.it\/wp-content\/uploads\/2024\/01\/Isoclip-logo.png","width":930,"height":300,"caption":"Isoclip"},"image":{"@id":"https:\/\/www.isoclip.it\/fr\/#\/schema\/logo\/image\/"},"sameAs":["https:\/\/www.linkedin.com\/company\/isoclip\/"]}]}},"_links":{"self":[{"href":"https:\/\/www.isoclip.it\/fr\/wp-json\/wp\/v2\/pages\/14645","targetHints":{"allow":["GET"]}}],"collection":[{"href":"https:\/\/www.isoclip.it\/fr\/wp-json\/wp\/v2\/pages"}],"about":[{"href":"https:\/\/www.isoclip.it\/fr\/wp-json\/wp\/v2\/types\/page"}],"author":[{"embeddable":true,"href":"https:\/\/www.isoclip.it\/fr\/wp-json\/wp\/v2\/users\/1"}],"replies":[{"embeddable":true,"href":"https:\/\/www.isoclip.it\/fr\/wp-json\/wp\/v2\/comments?post=14645"}],"version-history":[{"count":0,"href":"https:\/\/www.isoclip.it\/fr\/wp-json\/wp\/v2\/pages\/14645\/revisions"}],"wp:attachment":[{"href":"https:\/\/www.isoclip.it\/fr\/wp-json\/wp\/v2\/media?parent=14645"}],"curies":[{"name":"wp","href":"https:\/\/api.w.org\/{rel}","templated":true}]}}