{"id":16006,"date":"2025-09-09T12:30:54","date_gmt":"2025-09-09T10:30:54","guid":{"rendered":"https:\/\/www.isoclip.it\/produits\/accessoires\/"},"modified":"2025-09-09T16:34:32","modified_gmt":"2025-09-09T14:34:32","slug":"accessoires","status":"publish","type":"page","link":"https:\/\/www.isoclip.it\/fr\/produits\/accessoires\/","title":{"rendered":"Accessoires"},"content":{"rendered":"<div class=\"wpb-content-wrapper\"><p>[vc_row][vc_column width=\u00a0\u00bb1\/3&Prime;]<div class='dt-sc-image-flip'><a href='https:\/\/www.isoclip.it\/prodotti\/accessori\/profilo-di-partenza-in-alluminio-anodizzato\/' title='Profilo di partenza in alluminio anodizzato' target='_self'><img loading=\"lazy\" decoding=\"async\" width=\"827\" height=\"551\" src=\"https:\/\/www.isoclip.it\/wp-content\/uploads\/2024\/01\/Isoclip-profilo-di-partenza.png\" class=\"attachment-full\" alt=\"Profil de d\u00e9part en aluminium anodis\u00e9\" title=\"Profil de d\u00e9part en aluminium anodis\u00e9\" srcset=\"https:\/\/www.isoclip.it\/wp-content\/uploads\/2024\/01\/Isoclip-profilo-di-partenza.png 827w, https:\/\/www.isoclip.it\/wp-content\/uploads\/2024\/01\/Isoclip-profilo-di-partenza-300x200.png 300w, https:\/\/www.isoclip.it\/wp-content\/uploads\/2024\/01\/Isoclip-profilo-di-partenza-768x512.png 768w, https:\/\/www.isoclip.it\/wp-content\/uploads\/2024\/01\/Isoclip-profilo-di-partenza-500x333.png 500w\" sizes=\"auto, (max-width: 827px) 100vw, 827px\" \/><img loading=\"lazy\" decoding=\"async\" width=\"827\" height=\"551\" src=\"https:\/\/www.isoclip.it\/wp-content\/uploads\/2024\/01\/Isoclip-profilo-di-partenza.png\" class=\"attachment-full\" alt=\"Profil de d\u00e9part en aluminium anodis\u00e9\" title=\"Profil de d\u00e9part en aluminium anodis\u00e9\" srcset=\"https:\/\/www.isoclip.it\/wp-content\/uploads\/2024\/01\/Isoclip-profilo-di-partenza.png 827w, https:\/\/www.isoclip.it\/wp-content\/uploads\/2024\/01\/Isoclip-profilo-di-partenza-300x200.png 300w, https:\/\/www.isoclip.it\/wp-content\/uploads\/2024\/01\/Isoclip-profilo-di-partenza-768x512.png 768w, https:\/\/www.isoclip.it\/wp-content\/uploads\/2024\/01\/Isoclip-profilo-di-partenza-500x333.png 500w\" sizes=\"auto, (max-width: 827px) 100vw, 827px\" \/><\/a><\/div>[vc_column_text css=\u00a0\u00bb\u00a0\u00bb]<\/p>\n<h3 style=\"text-align: center;\"><a href=\"https:\/\/www.isoclip.it\/prodotti\/accessori\/profilo-di-partenza-in-alluminio-anodizzato\/\">Profil de d\u00e9part en aluminium anodis\u00e9<\/a><\/h3>\n<p>[\/vc_column_text][\/vc_column][vc_column width=\u00a0\u00bb1\/3&Prime;]<div class='dt-sc-image-flip'><a href='https:\/\/www.isoclip.it\/prodotti\/accessori\/chiusura-inferiore-sinistra\/' title='Chiusura inferiore \/ sinistra' target='_self'><img loading=\"lazy\" decoding=\"async\" width=\"591\" height=\"394\" src=\"https:\/\/www.isoclip.it\/wp-content\/uploads\/2024\/01\/Isoclip-chiusura-inferiore-sinistra.png\" class=\"attachment-full\" alt=\"Bas \/ fermeture gauche\" title=\"Bas \/ fermeture gauche\" srcset=\"https:\/\/www.isoclip.it\/wp-content\/uploads\/2024\/01\/Isoclip-chiusura-inferiore-sinistra.png 591w, https:\/\/www.isoclip.it\/wp-content\/uploads\/2024\/01\/Isoclip-chiusura-inferiore-sinistra-300x200.png 300w, https:\/\/www.isoclip.it\/wp-content\/uploads\/2024\/01\/Isoclip-chiusura-inferiore-sinistra-500x333.png 500w\" sizes=\"auto, (max-width: 591px) 100vw, 591px\" \/><img loading=\"lazy\" decoding=\"async\" width=\"591\" height=\"394\" src=\"https:\/\/www.isoclip.it\/wp-content\/uploads\/2024\/01\/Isoclip-chiusura-inferiore-sinistra.png\" class=\"attachment-full\" alt=\"Bas \/ fermeture gauche\" title=\"Bas \/ fermeture gauche\" srcset=\"https:\/\/www.isoclip.it\/wp-content\/uploads\/2024\/01\/Isoclip-chiusura-inferiore-sinistra.png 591w, https:\/\/www.isoclip.it\/wp-content\/uploads\/2024\/01\/Isoclip-chiusura-inferiore-sinistra-300x200.png 300w, https:\/\/www.isoclip.it\/wp-content\/uploads\/2024\/01\/Isoclip-chiusura-inferiore-sinistra-500x333.png 500w\" sizes=\"auto, (max-width: 591px) 100vw, 591px\" \/><\/a><\/div>[vc_column_text css=\u00a0\u00bb\u00a0\u00bb]<\/p>\n<h3 style=\"text-align: center;\"><a href=\"https:\/\/www.isoclip.it\/prodotti\/accessori\/chiusura-inferiore-sinistra\/\">Bas \/ fermeture gauche<\/a><\/h3>\n<p>[\/vc_column_text][\/vc_column][vc_column width=\u00a0\u00bb1\/3&Prime;]<div class='dt-sc-image-flip'><a href='https:\/\/www.isoclip.it\/prodotti\/accessori\/chiusura-superiore-destra\/' title='Chiusura superiore \/ destra' target='_self'><img loading=\"lazy\" decoding=\"async\" width=\"591\" height=\"394\" src=\"https:\/\/www.isoclip.it\/wp-content\/uploads\/2024\/01\/Isoclip-chiusura-superiore-destra.png\" class=\"attachment-full\" alt=\"Fermeture en haut \/ \u00e0 droite\" title=\"Fermeture en haut \/ \u00e0 droite\" srcset=\"https:\/\/www.isoclip.it\/wp-content\/uploads\/2024\/01\/Isoclip-chiusura-superiore-destra.png 591w, https:\/\/www.isoclip.it\/wp-content\/uploads\/2024\/01\/Isoclip-chiusura-superiore-destra-300x200.png 300w, https:\/\/www.isoclip.it\/wp-content\/uploads\/2024\/01\/Isoclip-chiusura-superiore-destra-500x333.png 500w\" sizes=\"auto, (max-width: 591px) 100vw, 591px\" \/><img loading=\"lazy\" decoding=\"async\" width=\"591\" height=\"394\" src=\"https:\/\/www.isoclip.it\/wp-content\/uploads\/2024\/01\/Isoclip-chiusura-superiore-destra-1.png\" class=\"attachment-full\" alt=\"Chiusura superiore \/ destra\" title=\"Isoclip-chiusura-superiore-destra-1\" srcset=\"https:\/\/www.isoclip.it\/wp-content\/uploads\/2024\/01\/Isoclip-chiusura-superiore-destra-1.png 591w, https:\/\/www.isoclip.it\/wp-content\/uploads\/2024\/01\/Isoclip-chiusura-superiore-destra-1-300x200.png 300w, https:\/\/www.isoclip.it\/wp-content\/uploads\/2024\/01\/Isoclip-chiusura-superiore-destra-1-500x333.png 500w\" sizes=\"auto, (max-width: 591px) 100vw, 591px\" \/><\/a><\/div>[vc_column_text css=\u00a0\u00bb\u00a0\u00bb]<\/p>\n<h3 style=\"text-align: center;\"><a href=\"https:\/\/www.isoclip.it\/prodotti\/accessori\/chiusura-superiore-destra\/\">Fermeture en haut \/ \u00e0 droite<\/a><\/h3>\n<p>[\/vc_column_text][\/vc_column][\/vc_row][vc_row][vc_column width=\u00a0\u00bb1\/3&Prime;]<div class='dt-sc-image-flip'><a href='https:\/\/www.isoclip.it\/prodotti\/accessori\/copridavanzale-sagomato\/' title='Profilo di partenza in alluminio anodizzato' target='_self'><img loading=\"lazy\" decoding=\"async\" width=\"591\" height=\"394\" src=\"https:\/\/www.isoclip.it\/wp-content\/uploads\/2024\/01\/isoclip-copridavanzale-sagomato.png\" class=\"attachment-full\" alt=\"Couvercle de seuil moul\u00e9\" title=\"Couvercle de seuil moul\u00e9\" srcset=\"https:\/\/www.isoclip.it\/wp-content\/uploads\/2024\/01\/isoclip-copridavanzale-sagomato.png 591w, https:\/\/www.isoclip.it\/wp-content\/uploads\/2024\/01\/isoclip-copridavanzale-sagomato-300x200.png 300w, https:\/\/www.isoclip.it\/wp-content\/uploads\/2024\/01\/isoclip-copridavanzale-sagomato-500x333.png 500w\" sizes=\"auto, (max-width: 591px) 100vw, 591px\" \/><img loading=\"lazy\" decoding=\"async\" width=\"591\" height=\"394\" src=\"https:\/\/www.isoclip.it\/wp-content\/uploads\/2024\/01\/isoclip-copridavanzale-sagomato-2.png\" class=\"attachment-full\" alt=\"Copridavanzale sagomato\" title=\"isoclip-copridavanzale-sagomato-2\" srcset=\"https:\/\/www.isoclip.it\/wp-content\/uploads\/2024\/01\/isoclip-copridavanzale-sagomato-2.png 591w, https:\/\/www.isoclip.it\/wp-content\/uploads\/2024\/01\/isoclip-copridavanzale-sagomato-2-300x200.png 300w, https:\/\/www.isoclip.it\/wp-content\/uploads\/2024\/01\/isoclip-copridavanzale-sagomato-2-500x333.png 500w\" sizes=\"auto, (max-width: 591px) 100vw, 591px\" \/><\/a><\/div>[vc_column_text css=\u00a0\u00bb\u00a0\u00bb]<\/p>\n<h3 style=\"text-align: center;\"><a href=\"https:\/\/www.isoclip.it\/prodotti\/accessori\/copridavanzale-sagomato\/\">Couvercle de seuil moul\u00e9<\/a><\/h3>\n<p>[\/vc_column_text][\/vc_column][vc_column width=\u00a0\u00bb1\/3&Prime;]<div class='dt-sc-image-flip'><a href='https:\/\/www.isoclip.it\/prodotti\/accessori\/copridavanzale-diritto\/' title='Copridavanzale diritto' target='_self'><img loading=\"lazy\" decoding=\"async\" width=\"591\" height=\"394\" src=\"https:\/\/www.isoclip.it\/wp-content\/uploads\/2024\/01\/Isoclip-copridavanzale-diritto-1.png\" class=\"attachment-full\" alt=\"Couvercle de seuil droit\" title=\"Couvercle de seuil droit\" srcset=\"https:\/\/www.isoclip.it\/wp-content\/uploads\/2024\/01\/Isoclip-copridavanzale-diritto-1.png 591w, https:\/\/www.isoclip.it\/wp-content\/uploads\/2024\/01\/Isoclip-copridavanzale-diritto-1-300x200.png 300w, https:\/\/www.isoclip.it\/wp-content\/uploads\/2024\/01\/Isoclip-copridavanzale-diritto-1-500x333.png 500w\" sizes=\"auto, (max-width: 591px) 100vw, 591px\" \/><img loading=\"lazy\" decoding=\"async\" width=\"591\" height=\"394\" src=\"https:\/\/www.isoclip.it\/wp-content\/uploads\/2024\/01\/Isoclip-copridavanzale-diritto.png\" class=\"attachment-full\" alt=\"Copridavanzale diritto\" title=\"Isoclip-copridavanzale-diritto\" srcset=\"https:\/\/www.isoclip.it\/wp-content\/uploads\/2024\/01\/Isoclip-copridavanzale-diritto.png 591w, https:\/\/www.isoclip.it\/wp-content\/uploads\/2024\/01\/Isoclip-copridavanzale-diritto-300x200.png 300w, https:\/\/www.isoclip.it\/wp-content\/uploads\/2024\/01\/Isoclip-copridavanzale-diritto-500x333.png 500w\" sizes=\"auto, (max-width: 591px) 100vw, 591px\" \/><\/a><\/div>[vc_column_text css=\u00a0\u00bb\u00a0\u00bb]<\/p>\n<h3 style=\"text-align: center;\"><a href=\"https:\/\/www.isoclip.it\/prodotti\/accessori\/copridavanzale-diritto\/\">Couvercle de seuil droit<\/a><\/h3>\n<p>[\/vc_column_text][\/vc_column][vc_column width=\u00a0\u00bb1\/3&Prime;]<div class='dt-sc-image-flip'><a href='https:\/\/www.isoclip.it\/prodotti\/accessori\/imbotte\/' title='Imbotte' target='_self'><img loading=\"lazy\" decoding=\"async\" width=\"394\" height=\"591\" src=\"https:\/\/www.isoclip.it\/wp-content\/uploads\/2024\/01\/Isoclip-imbotte-e1707754946560.png\" class=\"attachment-full\" alt=\"Imbotte\" title=\"Imbotte\" \/><img loading=\"lazy\" decoding=\"async\" width=\"394\" height=\"591\" src=\"https:\/\/www.isoclip.it\/wp-content\/uploads\/2024\/01\/Isoclip-imbotte-e1707754946560.png\" class=\"attachment-full\" alt=\"Imbotte\" title=\"Imbotte\" \/><\/a><\/div>[vc_column_text css=\u00a0\u00bb\u00a0\u00bb]<\/p>\n<h3 style=\"text-align: center;\"><a href=\"https:\/\/www.isoclip.it\/prodotti\/accessori\/imbotte\/\">Imbotte<\/a><\/h3>\n<p>[\/vc_column_text][\/vc_column][\/vc_row]<\/p>\n<\/div>","protected":false},"excerpt":{"rendered":"<p>[vc_row][vc_column width=\u00a0\u00bb1\/3&Prime;][vc_column_text css=\u00a0\u00bb\u00a0\u00bb] Profil de d\u00e9part en aluminium anodis\u00e9 [\/vc_column_text][\/vc_column][vc_column width=\u00a0\u00bb1\/3&Prime;][vc_column_text css=\u00a0\u00bb\u00a0\u00bb] Bas \/ fermeture gauche [\/vc_column_text][\/vc_column][vc_column width=\u00a0\u00bb1\/3&Prime;][vc_column_text css=\u00a0\u00bb\u00a0\u00bb] Fermeture en haut \/ \u00e0 droite [\/vc_column_text][\/vc_column][\/vc_row][vc_row][vc_column width=\u00a0\u00bb1\/3&Prime;][vc_column_text css=\u00a0\u00bb\u00a0\u00bb] Couvercle de seuil moul\u00e9 [\/vc_column_text][\/vc_column][vc_column width=\u00a0\u00bb1\/3&Prime;][vc_column_text css=\u00a0\u00bb\u00a0\u00bb] Couvercle de seuil droit [\/vc_column_text][\/vc_column][vc_column width=\u00a0\u00bb1\/3&Prime;][vc_column_text css=\u00a0\u00bb\u00a0\u00bb] Imbotte [\/vc_column_text][\/vc_column][\/vc_row]<\/p>\n","protected":false},"author":3,"featured_media":0,"parent":16000,"menu_order":0,"comment_status":"closed","ping_status":"closed","template":"","meta":{"rs_blank_template":"","rs_page_bg_color":"","slide_template_v7":"","footnotes":""},"class_list":["post-16006","page","type-page","status-publish","hentry"],"yoast_head":"<!-- This site is optimized with the Yoast SEO plugin v27.4 - https:\/\/yoast.com\/product\/yoast-seo-wordpress\/ -->\n<title>Accessoires - Isoclip<\/title>\n<meta name=\"description\" content=\"Compl\u00e9tez votre syst\u00e8me d&#039;isolation avec les accessoires Isoclip. D\u00e9couvrez une large gamme de produits, des profil\u00e9s de base aux vis, pour une installation parfaite et professionnelle.\" \/>\n<meta name=\"robots\" content=\"index, follow, max-snippet:-1, max-image-preview:large, max-video-preview:-1\" \/>\n<link rel=\"canonical\" href=\"https:\/\/www.isoclip.it\/fr\/produits\/accessoires\/\" \/>\n<meta property=\"og:locale\" content=\"fr_FR\" \/>\n<meta property=\"og:type\" content=\"article\" \/>\n<meta property=\"og:title\" content=\"Accessoires - Isoclip\" \/>\n<meta property=\"og:description\" content=\"Compl\u00e9tez votre syst\u00e8me d&#039;isolation avec les accessoires Isoclip. D\u00e9couvrez une large gamme de produits, des profil\u00e9s de base aux vis, pour une installation parfaite et professionnelle.\" \/>\n<meta property=\"og:url\" content=\"https:\/\/www.isoclip.it\/fr\/produits\/accessoires\/\" \/>\n<meta property=\"og:site_name\" content=\"Isoclip\" \/>\n<meta property=\"article:modified_time\" content=\"2025-09-09T14:34:32+00:00\" \/>\n<meta property=\"og:image\" content=\"https:\/\/www.isoclip.it\/wp-content\/uploads\/2024\/01\/Isoclip-prime-icone.jpg\" \/>\n\t<meta property=\"og:image:width\" content=\"1920\" \/>\n\t<meta property=\"og:image:height\" content=\"1079\" \/>\n\t<meta property=\"og:image:type\" content=\"image\/jpeg\" \/>\n<meta name=\"twitter:card\" content=\"summary_large_image\" \/>\n<meta name=\"twitter:label1\" content=\"Dur\u00e9e de lecture estim\u00e9e\" \/>\n\t<meta name=\"twitter:data1\" content=\"1 minute\" \/>\n<script type=\"application\/ld+json\" class=\"yoast-schema-graph\">{\"@context\":\"https:\\\/\\\/schema.org\",\"@graph\":[{\"@type\":\"WebPage\",\"@id\":\"https:\\\/\\\/www.isoclip.it\\\/fr\\\/produits\\\/accessoires\\\/\",\"url\":\"https:\\\/\\\/www.isoclip.it\\\/fr\\\/produits\\\/accessoires\\\/\",\"name\":\"Accessoires - Isoclip\",\"isPartOf\":{\"@id\":\"https:\\\/\\\/www.isoclip.it\\\/fr\\\/#website\"},\"datePublished\":\"2025-09-09T10:30:54+00:00\",\"dateModified\":\"2025-09-09T14:34:32+00:00\",\"description\":\"Compl\u00e9tez votre syst\u00e8me d'isolation avec les accessoires Isoclip. D\u00e9couvrez une large gamme de produits, des profil\u00e9s de base aux vis, pour une installation parfaite et professionnelle.\",\"breadcrumb\":{\"@id\":\"https:\\\/\\\/www.isoclip.it\\\/fr\\\/produits\\\/accessoires\\\/#breadcrumb\"},\"inLanguage\":\"fr-FR\",\"potentialAction\":[{\"@type\":\"ReadAction\",\"target\":[\"https:\\\/\\\/www.isoclip.it\\\/fr\\\/produits\\\/accessoires\\\/\"]}]},{\"@type\":\"BreadcrumbList\",\"@id\":\"https:\\\/\\\/www.isoclip.it\\\/fr\\\/produits\\\/accessoires\\\/#breadcrumb\",\"itemListElement\":[{\"@type\":\"ListItem\",\"position\":1,\"name\":\"Home\",\"item\":\"https:\\\/\\\/www.isoclip.it\\\/fr\\\/\"},{\"@type\":\"ListItem\",\"position\":2,\"name\":\"Produits\",\"item\":\"https:\\\/\\\/www.isoclip.it\\\/fr\\\/produits\\\/\"},{\"@type\":\"ListItem\",\"position\":3,\"name\":\"Accessoires\"}]},{\"@type\":\"WebSite\",\"@id\":\"https:\\\/\\\/www.isoclip.it\\\/fr\\\/#website\",\"url\":\"https:\\\/\\\/www.isoclip.it\\\/fr\\\/\",\"name\":\"Isoclip\",\"description\":\"Esth\u00e9tique et isolation sur mesure pour vous !\",\"publisher\":{\"@id\":\"https:\\\/\\\/www.isoclip.it\\\/fr\\\/#organization\"},\"potentialAction\":[{\"@type\":\"SearchAction\",\"target\":{\"@type\":\"EntryPoint\",\"urlTemplate\":\"https:\\\/\\\/www.isoclip.it\\\/fr\\\/?s={search_term_string}\"},\"query-input\":{\"@type\":\"PropertyValueSpecification\",\"valueRequired\":true,\"valueName\":\"search_term_string\"}}],\"inLanguage\":\"fr-FR\"},{\"@type\":\"Organization\",\"@id\":\"https:\\\/\\\/www.isoclip.it\\\/fr\\\/#organization\",\"name\":\"Isoclip\",\"url\":\"https:\\\/\\\/www.isoclip.it\\\/fr\\\/\",\"logo\":{\"@type\":\"ImageObject\",\"inLanguage\":\"fr-FR\",\"@id\":\"https:\\\/\\\/www.isoclip.it\\\/fr\\\/#\\\/schema\\\/logo\\\/image\\\/\",\"url\":\"https:\\\/\\\/www.isoclip.it\\\/wp-content\\\/uploads\\\/2024\\\/01\\\/Isoclip-logo.png\",\"contentUrl\":\"https:\\\/\\\/www.isoclip.it\\\/wp-content\\\/uploads\\\/2024\\\/01\\\/Isoclip-logo.png\",\"width\":930,\"height\":300,\"caption\":\"Isoclip\"},\"image\":{\"@id\":\"https:\\\/\\\/www.isoclip.it\\\/fr\\\/#\\\/schema\\\/logo\\\/image\\\/\"},\"sameAs\":[\"https:\\\/\\\/www.linkedin.com\\\/company\\\/isoclip\\\/\"]}]}<\/script>\n<!-- \/ Yoast SEO plugin. -->","yoast_head_json":{"title":"Accessoires - Isoclip","description":"Compl\u00e9tez votre syst\u00e8me d'isolation avec les accessoires Isoclip. D\u00e9couvrez une large gamme de produits, des profil\u00e9s de base aux vis, pour une installation parfaite et professionnelle.","robots":{"index":"index","follow":"follow","max-snippet":"max-snippet:-1","max-image-preview":"max-image-preview:large","max-video-preview":"max-video-preview:-1"},"canonical":"https:\/\/www.isoclip.it\/fr\/produits\/accessoires\/","og_locale":"fr_FR","og_type":"article","og_title":"Accessoires - Isoclip","og_description":"Compl\u00e9tez votre syst\u00e8me d'isolation avec les accessoires Isoclip. D\u00e9couvrez une large gamme de produits, des profil\u00e9s de base aux vis, pour une installation parfaite et professionnelle.","og_url":"https:\/\/www.isoclip.it\/fr\/produits\/accessoires\/","og_site_name":"Isoclip","article_modified_time":"2025-09-09T14:34:32+00:00","og_image":[{"width":1920,"height":1079,"url":"https:\/\/www.isoclip.it\/wp-content\/uploads\/2024\/01\/Isoclip-prime-icone.jpg","type":"image\/jpeg"}],"twitter_card":"summary_large_image","twitter_misc":{"Dur\u00e9e de lecture estim\u00e9e":"1 minute"},"schema":{"@context":"https:\/\/schema.org","@graph":[{"@type":"WebPage","@id":"https:\/\/www.isoclip.it\/fr\/produits\/accessoires\/","url":"https:\/\/www.isoclip.it\/fr\/produits\/accessoires\/","name":"Accessoires - Isoclip","isPartOf":{"@id":"https:\/\/www.isoclip.it\/fr\/#website"},"datePublished":"2025-09-09T10:30:54+00:00","dateModified":"2025-09-09T14:34:32+00:00","description":"Compl\u00e9tez votre syst\u00e8me d'isolation avec les accessoires Isoclip. D\u00e9couvrez une large gamme de produits, des profil\u00e9s de base aux vis, pour une installation parfaite et professionnelle.","breadcrumb":{"@id":"https:\/\/www.isoclip.it\/fr\/produits\/accessoires\/#breadcrumb"},"inLanguage":"fr-FR","potentialAction":[{"@type":"ReadAction","target":["https:\/\/www.isoclip.it\/fr\/produits\/accessoires\/"]}]},{"@type":"BreadcrumbList","@id":"https:\/\/www.isoclip.it\/fr\/produits\/accessoires\/#breadcrumb","itemListElement":[{"@type":"ListItem","position":1,"name":"Home","item":"https:\/\/www.isoclip.it\/fr\/"},{"@type":"ListItem","position":2,"name":"Produits","item":"https:\/\/www.isoclip.it\/fr\/produits\/"},{"@type":"ListItem","position":3,"name":"Accessoires"}]},{"@type":"WebSite","@id":"https:\/\/www.isoclip.it\/fr\/#website","url":"https:\/\/www.isoclip.it\/fr\/","name":"Isoclip","description":"Esth\u00e9tique et isolation sur mesure pour vous !","publisher":{"@id":"https:\/\/www.isoclip.it\/fr\/#organization"},"potentialAction":[{"@type":"SearchAction","target":{"@type":"EntryPoint","urlTemplate":"https:\/\/www.isoclip.it\/fr\/?s={search_term_string}"},"query-input":{"@type":"PropertyValueSpecification","valueRequired":true,"valueName":"search_term_string"}}],"inLanguage":"fr-FR"},{"@type":"Organization","@id":"https:\/\/www.isoclip.it\/fr\/#organization","name":"Isoclip","url":"https:\/\/www.isoclip.it\/fr\/","logo":{"@type":"ImageObject","inLanguage":"fr-FR","@id":"https:\/\/www.isoclip.it\/fr\/#\/schema\/logo\/image\/","url":"https:\/\/www.isoclip.it\/wp-content\/uploads\/2024\/01\/Isoclip-logo.png","contentUrl":"https:\/\/www.isoclip.it\/wp-content\/uploads\/2024\/01\/Isoclip-logo.png","width":930,"height":300,"caption":"Isoclip"},"image":{"@id":"https:\/\/www.isoclip.it\/fr\/#\/schema\/logo\/image\/"},"sameAs":["https:\/\/www.linkedin.com\/company\/isoclip\/"]}]}},"_links":{"self":[{"href":"https:\/\/www.isoclip.it\/fr\/wp-json\/wp\/v2\/pages\/16006","targetHints":{"allow":["GET"]}}],"collection":[{"href":"https:\/\/www.isoclip.it\/fr\/wp-json\/wp\/v2\/pages"}],"about":[{"href":"https:\/\/www.isoclip.it\/fr\/wp-json\/wp\/v2\/types\/page"}],"author":[{"embeddable":true,"href":"https:\/\/www.isoclip.it\/fr\/wp-json\/wp\/v2\/users\/3"}],"replies":[{"embeddable":true,"href":"https:\/\/www.isoclip.it\/fr\/wp-json\/wp\/v2\/comments?post=16006"}],"version-history":[{"count":1,"href":"https:\/\/www.isoclip.it\/fr\/wp-json\/wp\/v2\/pages\/16006\/revisions"}],"predecessor-version":[{"id":16007,"href":"https:\/\/www.isoclip.it\/fr\/wp-json\/wp\/v2\/pages\/16006\/revisions\/16007"}],"up":[{"embeddable":true,"href":"https:\/\/www.isoclip.it\/fr\/wp-json\/wp\/v2\/pages\/16000"}],"wp:attachment":[{"href":"https:\/\/www.isoclip.it\/fr\/wp-json\/wp\/v2\/media?parent=16006"}],"curies":[{"name":"wp","href":"https:\/\/api.w.org\/{rel}","templated":true}]}}