{"id":16037,"date":"2025-09-09T16:09:53","date_gmt":"2025-09-09T14:09:53","guid":{"rendered":"https:\/\/www.isoclip.it\/produits\/accessoires\/couvercle-de-seuil-droit\/"},"modified":"2025-09-09T16:54:15","modified_gmt":"2025-09-09T14:54:15","slug":"couvercle-de-seuil-droit","status":"publish","type":"page","link":"https:\/\/www.isoclip.it\/fr\/produits\/accessoires\/couvercle-de-seuil-droit\/","title":{"rendered":"Couvercle de seuil droit"},"content":{"rendered":"<div class=\"wpb-content-wrapper\"><p>[vc_row][vc_column width=\u00a0\u00bb1\/3&Prime;][vc_images_carousel images=\u00a0\u00bb11703,11698,11708&Prime; img_size=\u00a0\u00bbfull\u00a0\u00bb autoplay=\u00a0\u00bbyes\u00a0\u00bb hide_pagination_control=\u00a0\u00bbyes\u00a0\u00bb wrap=\u00a0\u00bbyes\u00a0\u00bb css=\u00a0\u00bb\u00a0\u00bb][\/vc_column][vc_column width=\u00a0\u00bb2\/3&Prime;][vc_column_text css=\u00a0\u00bb\u00a0\u00bb]<\/p>\n<h1 class=\"product_title entry-title\">Couvercle de seuil droit<\/h1>\n<div class=\"woocommerce-product-details__short-description\">\n<p>Panneau isolant en silice a\u00e9rogel et gr\u00e8s c\u00e9rame &#8211; largeur de passage 30 cm<\/p>\n<\/div>\n<div class=\"product_meta\"><\/div>\n<p>[\/vc_column_text][\/vc_column][\/vc_row]<\/p>\n<\/div>","protected":false},"excerpt":{"rendered":"<p>[vc_row][vc_column width=\u00a0\u00bb1\/3&Prime;][vc_images_carousel images=\u00a0\u00bb11703,11698,11708&Prime; img_size=\u00a0\u00bbfull\u00a0\u00bb autoplay=\u00a0\u00bbyes\u00a0\u00bb hide_pagination_control=\u00a0\u00bbyes\u00a0\u00bb wrap=\u00a0\u00bbyes\u00a0\u00bb css=\u00a0\u00bb\u00a0\u00bb][\/vc_column][vc_column width=\u00a0\u00bb2\/3&Prime;][vc_column_text css=\u00a0\u00bb\u00a0\u00bb] Couvercle de seuil droit Panneau isolant en silice a\u00e9rogel et gr\u00e8s c\u00e9rame &#8211; largeur de passage 30 cm [\/vc_column_text][\/vc_column][\/vc_row]<\/p>\n","protected":false},"author":2,"featured_media":0,"parent":16006,"menu_order":0,"comment_status":"closed","ping_status":"closed","template":"","meta":{"rs_blank_template":"","rs_page_bg_color":"","slide_template_v7":"","footnotes":""},"class_list":["post-16037","page","type-page","status-publish","hentry"],"yoast_head":"<!-- This site is optimized with the Yoast SEO plugin v27.4 - https:\/\/yoast.com\/product\/yoast-seo-wordpress\/ -->\n<title>Couvercle de seuil droit - Isoclip<\/title>\n<meta name=\"description\" content=\"Assurez une protection compl\u00e8te et une finition nette \u00e0 votre syst\u00e8me d&#039;isolation. Choisissez le couvercle de seuil droit Isoclip pour un r\u00e9sultat professionnel et r\u00e9sistant dans le temps.\" \/>\n<meta name=\"robots\" content=\"index, follow, max-snippet:-1, max-image-preview:large, max-video-preview:-1\" \/>\n<link rel=\"canonical\" href=\"https:\/\/www.isoclip.it\/fr\/produits\/accessoires\/couvercle-de-seuil-droit\/\" \/>\n<meta property=\"og:locale\" content=\"fr_FR\" \/>\n<meta property=\"og:type\" content=\"article\" \/>\n<meta property=\"og:title\" content=\"Couvercle de seuil droit - Isoclip\" \/>\n<meta property=\"og:description\" content=\"Assurez une protection compl\u00e8te et une finition nette \u00e0 votre syst\u00e8me d&#039;isolation. Choisissez le couvercle de seuil droit Isoclip pour un r\u00e9sultat professionnel et r\u00e9sistant dans le temps.\" \/>\n<meta property=\"og:url\" content=\"https:\/\/www.isoclip.it\/fr\/produits\/accessoires\/couvercle-de-seuil-droit\/\" \/>\n<meta property=\"og:site_name\" content=\"Isoclip\" \/>\n<meta property=\"article:modified_time\" content=\"2025-09-09T14:54:15+00:00\" \/>\n<meta property=\"og:image\" content=\"https:\/\/www.isoclip.it\/wp-content\/uploads\/2024\/01\/Isoclip-prime-icone.jpg\" \/>\n\t<meta property=\"og:image:width\" content=\"1920\" \/>\n\t<meta property=\"og:image:height\" content=\"1079\" \/>\n\t<meta property=\"og:image:type\" content=\"image\/jpeg\" \/>\n<meta name=\"twitter:card\" content=\"summary_large_image\" \/>\n<script type=\"application\/ld+json\" class=\"yoast-schema-graph\">{\"@context\":\"https:\\\/\\\/schema.org\",\"@graph\":[{\"@type\":\"WebPage\",\"@id\":\"https:\\\/\\\/www.isoclip.it\\\/fr\\\/produits\\\/accessoires\\\/couvercle-de-seuil-droit\\\/\",\"url\":\"https:\\\/\\\/www.isoclip.it\\\/fr\\\/produits\\\/accessoires\\\/couvercle-de-seuil-droit\\\/\",\"name\":\"Couvercle de seuil droit - Isoclip\",\"isPartOf\":{\"@id\":\"https:\\\/\\\/www.isoclip.it\\\/fr\\\/#website\"},\"datePublished\":\"2025-09-09T14:09:53+00:00\",\"dateModified\":\"2025-09-09T14:54:15+00:00\",\"description\":\"Assurez une protection compl\u00e8te et une finition nette \u00e0 votre syst\u00e8me d'isolation. Choisissez le couvercle de seuil droit Isoclip pour un r\u00e9sultat professionnel et r\u00e9sistant dans le temps.\",\"breadcrumb\":{\"@id\":\"https:\\\/\\\/www.isoclip.it\\\/fr\\\/produits\\\/accessoires\\\/couvercle-de-seuil-droit\\\/#breadcrumb\"},\"inLanguage\":\"fr-FR\",\"potentialAction\":[{\"@type\":\"ReadAction\",\"target\":[\"https:\\\/\\\/www.isoclip.it\\\/fr\\\/produits\\\/accessoires\\\/couvercle-de-seuil-droit\\\/\"]}]},{\"@type\":\"BreadcrumbList\",\"@id\":\"https:\\\/\\\/www.isoclip.it\\\/fr\\\/produits\\\/accessoires\\\/couvercle-de-seuil-droit\\\/#breadcrumb\",\"itemListElement\":[{\"@type\":\"ListItem\",\"position\":1,\"name\":\"Home\",\"item\":\"https:\\\/\\\/www.isoclip.it\\\/fr\\\/\"},{\"@type\":\"ListItem\",\"position\":2,\"name\":\"Produits\",\"item\":\"https:\\\/\\\/www.isoclip.it\\\/fr\\\/produits\\\/\"},{\"@type\":\"ListItem\",\"position\":3,\"name\":\"Accessoires\",\"item\":\"https:\\\/\\\/www.isoclip.it\\\/fr\\\/produits\\\/accessoires\\\/\"},{\"@type\":\"ListItem\",\"position\":4,\"name\":\"Couvercle de seuil droit\"}]},{\"@type\":\"WebSite\",\"@id\":\"https:\\\/\\\/www.isoclip.it\\\/fr\\\/#website\",\"url\":\"https:\\\/\\\/www.isoclip.it\\\/fr\\\/\",\"name\":\"Isoclip\",\"description\":\"Esth\u00e9tique et isolation sur mesure pour vous !\",\"publisher\":{\"@id\":\"https:\\\/\\\/www.isoclip.it\\\/fr\\\/#organization\"},\"potentialAction\":[{\"@type\":\"SearchAction\",\"target\":{\"@type\":\"EntryPoint\",\"urlTemplate\":\"https:\\\/\\\/www.isoclip.it\\\/fr\\\/?s={search_term_string}\"},\"query-input\":{\"@type\":\"PropertyValueSpecification\",\"valueRequired\":true,\"valueName\":\"search_term_string\"}}],\"inLanguage\":\"fr-FR\"},{\"@type\":\"Organization\",\"@id\":\"https:\\\/\\\/www.isoclip.it\\\/fr\\\/#organization\",\"name\":\"Isoclip\",\"url\":\"https:\\\/\\\/www.isoclip.it\\\/fr\\\/\",\"logo\":{\"@type\":\"ImageObject\",\"inLanguage\":\"fr-FR\",\"@id\":\"https:\\\/\\\/www.isoclip.it\\\/fr\\\/#\\\/schema\\\/logo\\\/image\\\/\",\"url\":\"https:\\\/\\\/www.isoclip.it\\\/wp-content\\\/uploads\\\/2024\\\/01\\\/Isoclip-logo.png\",\"contentUrl\":\"https:\\\/\\\/www.isoclip.it\\\/wp-content\\\/uploads\\\/2024\\\/01\\\/Isoclip-logo.png\",\"width\":930,\"height\":300,\"caption\":\"Isoclip\"},\"image\":{\"@id\":\"https:\\\/\\\/www.isoclip.it\\\/fr\\\/#\\\/schema\\\/logo\\\/image\\\/\"},\"sameAs\":[\"https:\\\/\\\/www.linkedin.com\\\/company\\\/isoclip\\\/\"]}]}<\/script>\n<!-- \/ Yoast SEO plugin. -->","yoast_head_json":{"title":"Couvercle de seuil droit - Isoclip","description":"Assurez une protection compl\u00e8te et une finition nette \u00e0 votre syst\u00e8me d'isolation. Choisissez le couvercle de seuil droit Isoclip pour un r\u00e9sultat professionnel et r\u00e9sistant dans le temps.","robots":{"index":"index","follow":"follow","max-snippet":"max-snippet:-1","max-image-preview":"max-image-preview:large","max-video-preview":"max-video-preview:-1"},"canonical":"https:\/\/www.isoclip.it\/fr\/produits\/accessoires\/couvercle-de-seuil-droit\/","og_locale":"fr_FR","og_type":"article","og_title":"Couvercle de seuil droit - Isoclip","og_description":"Assurez une protection compl\u00e8te et une finition nette \u00e0 votre syst\u00e8me d'isolation. Choisissez le couvercle de seuil droit Isoclip pour un r\u00e9sultat professionnel et r\u00e9sistant dans le temps.","og_url":"https:\/\/www.isoclip.it\/fr\/produits\/accessoires\/couvercle-de-seuil-droit\/","og_site_name":"Isoclip","article_modified_time":"2025-09-09T14:54:15+00:00","og_image":[{"width":1920,"height":1079,"url":"https:\/\/www.isoclip.it\/wp-content\/uploads\/2024\/01\/Isoclip-prime-icone.jpg","type":"image\/jpeg"}],"twitter_card":"summary_large_image","schema":{"@context":"https:\/\/schema.org","@graph":[{"@type":"WebPage","@id":"https:\/\/www.isoclip.it\/fr\/produits\/accessoires\/couvercle-de-seuil-droit\/","url":"https:\/\/www.isoclip.it\/fr\/produits\/accessoires\/couvercle-de-seuil-droit\/","name":"Couvercle de seuil droit - Isoclip","isPartOf":{"@id":"https:\/\/www.isoclip.it\/fr\/#website"},"datePublished":"2025-09-09T14:09:53+00:00","dateModified":"2025-09-09T14:54:15+00:00","description":"Assurez une protection compl\u00e8te et une finition nette \u00e0 votre syst\u00e8me d'isolation. Choisissez le couvercle de seuil droit Isoclip pour un r\u00e9sultat professionnel et r\u00e9sistant dans le temps.","breadcrumb":{"@id":"https:\/\/www.isoclip.it\/fr\/produits\/accessoires\/couvercle-de-seuil-droit\/#breadcrumb"},"inLanguage":"fr-FR","potentialAction":[{"@type":"ReadAction","target":["https:\/\/www.isoclip.it\/fr\/produits\/accessoires\/couvercle-de-seuil-droit\/"]}]},{"@type":"BreadcrumbList","@id":"https:\/\/www.isoclip.it\/fr\/produits\/accessoires\/couvercle-de-seuil-droit\/#breadcrumb","itemListElement":[{"@type":"ListItem","position":1,"name":"Home","item":"https:\/\/www.isoclip.it\/fr\/"},{"@type":"ListItem","position":2,"name":"Produits","item":"https:\/\/www.isoclip.it\/fr\/produits\/"},{"@type":"ListItem","position":3,"name":"Accessoires","item":"https:\/\/www.isoclip.it\/fr\/produits\/accessoires\/"},{"@type":"ListItem","position":4,"name":"Couvercle de seuil droit"}]},{"@type":"WebSite","@id":"https:\/\/www.isoclip.it\/fr\/#website","url":"https:\/\/www.isoclip.it\/fr\/","name":"Isoclip","description":"Esth\u00e9tique et isolation sur mesure pour vous !","publisher":{"@id":"https:\/\/www.isoclip.it\/fr\/#organization"},"potentialAction":[{"@type":"SearchAction","target":{"@type":"EntryPoint","urlTemplate":"https:\/\/www.isoclip.it\/fr\/?s={search_term_string}"},"query-input":{"@type":"PropertyValueSpecification","valueRequired":true,"valueName":"search_term_string"}}],"inLanguage":"fr-FR"},{"@type":"Organization","@id":"https:\/\/www.isoclip.it\/fr\/#organization","name":"Isoclip","url":"https:\/\/www.isoclip.it\/fr\/","logo":{"@type":"ImageObject","inLanguage":"fr-FR","@id":"https:\/\/www.isoclip.it\/fr\/#\/schema\/logo\/image\/","url":"https:\/\/www.isoclip.it\/wp-content\/uploads\/2024\/01\/Isoclip-logo.png","contentUrl":"https:\/\/www.isoclip.it\/wp-content\/uploads\/2024\/01\/Isoclip-logo.png","width":930,"height":300,"caption":"Isoclip"},"image":{"@id":"https:\/\/www.isoclip.it\/fr\/#\/schema\/logo\/image\/"},"sameAs":["https:\/\/www.linkedin.com\/company\/isoclip\/"]}]}},"_links":{"self":[{"href":"https:\/\/www.isoclip.it\/fr\/wp-json\/wp\/v2\/pages\/16037","targetHints":{"allow":["GET"]}}],"collection":[{"href":"https:\/\/www.isoclip.it\/fr\/wp-json\/wp\/v2\/pages"}],"about":[{"href":"https:\/\/www.isoclip.it\/fr\/wp-json\/wp\/v2\/types\/page"}],"author":[{"embeddable":true,"href":"https:\/\/www.isoclip.it\/fr\/wp-json\/wp\/v2\/users\/2"}],"replies":[{"embeddable":true,"href":"https:\/\/www.isoclip.it\/fr\/wp-json\/wp\/v2\/comments?post=16037"}],"version-history":[{"count":2,"href":"https:\/\/www.isoclip.it\/fr\/wp-json\/wp\/v2\/pages\/16037\/revisions"}],"predecessor-version":[{"id":16039,"href":"https:\/\/www.isoclip.it\/fr\/wp-json\/wp\/v2\/pages\/16037\/revisions\/16039"}],"up":[{"embeddable":true,"href":"https:\/\/www.isoclip.it\/fr\/wp-json\/wp\/v2\/pages\/16006"}],"wp:attachment":[{"href":"https:\/\/www.isoclip.it\/fr\/wp-json\/wp\/v2\/media?parent=16037"}],"curies":[{"name":"wp","href":"https:\/\/api.w.org\/{rel}","templated":true}]}}