{"id":16070,"date":"2025-09-09T11:49:07","date_gmt":"2025-09-09T09:49:07","guid":{"rendered":"https:\/\/www.isoclip.it\/produits\/isoclip\/"},"modified":"2025-12-02T17:11:02","modified_gmt":"2025-12-02T16:11:02","slug":"isoclip","status":"publish","type":"page","link":"https:\/\/www.isoclip.it\/fr\/produits\/isoclip\/","title":{"rendered":"ISOCLIP\u00ae"},"content":{"rendered":"<div class=\"wpb-content-wrapper\"><p>[vc_row][vc_column width=\u00a0\u00bb1\/3&Prime;][vc_single_image image=\u00a0\u00bb11626&Prime; img_size=\u00a0\u00bblarge\u00a0\u00bb alignment=\u00a0\u00bbcenter\u00a0\u00bb onclick=\u00a0\u00bbcustom_link\u00a0\u00bb css_animation=\u00a0\u00bbfadeIn\u00a0\u00bb css=\u00a0\u00bb\u00a0\u00bb link=\u00a0\u00bbhttps:\/\/www.isoclip.it\/fr\/produits\/isoclip\/isoclip-avec-isolation-aerogel\/\u00a0\u00bb][vc_column_text css=\u00a0\u00bb\u00a0\u00bb]<\/p>\n<h3 style=\"text-align: center;\"><a href=\"https:\/\/www.isoclip.it\/fr\/produits\/isoclip\/isoclip-avec-isolation-aerogel\/\">ISOCLIP\u00ae avec isolation Aerogel<\/a><\/h3>\n<p>[\/vc_column_text][\/vc_column][vc_column width=\u00a0\u00bb1\/3&Prime;][vc_single_image image=\u00a0\u00bb11632&Prime; img_size=\u00a0\u00bblarge\u00a0\u00bb alignment=\u00a0\u00bbcenter\u00a0\u00bb onclick=\u00a0\u00bbcustom_link\u00a0\u00bb css_animation=\u00a0\u00bbfadeIn\u00a0\u00bb css=\u00a0\u00bb\u00a0\u00bb link=\u00a0\u00bbhttps:\/\/www.isoclip.it\/fr\/produits\/isoclip\/isoclip-avec-isolation-eps\/\u00a0\u00bb][vc_column_text css=\u00a0\u00bb\u00a0\u00bb]<\/p>\n<h3 style=\"text-align: center;\"><a href=\"https:\/\/www.isoclip.it\/fr\/produits\/isoclip\/isoclip-avec-isolation-eps\/\">ISOCLIP\u00ae avec isolation EPS<\/a><\/h3>\n<p>[\/vc_column_text][\/vc_column][vc_column width=\u00a0\u00bb1\/3&Prime;][vc_single_image image=\u00a0\u00bb11639&Prime; img_size=\u00a0\u00bblarge\u00a0\u00bb alignment=\u00a0\u00bbcenter\u00a0\u00bb onclick=\u00a0\u00bbcustom_link\u00a0\u00bb css_animation=\u00a0\u00bbfadeIn\u00a0\u00bb css=\u00a0\u00bb\u00a0\u00bb link=\u00a0\u00bbhttps:\/\/www.isoclip.it\/fr\/produits\/isoclip\/isoclip-avec-isolation-en-laine-de-verre\/\u00a0\u00bb][vc_column_text css=\u00a0\u00bb\u00a0\u00bb]<\/p>\n<h3 style=\"text-align: center;\"><a href=\"https:\/\/www.isoclip.it\/fr\/produits\/isoclip\/isoclip-avec-isolation-en-laine-de-verre\/\">ISOCLIP\u00ae avec isolation en laine de verre<\/a><\/h3>\n<p>[\/vc_column_text][\/vc_column][\/vc_row][vc_row][vc_column][vc_btn title=\u00a0\u00bbBIM OBJECT\u00a0\u00bb style=\u00a0\u00bb3d\u00a0\u00bb color=\u00a0\u00bbsuccess\u00a0\u00bb size=\u00a0\u00bblg\u00a0\u00bb align=\u00a0\u00bbcenter\u00a0\u00bb css=\u00a0\u00bb\u00a0\u00bb link=\u00a0\u00bburl:https%3A%2F%2Fwww.bimobject.com%2Ffr%2Faeropan%3Flocation%3Dit\u00a0\u00bb][\/vc_column][\/vc_row]<\/p>\n<\/div>","protected":false},"excerpt":{"rendered":"<p>[vc_row][vc_column width=\u00a0\u00bb1\/3&Prime;][vc_single_image image=\u00a0\u00bb11626&Prime; img_size=\u00a0\u00bblarge\u00a0\u00bb alignment=\u00a0\u00bbcenter\u00a0\u00bb onclick=\u00a0\u00bbcustom_link\u00a0\u00bb css_animation=\u00a0\u00bbfadeIn\u00a0\u00bb css=\u00a0\u00bb\u00a0\u00bb link=\u00a0\u00bbhttps:\/\/www.isoclip.it\/fr\/produits\/isoclip\/isoclip-avec-isolation-aerogel\/\u00a0\u00bb][vc_column_text css=\u00a0\u00bb\u00a0\u00bb] ISOCLIP\u00ae avec isolation Aerogel [\/vc_column_text][\/vc_column][vc_column width=\u00a0\u00bb1\/3&Prime;][vc_single_image image=\u00a0\u00bb11632&Prime; img_size=\u00a0\u00bblarge\u00a0\u00bb alignment=\u00a0\u00bbcenter\u00a0\u00bb onclick=\u00a0\u00bbcustom_link\u00a0\u00bb css_animation=\u00a0\u00bbfadeIn\u00a0\u00bb css=\u00a0\u00bb\u00a0\u00bb link=\u00a0\u00bbhttps:\/\/www.isoclip.it\/fr\/produits\/isoclip\/isoclip-avec-isolation-eps\/\u00a0\u00bb][vc_column_text css=\u00a0\u00bb\u00a0\u00bb] ISOCLIP\u00ae avec isolation EPS [\/vc_column_text][\/vc_column][vc_column width=\u00a0\u00bb1\/3&Prime;][vc_single_image image=\u00a0\u00bb11639&Prime; img_size=\u00a0\u00bblarge\u00a0\u00bb alignment=\u00a0\u00bbcenter\u00a0\u00bb onclick=\u00a0\u00bbcustom_link\u00a0\u00bb css_animation=\u00a0\u00bbfadeIn\u00a0\u00bb css=\u00a0\u00bb\u00a0\u00bb link=\u00a0\u00bbhttps:\/\/www.isoclip.it\/fr\/produits\/isoclip\/isoclip-avec-isolation-en-laine-de-verre\/\u00a0\u00bb][vc_column_text css=\u00a0\u00bb\u00a0\u00bb] ISOCLIP\u00ae avec isolation en laine de verre [\/vc_column_text][\/vc_column][\/vc_row][vc_row][vc_column][vc_btn title=\u00a0\u00bbBIM OBJECT\u00a0\u00bb style=\u00a0\u00bb3d\u00a0\u00bb color=\u00a0\u00bbsuccess\u00a0\u00bb size=\u00a0\u00bblg\u00a0\u00bb align=\u00a0\u00bbcenter\u00a0\u00bb css=\u00a0\u00bb\u00a0\u00bb link=\u00a0\u00bburl:https%3A%2F%2Fwww.bimobject.com%2Ffr%2Faeropan%3Flocation%3Dit\u00a0\u00bb][\/vc_column][\/vc_row]<\/p>\n","protected":false},"author":3,"featured_media":0,"parent":16000,"menu_order":0,"comment_status":"closed","ping_status":"closed","template":"","meta":{"rs_blank_template":"","rs_page_bg_color":"","slide_template_v7":"","footnotes":""},"class_list":["post-16070","page","type-page","status-publish","hentry"],"yoast_head":"<!-- This site is optimized with the Yoast SEO plugin v27.4 - https:\/\/yoast.com\/product\/yoast-seo-wordpress\/ -->\n<title>ISOCLIP\u00ae - Isoclip<\/title>\n<meta name=\"description\" content=\"D\u00e9couvrez Isoclip, le syst\u00e8me d&#039;isolation thermique qui r\u00e9volutionne l&#039;isolation par l&#039;ext\u00e9rieur. Efficacit\u00e9 \u00e9nerg\u00e9tique maximale, installation rapide et finition impeccable pour un confort de vie sup\u00e9rieur.\" \/>\n<meta name=\"robots\" content=\"index, follow, max-snippet:-1, max-image-preview:large, max-video-preview:-1\" \/>\n<link rel=\"canonical\" href=\"https:\/\/www.isoclip.it\/fr\/produits\/isoclip\/\" \/>\n<meta property=\"og:locale\" content=\"fr_FR\" \/>\n<meta property=\"og:type\" content=\"article\" \/>\n<meta property=\"og:title\" content=\"ISOCLIP\u00ae - Isoclip\" \/>\n<meta property=\"og:description\" content=\"D\u00e9couvrez Isoclip, le syst\u00e8me d&#039;isolation thermique qui r\u00e9volutionne l&#039;isolation par l&#039;ext\u00e9rieur. Efficacit\u00e9 \u00e9nerg\u00e9tique maximale, installation rapide et finition impeccable pour un confort de vie sup\u00e9rieur.\" \/>\n<meta property=\"og:url\" content=\"https:\/\/www.isoclip.it\/fr\/produits\/isoclip\/\" \/>\n<meta property=\"og:site_name\" content=\"Isoclip\" \/>\n<meta property=\"article:modified_time\" content=\"2025-12-02T16:11:02+00:00\" \/>\n<meta property=\"og:image\" content=\"https:\/\/www.isoclip.it\/wp-content\/uploads\/2024\/01\/Isoclip-prime-icone.jpg\" \/>\n\t<meta property=\"og:image:width\" content=\"1920\" \/>\n\t<meta property=\"og:image:height\" content=\"1079\" \/>\n\t<meta property=\"og:image:type\" content=\"image\/jpeg\" \/>\n<meta name=\"twitter:card\" content=\"summary_large_image\" \/>\n<meta name=\"twitter:label1\" content=\"Dur\u00e9e de lecture estim\u00e9e\" \/>\n\t<meta name=\"twitter:data1\" content=\"1 minute\" \/>\n<script type=\"application\/ld+json\" class=\"yoast-schema-graph\">{\"@context\":\"https:\\\/\\\/schema.org\",\"@graph\":[{\"@type\":\"WebPage\",\"@id\":\"https:\\\/\\\/www.isoclip.it\\\/fr\\\/produits\\\/isoclip\\\/\",\"url\":\"https:\\\/\\\/www.isoclip.it\\\/fr\\\/produits\\\/isoclip\\\/\",\"name\":\"ISOCLIP\u00ae - Isoclip\",\"isPartOf\":{\"@id\":\"https:\\\/\\\/www.isoclip.it\\\/fr\\\/#website\"},\"datePublished\":\"2025-09-09T09:49:07+00:00\",\"dateModified\":\"2025-12-02T16:11:02+00:00\",\"description\":\"D\u00e9couvrez Isoclip, le syst\u00e8me d'isolation thermique qui r\u00e9volutionne l'isolation par l'ext\u00e9rieur. Efficacit\u00e9 \u00e9nerg\u00e9tique maximale, installation rapide et finition impeccable pour un confort de vie sup\u00e9rieur.\",\"breadcrumb\":{\"@id\":\"https:\\\/\\\/www.isoclip.it\\\/fr\\\/produits\\\/isoclip\\\/#breadcrumb\"},\"inLanguage\":\"fr-FR\",\"potentialAction\":[{\"@type\":\"ReadAction\",\"target\":[\"https:\\\/\\\/www.isoclip.it\\\/fr\\\/produits\\\/isoclip\\\/\"]}]},{\"@type\":\"BreadcrumbList\",\"@id\":\"https:\\\/\\\/www.isoclip.it\\\/fr\\\/produits\\\/isoclip\\\/#breadcrumb\",\"itemListElement\":[{\"@type\":\"ListItem\",\"position\":1,\"name\":\"Home\",\"item\":\"https:\\\/\\\/www.isoclip.it\\\/fr\\\/\"},{\"@type\":\"ListItem\",\"position\":2,\"name\":\"Produits\",\"item\":\"https:\\\/\\\/www.isoclip.it\\\/fr\\\/produits\\\/\"},{\"@type\":\"ListItem\",\"position\":3,\"name\":\"ISOCLIP\u00ae\"}]},{\"@type\":\"WebSite\",\"@id\":\"https:\\\/\\\/www.isoclip.it\\\/fr\\\/#website\",\"url\":\"https:\\\/\\\/www.isoclip.it\\\/fr\\\/\",\"name\":\"Isoclip\",\"description\":\"Esth\u00e9tique et isolation sur mesure pour vous !\",\"publisher\":{\"@id\":\"https:\\\/\\\/www.isoclip.it\\\/fr\\\/#organization\"},\"potentialAction\":[{\"@type\":\"SearchAction\",\"target\":{\"@type\":\"EntryPoint\",\"urlTemplate\":\"https:\\\/\\\/www.isoclip.it\\\/fr\\\/?s={search_term_string}\"},\"query-input\":{\"@type\":\"PropertyValueSpecification\",\"valueRequired\":true,\"valueName\":\"search_term_string\"}}],\"inLanguage\":\"fr-FR\"},{\"@type\":\"Organization\",\"@id\":\"https:\\\/\\\/www.isoclip.it\\\/fr\\\/#organization\",\"name\":\"Isoclip\",\"url\":\"https:\\\/\\\/www.isoclip.it\\\/fr\\\/\",\"logo\":{\"@type\":\"ImageObject\",\"inLanguage\":\"fr-FR\",\"@id\":\"https:\\\/\\\/www.isoclip.it\\\/fr\\\/#\\\/schema\\\/logo\\\/image\\\/\",\"url\":\"https:\\\/\\\/www.isoclip.it\\\/wp-content\\\/uploads\\\/2024\\\/01\\\/Isoclip-logo.png\",\"contentUrl\":\"https:\\\/\\\/www.isoclip.it\\\/wp-content\\\/uploads\\\/2024\\\/01\\\/Isoclip-logo.png\",\"width\":930,\"height\":300,\"caption\":\"Isoclip\"},\"image\":{\"@id\":\"https:\\\/\\\/www.isoclip.it\\\/fr\\\/#\\\/schema\\\/logo\\\/image\\\/\"},\"sameAs\":[\"https:\\\/\\\/www.linkedin.com\\\/company\\\/isoclip\\\/\"]}]}<\/script>\n<!-- \/ Yoast SEO plugin. -->","yoast_head_json":{"title":"ISOCLIP\u00ae - Isoclip","description":"D\u00e9couvrez Isoclip, le syst\u00e8me d'isolation thermique qui r\u00e9volutionne l'isolation par l'ext\u00e9rieur. Efficacit\u00e9 \u00e9nerg\u00e9tique maximale, installation rapide et finition impeccable pour un confort de vie sup\u00e9rieur.","robots":{"index":"index","follow":"follow","max-snippet":"max-snippet:-1","max-image-preview":"max-image-preview:large","max-video-preview":"max-video-preview:-1"},"canonical":"https:\/\/www.isoclip.it\/fr\/produits\/isoclip\/","og_locale":"fr_FR","og_type":"article","og_title":"ISOCLIP\u00ae - Isoclip","og_description":"D\u00e9couvrez Isoclip, le syst\u00e8me d'isolation thermique qui r\u00e9volutionne l'isolation par l'ext\u00e9rieur. Efficacit\u00e9 \u00e9nerg\u00e9tique maximale, installation rapide et finition impeccable pour un confort de vie sup\u00e9rieur.","og_url":"https:\/\/www.isoclip.it\/fr\/produits\/isoclip\/","og_site_name":"Isoclip","article_modified_time":"2025-12-02T16:11:02+00:00","og_image":[{"width":1920,"height":1079,"url":"https:\/\/www.isoclip.it\/wp-content\/uploads\/2024\/01\/Isoclip-prime-icone.jpg","type":"image\/jpeg"}],"twitter_card":"summary_large_image","twitter_misc":{"Dur\u00e9e de lecture estim\u00e9e":"1 minute"},"schema":{"@context":"https:\/\/schema.org","@graph":[{"@type":"WebPage","@id":"https:\/\/www.isoclip.it\/fr\/produits\/isoclip\/","url":"https:\/\/www.isoclip.it\/fr\/produits\/isoclip\/","name":"ISOCLIP\u00ae - Isoclip","isPartOf":{"@id":"https:\/\/www.isoclip.it\/fr\/#website"},"datePublished":"2025-09-09T09:49:07+00:00","dateModified":"2025-12-02T16:11:02+00:00","description":"D\u00e9couvrez Isoclip, le syst\u00e8me d'isolation thermique qui r\u00e9volutionne l'isolation par l'ext\u00e9rieur. Efficacit\u00e9 \u00e9nerg\u00e9tique maximale, installation rapide et finition impeccable pour un confort de vie sup\u00e9rieur.","breadcrumb":{"@id":"https:\/\/www.isoclip.it\/fr\/produits\/isoclip\/#breadcrumb"},"inLanguage":"fr-FR","potentialAction":[{"@type":"ReadAction","target":["https:\/\/www.isoclip.it\/fr\/produits\/isoclip\/"]}]},{"@type":"BreadcrumbList","@id":"https:\/\/www.isoclip.it\/fr\/produits\/isoclip\/#breadcrumb","itemListElement":[{"@type":"ListItem","position":1,"name":"Home","item":"https:\/\/www.isoclip.it\/fr\/"},{"@type":"ListItem","position":2,"name":"Produits","item":"https:\/\/www.isoclip.it\/fr\/produits\/"},{"@type":"ListItem","position":3,"name":"ISOCLIP\u00ae"}]},{"@type":"WebSite","@id":"https:\/\/www.isoclip.it\/fr\/#website","url":"https:\/\/www.isoclip.it\/fr\/","name":"Isoclip","description":"Esth\u00e9tique et isolation sur mesure pour vous !","publisher":{"@id":"https:\/\/www.isoclip.it\/fr\/#organization"},"potentialAction":[{"@type":"SearchAction","target":{"@type":"EntryPoint","urlTemplate":"https:\/\/www.isoclip.it\/fr\/?s={search_term_string}"},"query-input":{"@type":"PropertyValueSpecification","valueRequired":true,"valueName":"search_term_string"}}],"inLanguage":"fr-FR"},{"@type":"Organization","@id":"https:\/\/www.isoclip.it\/fr\/#organization","name":"Isoclip","url":"https:\/\/www.isoclip.it\/fr\/","logo":{"@type":"ImageObject","inLanguage":"fr-FR","@id":"https:\/\/www.isoclip.it\/fr\/#\/schema\/logo\/image\/","url":"https:\/\/www.isoclip.it\/wp-content\/uploads\/2024\/01\/Isoclip-logo.png","contentUrl":"https:\/\/www.isoclip.it\/wp-content\/uploads\/2024\/01\/Isoclip-logo.png","width":930,"height":300,"caption":"Isoclip"},"image":{"@id":"https:\/\/www.isoclip.it\/fr\/#\/schema\/logo\/image\/"},"sameAs":["https:\/\/www.linkedin.com\/company\/isoclip\/"]}]}},"_links":{"self":[{"href":"https:\/\/www.isoclip.it\/fr\/wp-json\/wp\/v2\/pages\/16070","targetHints":{"allow":["GET"]}}],"collection":[{"href":"https:\/\/www.isoclip.it\/fr\/wp-json\/wp\/v2\/pages"}],"about":[{"href":"https:\/\/www.isoclip.it\/fr\/wp-json\/wp\/v2\/types\/page"}],"author":[{"embeddable":true,"href":"https:\/\/www.isoclip.it\/fr\/wp-json\/wp\/v2\/users\/3"}],"replies":[{"embeddable":true,"href":"https:\/\/www.isoclip.it\/fr\/wp-json\/wp\/v2\/comments?post=16070"}],"version-history":[{"count":11,"href":"https:\/\/www.isoclip.it\/fr\/wp-json\/wp\/v2\/pages\/16070\/revisions"}],"predecessor-version":[{"id":16526,"href":"https:\/\/www.isoclip.it\/fr\/wp-json\/wp\/v2\/pages\/16070\/revisions\/16526"}],"up":[{"embeddable":true,"href":"https:\/\/www.isoclip.it\/fr\/wp-json\/wp\/v2\/pages\/16000"}],"wp:attachment":[{"href":"https:\/\/www.isoclip.it\/fr\/wp-json\/wp\/v2\/media?parent=16070"}],"curies":[{"name":"wp","href":"https:\/\/api.w.org\/{rel}","templated":true}]}}