{"id":16087,"date":"2025-09-09T12:21:31","date_gmt":"2025-09-09T10:21:31","guid":{"rendered":"https:\/\/www.isoclip.it\/produits\/isoclip\/isoclip-avec-isolation-eps\/"},"modified":"2025-09-17T12:18:31","modified_gmt":"2025-09-17T10:18:31","slug":"isoclip-avec-isolation-eps","status":"publish","type":"page","link":"https:\/\/www.isoclip.it\/fr\/produits\/isoclip\/isoclip-avec-isolation-eps\/","title":{"rendered":"ISOCLIP\u00ae avec isolation EPS"},"content":{"rendered":"<div class=\"wpb-content-wrapper\"><p>[vc_row][vc_column width=\u00a0\u00bb1\/3&Prime;][vc_images_carousel images=\u00a0\u00bb11632,11649&Prime; img_size=\u00a0\u00bbfull\u00a0\u00bb autoplay=\u00a0\u00bbyes\u00a0\u00bb hide_pagination_control=\u00a0\u00bbyes\u00a0\u00bb wrap=\u00a0\u00bbyes\u00a0\u00bb css=\u00a0\u00bb\u00a0\u00bb][\/vc_column][vc_column width=\u00a0\u00bb2\/3&Prime;][vc_column_text css=\u00a0\u00bb\u00a0\u00bb]<\/p>\n<h1 class=\"product_title entry-title\">ISOCLIP\u00ae avec isolation EPS<\/h1>\n<div class=\"woocommerce-product-details__short-description\">\n<p>Not\u00e9 2.42 sur 5 bas\u00e9 sur 632notations client<br \/>ISOCLIP\u00ae avec isolation EPS, haute densit\u00e9 avec ajout de graphite, est un panneau \u2013 600\u00d71200 mm \u2013 lamin\u00e9 avec du gr\u00e8s c\u00e9rame (6-10 mm), \u00e9quip\u00e9 de crochets de s\u00e9curit\u00e9 en acier inoxydable.<\/p>\n<p>Il pr\u00e9sente une r\u00e9sistance au feu de classe &nbsp;<i>B \u2013 s1, d0&nbsp; <\/i>selon la norme DIN 13501-1 et une conductivit\u00e9 thermique de 0,031 W\/mK selon la norme UNI EN 13163.<\/p>\n<p>L\u2019isolation en EPS est disponible en diff\u00e9rentes \u00e9paisseurs, allant d\u2019un minimum de 80 mm \u00e0 160 mm.<\/p>\n<h3><a href=\"https:\/\/aeropan.it\/wp-content\/uploads\/2025\/01\/ISOCLIP-Catalogo-2025-.pdf\">T\u00c9L\u00c9CHARGEZ LE CATALOGUE ISOCLIP 2025<\/a><\/h3>\n<\/div>\n<div class=\"woocommerce-product-details__short-description\"><\/div>\n<p>[\/vc_column_text][\/vc_column][\/vc_row][vc_row][vc_column][vc_tta_tabs style=\u00a0\u00bboutline\u00a0\u00bb color=\u00a0\u00bbgreen\u00a0\u00bb active_section=\u00a0\u00bb1&Prime;][vc_tta_section title=\u00a0\u00bbDescription\u00a0\u00bb tab_id=\u00a0\u00bb1757412027480-d761007e-200b\u00a0\u00bb][vc_column_text css=\u00a0\u00bb\u00a0\u00bb]<\/p>\n<h2>Description<\/h2>\n<p>Not\u00e9 2.42 sur 5 bas\u00e9 sur 632notations client<br \/>ISOCLIP\u00ae avec isolation EPS, haute densit\u00e9 avec ajout de graphite, est un panneau \u2013 600\u00d71200 mm \u2013 lamin\u00e9 avec du gr\u00e8s c\u00e9rame (6-10 mm), \u00e9quip\u00e9 de crochets de s\u00e9curit\u00e9 en acier inoxydable.<\/p>\n<p>Il pr\u00e9sente une r\u00e9sistance au feu de classe b \u2013 s1, d0 selon la norme DIN 13501-1 et une conductivit\u00e9 thermique de 0,031 W\/mK selon la norme UNI EN 13163.<\/p>\n<p>L&rsquo;isolation en EPS est disponible en diff\u00e9rentes \u00e9paisseurs, allant d&rsquo;un minimum de 80 mm \u00e0 160 mm.[\/vc_column_text][\/vc_tta_section][vc_tta_section title=\u00a0\u00bbSp\u00e9cifications du panneau\u00a0\u00bb tab_id=\u00a0\u00bb1757412027480-726817ec-8e6b\u00a0\u00bb][vc_column_text css=\u00a0\u00bb\u00a0\u00bb]<\/p>\n<h2 class=\"yikes-custom-woo-tab-title yikes-custom-woo-tab-title-specifiche-pannello\">Sp\u00e9cifications du panneau<\/h2>\n<p><img loading=\"lazy\" decoding=\"async\" class=\"size-full wp-image-15478\" src=\"\/wp-content\/uploads\/2024\/12\/isoclip-specifications-panneau-eps.png\" sizes=\"auto, (max-width: 1922px) 100vw, 1922px\" srcset=\"\/wp-content\/uploads\/2024\/12\/isoclip-specifications-panneau-eps.png 1922w, \/wp-content\/uploads\/2024\/12\/isoclip-specifications-panneau-eps-300x71.jpg 300w, \/wp-content\/uploads\/2024\/12\/isoclip-specifications-panneau-eps-eps-1024x244.jpg 1024w, \/wp-content\/uploads\/2024\/12\/isoclip-specifications-panneau-eps-768x183.jpg 768w, \/wp-content\/uploads\/2024\/12\/isoclip-specifications-panneau-eps-1536x366.jpg 1536w, \/wp-content\/uploads\/2024\/12\/isoclip-specifications-panneau-eps-500x119.jpg 500w\" alt=\"\" width=\"1922\" height=\"458\">[\/vc_column_text][\/vc_tta_section][vc_tta_section title=\u00a0\u00bbDonn\u00e9es techniques\u00a0\u00bb tab_id=\u00a0\u00bb1757412123202-770ff222-a31a\u00a0\u00bb][vc_column_text css=\u00a0\u00bb\u00a0\u00bb]<\/p>\n<h2 class=\"yikes-custom-woo-tab-title yikes-custom-woo-tab-title-dati-tecnici\">Donn\u00e9es techniques<\/h2>\n<p><img loading=\"lazy\" decoding=\"async\" class=\"alignnone wp-image-15463 size-full\" src=\"https:\/\/www.isoclip.it\/wp-content\/uploads\/2024\/12\/Isoclip-donnees-technique-eps.png\" alt=\"\" width=\"1926\" height=\"794\">[\/vc_column_text][\/vc_tta_section][\/vc_tta_tabs][\/vc_column][\/vc_row]<\/p>\n<\/div>","protected":false},"excerpt":{"rendered":"<p>[vc_row][vc_column width=\u00a0\u00bb1\/3&Prime;][vc_images_carousel images=\u00a0\u00bb11632,11649&Prime; img_size=\u00a0\u00bbfull\u00a0\u00bb autoplay=\u00a0\u00bbyes\u00a0\u00bb hide_pagination_control=\u00a0\u00bbyes\u00a0\u00bb wrap=\u00a0\u00bbyes\u00a0\u00bb css=\u00a0\u00bb\u00a0\u00bb][\/vc_column][vc_column width=\u00a0\u00bb2\/3&Prime;][vc_column_text css=\u00a0\u00bb\u00a0\u00bb] ISOCLIP\u00ae avec isolation EPS Not\u00e9 2.42 sur 5 bas\u00e9 sur 632notations clientISOCLIP\u00ae avec isolation EPS, haute densit\u00e9 avec ajout de graphite, est un panneau \u2013 600\u00d71200 mm \u2013 lamin\u00e9 avec du gr\u00e8s c\u00e9rame (6-10 mm), \u00e9quip\u00e9 de crochets de s\u00e9curit\u00e9 en acier inoxydable. Il pr\u00e9sente [&hellip;]<\/p>\n","protected":false},"author":3,"featured_media":0,"parent":16070,"menu_order":0,"comment_status":"closed","ping_status":"closed","template":"","meta":{"rs_blank_template":"","rs_page_bg_color":"","slide_template_v7":"","footnotes":""},"class_list":["post-16087","page","type-page","status-publish","hentry"],"yoast_head":"<!-- This site is optimized with the Yoast SEO plugin v27.4 - https:\/\/yoast.com\/product\/yoast-seo-wordpress\/ -->\n<title>ISOCLIP\u00ae avec isolation EPS - Isoclip<\/title>\n<meta name=\"description\" content=\"Isoclip + EPS : la solution d&#039;isolation thermique id\u00e9ale pour des performances solides. Un syst\u00e8me fiable, l\u00e9ger et \u00e9conomique pour vos fa\u00e7ades.\" \/>\n<meta name=\"robots\" content=\"index, follow, max-snippet:-1, max-image-preview:large, max-video-preview:-1\" \/>\n<link rel=\"canonical\" href=\"https:\/\/www.isoclip.it\/fr\/produits\/isoclip\/isoclip-avec-isolation-eps\/\" \/>\n<meta property=\"og:locale\" content=\"fr_FR\" \/>\n<meta property=\"og:type\" content=\"article\" \/>\n<meta property=\"og:title\" content=\"ISOCLIP\u00ae avec isolation EPS - Isoclip\" \/>\n<meta property=\"og:description\" content=\"Isoclip + EPS : la solution d&#039;isolation thermique id\u00e9ale pour des performances solides. Un syst\u00e8me fiable, l\u00e9ger et \u00e9conomique pour vos fa\u00e7ades.\" \/>\n<meta property=\"og:url\" content=\"https:\/\/www.isoclip.it\/fr\/produits\/isoclip\/isoclip-avec-isolation-eps\/\" \/>\n<meta property=\"og:site_name\" content=\"Isoclip\" \/>\n<meta property=\"article:modified_time\" content=\"2025-09-17T10:18:31+00:00\" \/>\n<meta property=\"og:image\" content=\"https:\/\/www.isoclip.it\/wp-content\/uploads\/2024\/12\/Isoclip-donnees-technique-eps.png\" \/>\n<meta name=\"twitter:card\" content=\"summary_large_image\" \/>\n<meta name=\"twitter:label1\" content=\"Dur\u00e9e de lecture estim\u00e9e\" \/>\n\t<meta name=\"twitter:data1\" content=\"2 minutes\" \/>\n<script type=\"application\/ld+json\" class=\"yoast-schema-graph\">{\"@context\":\"https:\\\/\\\/schema.org\",\"@graph\":[{\"@type\":\"WebPage\",\"@id\":\"https:\\\/\\\/www.isoclip.it\\\/fr\\\/produits\\\/isoclip\\\/isoclip-avec-isolation-eps\\\/\",\"url\":\"https:\\\/\\\/www.isoclip.it\\\/fr\\\/produits\\\/isoclip\\\/isoclip-avec-isolation-eps\\\/\",\"name\":\"ISOCLIP\u00ae avec isolation EPS - Isoclip\",\"isPartOf\":{\"@id\":\"https:\\\/\\\/www.isoclip.it\\\/fr\\\/#website\"},\"primaryImageOfPage\":{\"@id\":\"https:\\\/\\\/www.isoclip.it\\\/fr\\\/produits\\\/isoclip\\\/isoclip-avec-isolation-eps\\\/#primaryimage\"},\"image\":{\"@id\":\"https:\\\/\\\/www.isoclip.it\\\/fr\\\/produits\\\/isoclip\\\/isoclip-avec-isolation-eps\\\/#primaryimage\"},\"thumbnailUrl\":\"https:\\\/\\\/www.isoclip.it\\\/wp-content\\\/uploads\\\/2024\\\/12\\\/Isoclip-donnees-technique-eps.png\",\"datePublished\":\"2025-09-09T10:21:31+00:00\",\"dateModified\":\"2025-09-17T10:18:31+00:00\",\"description\":\"Isoclip + EPS : la solution d'isolation thermique id\u00e9ale pour des performances solides. Un syst\u00e8me fiable, l\u00e9ger et \u00e9conomique pour vos fa\u00e7ades.\",\"breadcrumb\":{\"@id\":\"https:\\\/\\\/www.isoclip.it\\\/fr\\\/produits\\\/isoclip\\\/isoclip-avec-isolation-eps\\\/#breadcrumb\"},\"inLanguage\":\"fr-FR\",\"potentialAction\":[{\"@type\":\"ReadAction\",\"target\":[\"https:\\\/\\\/www.isoclip.it\\\/fr\\\/produits\\\/isoclip\\\/isoclip-avec-isolation-eps\\\/\"]}]},{\"@type\":\"ImageObject\",\"inLanguage\":\"fr-FR\",\"@id\":\"https:\\\/\\\/www.isoclip.it\\\/fr\\\/produits\\\/isoclip\\\/isoclip-avec-isolation-eps\\\/#primaryimage\",\"url\":\"https:\\\/\\\/www.isoclip.it\\\/wp-content\\\/uploads\\\/2024\\\/12\\\/Isoclip-donnees-technique-eps.png\",\"contentUrl\":\"https:\\\/\\\/www.isoclip.it\\\/wp-content\\\/uploads\\\/2024\\\/12\\\/Isoclip-donnees-technique-eps.png\"},{\"@type\":\"BreadcrumbList\",\"@id\":\"https:\\\/\\\/www.isoclip.it\\\/fr\\\/produits\\\/isoclip\\\/isoclip-avec-isolation-eps\\\/#breadcrumb\",\"itemListElement\":[{\"@type\":\"ListItem\",\"position\":1,\"name\":\"Home\",\"item\":\"https:\\\/\\\/www.isoclip.it\\\/fr\\\/\"},{\"@type\":\"ListItem\",\"position\":2,\"name\":\"Produits\",\"item\":\"https:\\\/\\\/www.isoclip.it\\\/fr\\\/produits\\\/\"},{\"@type\":\"ListItem\",\"position\":3,\"name\":\"ISOCLIP\u00ae\",\"item\":\"https:\\\/\\\/www.isoclip.it\\\/fr\\\/produits\\\/isoclip\\\/\"},{\"@type\":\"ListItem\",\"position\":4,\"name\":\"ISOCLIP\u00ae avec isolation EPS\"}]},{\"@type\":\"WebSite\",\"@id\":\"https:\\\/\\\/www.isoclip.it\\\/fr\\\/#website\",\"url\":\"https:\\\/\\\/www.isoclip.it\\\/fr\\\/\",\"name\":\"Isoclip\",\"description\":\"Esth\u00e9tique et isolation sur mesure pour vous !\",\"publisher\":{\"@id\":\"https:\\\/\\\/www.isoclip.it\\\/fr\\\/#organization\"},\"potentialAction\":[{\"@type\":\"SearchAction\",\"target\":{\"@type\":\"EntryPoint\",\"urlTemplate\":\"https:\\\/\\\/www.isoclip.it\\\/fr\\\/?s={search_term_string}\"},\"query-input\":{\"@type\":\"PropertyValueSpecification\",\"valueRequired\":true,\"valueName\":\"search_term_string\"}}],\"inLanguage\":\"fr-FR\"},{\"@type\":\"Organization\",\"@id\":\"https:\\\/\\\/www.isoclip.it\\\/fr\\\/#organization\",\"name\":\"Isoclip\",\"url\":\"https:\\\/\\\/www.isoclip.it\\\/fr\\\/\",\"logo\":{\"@type\":\"ImageObject\",\"inLanguage\":\"fr-FR\",\"@id\":\"https:\\\/\\\/www.isoclip.it\\\/fr\\\/#\\\/schema\\\/logo\\\/image\\\/\",\"url\":\"https:\\\/\\\/www.isoclip.it\\\/wp-content\\\/uploads\\\/2024\\\/01\\\/Isoclip-logo.png\",\"contentUrl\":\"https:\\\/\\\/www.isoclip.it\\\/wp-content\\\/uploads\\\/2024\\\/01\\\/Isoclip-logo.png\",\"width\":930,\"height\":300,\"caption\":\"Isoclip\"},\"image\":{\"@id\":\"https:\\\/\\\/www.isoclip.it\\\/fr\\\/#\\\/schema\\\/logo\\\/image\\\/\"},\"sameAs\":[\"https:\\\/\\\/www.linkedin.com\\\/company\\\/isoclip\\\/\"]}]}<\/script>\n<!-- \/ Yoast SEO plugin. -->","yoast_head_json":{"title":"ISOCLIP\u00ae avec isolation EPS - Isoclip","description":"Isoclip + EPS : la solution d'isolation thermique id\u00e9ale pour des performances solides. Un syst\u00e8me fiable, l\u00e9ger et \u00e9conomique pour vos fa\u00e7ades.","robots":{"index":"index","follow":"follow","max-snippet":"max-snippet:-1","max-image-preview":"max-image-preview:large","max-video-preview":"max-video-preview:-1"},"canonical":"https:\/\/www.isoclip.it\/fr\/produits\/isoclip\/isoclip-avec-isolation-eps\/","og_locale":"fr_FR","og_type":"article","og_title":"ISOCLIP\u00ae avec isolation EPS - Isoclip","og_description":"Isoclip + EPS : la solution d'isolation thermique id\u00e9ale pour des performances solides. Un syst\u00e8me fiable, l\u00e9ger et \u00e9conomique pour vos fa\u00e7ades.","og_url":"https:\/\/www.isoclip.it\/fr\/produits\/isoclip\/isoclip-avec-isolation-eps\/","og_site_name":"Isoclip","article_modified_time":"2025-09-17T10:18:31+00:00","og_image":[{"url":"https:\/\/www.isoclip.it\/wp-content\/uploads\/2024\/12\/Isoclip-donnees-technique-eps.png","type":"","width":"","height":""}],"twitter_card":"summary_large_image","twitter_misc":{"Dur\u00e9e de lecture estim\u00e9e":"2 minutes"},"schema":{"@context":"https:\/\/schema.org","@graph":[{"@type":"WebPage","@id":"https:\/\/www.isoclip.it\/fr\/produits\/isoclip\/isoclip-avec-isolation-eps\/","url":"https:\/\/www.isoclip.it\/fr\/produits\/isoclip\/isoclip-avec-isolation-eps\/","name":"ISOCLIP\u00ae avec isolation EPS - Isoclip","isPartOf":{"@id":"https:\/\/www.isoclip.it\/fr\/#website"},"primaryImageOfPage":{"@id":"https:\/\/www.isoclip.it\/fr\/produits\/isoclip\/isoclip-avec-isolation-eps\/#primaryimage"},"image":{"@id":"https:\/\/www.isoclip.it\/fr\/produits\/isoclip\/isoclip-avec-isolation-eps\/#primaryimage"},"thumbnailUrl":"https:\/\/www.isoclip.it\/wp-content\/uploads\/2024\/12\/Isoclip-donnees-technique-eps.png","datePublished":"2025-09-09T10:21:31+00:00","dateModified":"2025-09-17T10:18:31+00:00","description":"Isoclip + EPS : la solution d'isolation thermique id\u00e9ale pour des performances solides. Un syst\u00e8me fiable, l\u00e9ger et \u00e9conomique pour vos fa\u00e7ades.","breadcrumb":{"@id":"https:\/\/www.isoclip.it\/fr\/produits\/isoclip\/isoclip-avec-isolation-eps\/#breadcrumb"},"inLanguage":"fr-FR","potentialAction":[{"@type":"ReadAction","target":["https:\/\/www.isoclip.it\/fr\/produits\/isoclip\/isoclip-avec-isolation-eps\/"]}]},{"@type":"ImageObject","inLanguage":"fr-FR","@id":"https:\/\/www.isoclip.it\/fr\/produits\/isoclip\/isoclip-avec-isolation-eps\/#primaryimage","url":"https:\/\/www.isoclip.it\/wp-content\/uploads\/2024\/12\/Isoclip-donnees-technique-eps.png","contentUrl":"https:\/\/www.isoclip.it\/wp-content\/uploads\/2024\/12\/Isoclip-donnees-technique-eps.png"},{"@type":"BreadcrumbList","@id":"https:\/\/www.isoclip.it\/fr\/produits\/isoclip\/isoclip-avec-isolation-eps\/#breadcrumb","itemListElement":[{"@type":"ListItem","position":1,"name":"Home","item":"https:\/\/www.isoclip.it\/fr\/"},{"@type":"ListItem","position":2,"name":"Produits","item":"https:\/\/www.isoclip.it\/fr\/produits\/"},{"@type":"ListItem","position":3,"name":"ISOCLIP\u00ae","item":"https:\/\/www.isoclip.it\/fr\/produits\/isoclip\/"},{"@type":"ListItem","position":4,"name":"ISOCLIP\u00ae avec isolation EPS"}]},{"@type":"WebSite","@id":"https:\/\/www.isoclip.it\/fr\/#website","url":"https:\/\/www.isoclip.it\/fr\/","name":"Isoclip","description":"Esth\u00e9tique et isolation sur mesure pour vous !","publisher":{"@id":"https:\/\/www.isoclip.it\/fr\/#organization"},"potentialAction":[{"@type":"SearchAction","target":{"@type":"EntryPoint","urlTemplate":"https:\/\/www.isoclip.it\/fr\/?s={search_term_string}"},"query-input":{"@type":"PropertyValueSpecification","valueRequired":true,"valueName":"search_term_string"}}],"inLanguage":"fr-FR"},{"@type":"Organization","@id":"https:\/\/www.isoclip.it\/fr\/#organization","name":"Isoclip","url":"https:\/\/www.isoclip.it\/fr\/","logo":{"@type":"ImageObject","inLanguage":"fr-FR","@id":"https:\/\/www.isoclip.it\/fr\/#\/schema\/logo\/image\/","url":"https:\/\/www.isoclip.it\/wp-content\/uploads\/2024\/01\/Isoclip-logo.png","contentUrl":"https:\/\/www.isoclip.it\/wp-content\/uploads\/2024\/01\/Isoclip-logo.png","width":930,"height":300,"caption":"Isoclip"},"image":{"@id":"https:\/\/www.isoclip.it\/fr\/#\/schema\/logo\/image\/"},"sameAs":["https:\/\/www.linkedin.com\/company\/isoclip\/"]}]}},"_links":{"self":[{"href":"https:\/\/www.isoclip.it\/fr\/wp-json\/wp\/v2\/pages\/16087","targetHints":{"allow":["GET"]}}],"collection":[{"href":"https:\/\/www.isoclip.it\/fr\/wp-json\/wp\/v2\/pages"}],"about":[{"href":"https:\/\/www.isoclip.it\/fr\/wp-json\/wp\/v2\/types\/page"}],"author":[{"embeddable":true,"href":"https:\/\/www.isoclip.it\/fr\/wp-json\/wp\/v2\/users\/3"}],"replies":[{"embeddable":true,"href":"https:\/\/www.isoclip.it\/fr\/wp-json\/wp\/v2\/comments?post=16087"}],"version-history":[{"count":7,"href":"https:\/\/www.isoclip.it\/fr\/wp-json\/wp\/v2\/pages\/16087\/revisions"}],"predecessor-version":[{"id":16440,"href":"https:\/\/www.isoclip.it\/fr\/wp-json\/wp\/v2\/pages\/16087\/revisions\/16440"}],"up":[{"embeddable":true,"href":"https:\/\/www.isoclip.it\/fr\/wp-json\/wp\/v2\/pages\/16070"}],"wp:attachment":[{"href":"https:\/\/www.isoclip.it\/fr\/wp-json\/wp\/v2\/media?parent=16087"}],"curies":[{"name":"wp","href":"https:\/\/api.w.org\/{rel}","templated":true}]}}