{"id":16097,"date":"2025-09-09T12:26:41","date_gmt":"2025-09-09T10:26:41","guid":{"rendered":"https:\/\/www.isoclip.it\/produits\/isoclip\/isoclip-avec-isolation-en-laine-de-verre\/"},"modified":"2025-09-17T12:28:11","modified_gmt":"2025-09-17T10:28:11","slug":"isoclip-avec-isolation-en-laine-de-verre","status":"publish","type":"page","link":"https:\/\/www.isoclip.it\/fr\/produits\/isoclip\/isoclip-avec-isolation-en-laine-de-verre\/","title":{"rendered":"ISOCLIP\u00ae avec isolation en laine de verre"},"content":{"rendered":"<div class=\"wpb-content-wrapper\"><p>[vc_row][vc_column width=\u00a0\u00bb1\/3&Prime;][vc_images_carousel images=\u00a0\u00bb11639,11644&Prime; img_size=\u00a0\u00bbfull\u00a0\u00bb autoplay=\u00a0\u00bbyes\u00a0\u00bb hide_pagination_control=\u00a0\u00bbyes\u00a0\u00bb wrap=\u00a0\u00bbyes\u00a0\u00bb css=\u00a0\u00bb\u00a0\u00bb][\/vc_column][vc_column width=\u00a0\u00bb2\/3&Prime;][vc_column_text css=\u00a0\u00bb\u00a0\u00bb]<\/p>\n<h1 class=\"product_title entry-title\">ISOCLIP\u00ae avec isolation en laine de verre<\/h1>\n<div class=\"woocommerce-product-details__short-description\">\n<p>ISOCLIP\u00ae avec isolation sur chant est un panneau \u2013 600\u00d71200 mm -, coupl\u00e9 \u00e0 du gr\u00e8s c\u00e9rame (6-10 mm), \u00e9quip\u00e9 de boucles de s\u00e9curit\u00e9 en acier inoxydable.<\/p>\n<p>Il pr\u00e9sente une r\u00e9sistance au feu Euroclasse A2-S1, d0 selon DIN 13501-1 et une conductivit\u00e9 thermique de 0,037 W\/mK, selon UNI EN 12667.<\/p>\n<p>L&rsquo;isolation en laine de verre est disponible en diff\u00e9rentes \u00e9paisseurs allant d&rsquo;un minimum de 80 mm \u00e0 160 mm.<\/p>\n<h3><a href=\"https:\/\/aeropan.it\/wp-content\/uploads\/2025\/01\/ISOCLIP-Catalogo-2025-.pdf\">T\u00c9L\u00c9CHARGEZ LE CATALOGUE ISOCLIP 2025<\/a><\/h3>\n<\/div>\n<p>[\/vc_column_text][\/vc_column][\/vc_row][vc_row][vc_column][vc_tta_tabs style=\u00a0\u00bboutline\u00a0\u00bb color=\u00a0\u00bbgreen\u00a0\u00bb active_section=\u00a0\u00bb1&Prime;][vc_tta_section title=\u00a0\u00bbDescription\u00a0\u00bb tab_id=\u00a0\u00bb1757412027480-d761007e-200b\u00a0\u00bb][vc_column_text css=\u00a0\u00bb\u00a0\u00bb]<\/p>\n<h2>Description<\/h2>\n<p>ISOCLIP\u00ae avec isolation sur chant est un panneau \u2013 600\u00d71200 mm -, coupl\u00e9 \u00e0 du gr\u00e8s c\u00e9rame (6-10 mm), \u00e9quip\u00e9 de boucles de s\u00e9curit\u00e9 en acier inoxydable.<\/p>\n<p>Il pr\u00e9sente une r\u00e9sistance au feu Euroclasse A2-S1, d0 selon DIN 13501-1 et une conductivit\u00e9 thermique de 0,037 W\/mK, selon UNI EN 12667.<\/p>\n<p>L&rsquo;isolation en laine de verre est disponible en diff\u00e9rentes \u00e9paisseurs allant d&rsquo;un minimum de 80 mm \u00e0 160 mm.[\/vc_column_text][\/vc_tta_section][vc_tta_section title=\u00a0\u00bbSp\u00e9cifications du panneau\u00a0\u00bb tab_id=\u00a0\u00bb1757412027480-726817ec-8e6b\u00a0\u00bb][vc_column_text css=\u00a0\u00bb\u00a0\u00bb]<\/p>\n<h2 class=\"yikes-custom-woo-tab-title yikes-custom-woo-tab-title-specifiche-pannello\">Sp\u00e9cifications du panneau<\/h2>\n<p><img loading=\"lazy\" decoding=\"async\" class=\"wp-image-15483 size-full\" src=\"https:\/\/www.isoclip.it\/wp-content\/uploads\/2024\/12\/isoclip-specifications-panneau-laine-de-verre.png\" alt=\"\" width=\"1932\" height=\"482\">[\/vc_column_text][\/vc_tta_section][vc_tta_section title=\u00a0\u00bbDonn\u00e9es techniques\u00a0\u00bb tab_id=\u00a0\u00bb1757412123202-770ff222-a31a\u00a0\u00bb][vc_column_text css=\u00a0\u00bb\u00a0\u00bb]<\/p>\n<h2 class=\"yikes-custom-woo-tab-title yikes-custom-woo-tab-title-dati-tecnici\">Donn\u00e9es techniques<\/h2>\n<p><img loading=\"lazy\" decoding=\"async\" class=\"alignnone wp-image-15468 size-full\" src=\"https:\/\/www.isoclip.it\/wp-content\/uploads\/2024\/12\/Isoclip-donnees-technique-laine-en-verre.png\" alt=\"\" width=\"1896\" height=\"922\">[\/vc_column_text][\/vc_tta_section][\/vc_tta_tabs][\/vc_column][\/vc_row]<\/p>\n<\/div>","protected":false},"excerpt":{"rendered":"<p>[vc_row][vc_column width=\u00a0\u00bb1\/3&Prime;][vc_images_carousel images=\u00a0\u00bb11639,11644&Prime; img_size=\u00a0\u00bbfull\u00a0\u00bb autoplay=\u00a0\u00bbyes\u00a0\u00bb hide_pagination_control=\u00a0\u00bbyes\u00a0\u00bb wrap=\u00a0\u00bbyes\u00a0\u00bb css=\u00a0\u00bb\u00a0\u00bb][\/vc_column][vc_column width=\u00a0\u00bb2\/3&Prime;][vc_column_text css=\u00a0\u00bb\u00a0\u00bb] ISOCLIP\u00ae avec isolation en laine de verre ISOCLIP\u00ae avec isolation sur chant est un panneau \u2013 600\u00d71200 mm -, coupl\u00e9 \u00e0 du gr\u00e8s c\u00e9rame (6-10 mm), \u00e9quip\u00e9 de boucles de s\u00e9curit\u00e9 en acier inoxydable. Il pr\u00e9sente une r\u00e9sistance au feu Euroclasse A2-S1, d0 selon DIN [&hellip;]<\/p>\n","protected":false},"author":3,"featured_media":0,"parent":16070,"menu_order":0,"comment_status":"closed","ping_status":"closed","template":"","meta":{"rs_blank_template":"","rs_page_bg_color":"","slide_template_v7":"","footnotes":""},"class_list":["post-16097","page","type-page","status-publish","hentry"],"yoast_head":"<!-- This site is optimized with the Yoast SEO plugin v27.4 - https:\/\/yoast.com\/product\/yoast-seo-wordpress\/ -->\n<title>ISOCLIP\u00ae avec isolation en laine de verre - Isoclip<\/title>\n<meta name=\"description\" content=\"Isoclip + laine de verre : l&#039;alliance parfaite pour une isolation efficace. Prot\u00e9gez votre b\u00e2timent avec un syst\u00e8me qui offre une haute performance thermique et acoustique.\" \/>\n<meta name=\"robots\" content=\"index, follow, max-snippet:-1, max-image-preview:large, max-video-preview:-1\" \/>\n<link rel=\"canonical\" href=\"https:\/\/www.isoclip.it\/fr\/produits\/isoclip\/isoclip-avec-isolation-en-laine-de-verre\/\" \/>\n<meta property=\"og:locale\" content=\"fr_FR\" \/>\n<meta property=\"og:type\" content=\"article\" \/>\n<meta property=\"og:title\" content=\"ISOCLIP\u00ae avec isolation en laine de verre - Isoclip\" \/>\n<meta property=\"og:description\" content=\"Isoclip + laine de verre : l&#039;alliance parfaite pour une isolation efficace. Prot\u00e9gez votre b\u00e2timent avec un syst\u00e8me qui offre une haute performance thermique et acoustique.\" \/>\n<meta property=\"og:url\" content=\"https:\/\/www.isoclip.it\/fr\/produits\/isoclip\/isoclip-avec-isolation-en-laine-de-verre\/\" \/>\n<meta property=\"og:site_name\" content=\"Isoclip\" \/>\n<meta property=\"article:modified_time\" content=\"2025-09-17T10:28:11+00:00\" \/>\n<meta property=\"og:image\" content=\"https:\/\/www.isoclip.it\/wp-content\/uploads\/2024\/01\/isoclip-specifiche-pannello-lana-di-vetro.jpg\" \/>\n\t<meta property=\"og:image:width\" content=\"1932\" \/>\n\t<meta property=\"og:image:height\" content=\"482\" \/>\n\t<meta property=\"og:image:type\" content=\"image\/jpeg\" \/>\n<meta name=\"twitter:card\" content=\"summary_large_image\" \/>\n<meta name=\"twitter:label1\" content=\"Dur\u00e9e de lecture estim\u00e9e\" \/>\n\t<meta name=\"twitter:data1\" content=\"1 minute\" \/>\n<script type=\"application\/ld+json\" class=\"yoast-schema-graph\">{\"@context\":\"https:\\\/\\\/schema.org\",\"@graph\":[{\"@type\":\"WebPage\",\"@id\":\"https:\\\/\\\/www.isoclip.it\\\/fr\\\/produits\\\/isoclip\\\/isoclip-avec-isolation-en-laine-de-verre\\\/\",\"url\":\"https:\\\/\\\/www.isoclip.it\\\/fr\\\/produits\\\/isoclip\\\/isoclip-avec-isolation-en-laine-de-verre\\\/\",\"name\":\"ISOCLIP\u00ae avec isolation en laine de verre - Isoclip\",\"isPartOf\":{\"@id\":\"https:\\\/\\\/www.isoclip.it\\\/fr\\\/#website\"},\"primaryImageOfPage\":{\"@id\":\"https:\\\/\\\/www.isoclip.it\\\/fr\\\/produits\\\/isoclip\\\/isoclip-avec-isolation-en-laine-de-verre\\\/#primaryimage\"},\"image\":{\"@id\":\"https:\\\/\\\/www.isoclip.it\\\/fr\\\/produits\\\/isoclip\\\/isoclip-avec-isolation-en-laine-de-verre\\\/#primaryimage\"},\"thumbnailUrl\":\"https:\\\/\\\/www.isoclip.it\\\/wp-content\\\/uploads\\\/2024\\\/12\\\/isoclip-specifications-panneau-laine-de-verre.png\",\"datePublished\":\"2025-09-09T10:26:41+00:00\",\"dateModified\":\"2025-09-17T10:28:11+00:00\",\"description\":\"Isoclip + laine de verre : l'alliance parfaite pour une isolation efficace. Prot\u00e9gez votre b\u00e2timent avec un syst\u00e8me qui offre une haute performance thermique et acoustique.\",\"breadcrumb\":{\"@id\":\"https:\\\/\\\/www.isoclip.it\\\/fr\\\/produits\\\/isoclip\\\/isoclip-avec-isolation-en-laine-de-verre\\\/#breadcrumb\"},\"inLanguage\":\"fr-FR\",\"potentialAction\":[{\"@type\":\"ReadAction\",\"target\":[\"https:\\\/\\\/www.isoclip.it\\\/fr\\\/produits\\\/isoclip\\\/isoclip-avec-isolation-en-laine-de-verre\\\/\"]}]},{\"@type\":\"ImageObject\",\"inLanguage\":\"fr-FR\",\"@id\":\"https:\\\/\\\/www.isoclip.it\\\/fr\\\/produits\\\/isoclip\\\/isoclip-avec-isolation-en-laine-de-verre\\\/#primaryimage\",\"url\":\"https:\\\/\\\/www.isoclip.it\\\/wp-content\\\/uploads\\\/2024\\\/12\\\/isoclip-specifications-panneau-laine-de-verre.png\",\"contentUrl\":\"https:\\\/\\\/www.isoclip.it\\\/wp-content\\\/uploads\\\/2024\\\/12\\\/isoclip-specifications-panneau-laine-de-verre.png\"},{\"@type\":\"BreadcrumbList\",\"@id\":\"https:\\\/\\\/www.isoclip.it\\\/fr\\\/produits\\\/isoclip\\\/isoclip-avec-isolation-en-laine-de-verre\\\/#breadcrumb\",\"itemListElement\":[{\"@type\":\"ListItem\",\"position\":1,\"name\":\"Home\",\"item\":\"https:\\\/\\\/www.isoclip.it\\\/fr\\\/\"},{\"@type\":\"ListItem\",\"position\":2,\"name\":\"Produits\",\"item\":\"https:\\\/\\\/www.isoclip.it\\\/fr\\\/produits\\\/\"},{\"@type\":\"ListItem\",\"position\":3,\"name\":\"ISOCLIP\u00ae\",\"item\":\"https:\\\/\\\/www.isoclip.it\\\/fr\\\/produits\\\/isoclip\\\/\"},{\"@type\":\"ListItem\",\"position\":4,\"name\":\"ISOCLIP\u00ae avec isolation en laine de verre\"}]},{\"@type\":\"WebSite\",\"@id\":\"https:\\\/\\\/www.isoclip.it\\\/fr\\\/#website\",\"url\":\"https:\\\/\\\/www.isoclip.it\\\/fr\\\/\",\"name\":\"Isoclip\",\"description\":\"Esth\u00e9tique et isolation sur mesure pour vous !\",\"publisher\":{\"@id\":\"https:\\\/\\\/www.isoclip.it\\\/fr\\\/#organization\"},\"potentialAction\":[{\"@type\":\"SearchAction\",\"target\":{\"@type\":\"EntryPoint\",\"urlTemplate\":\"https:\\\/\\\/www.isoclip.it\\\/fr\\\/?s={search_term_string}\"},\"query-input\":{\"@type\":\"PropertyValueSpecification\",\"valueRequired\":true,\"valueName\":\"search_term_string\"}}],\"inLanguage\":\"fr-FR\"},{\"@type\":\"Organization\",\"@id\":\"https:\\\/\\\/www.isoclip.it\\\/fr\\\/#organization\",\"name\":\"Isoclip\",\"url\":\"https:\\\/\\\/www.isoclip.it\\\/fr\\\/\",\"logo\":{\"@type\":\"ImageObject\",\"inLanguage\":\"fr-FR\",\"@id\":\"https:\\\/\\\/www.isoclip.it\\\/fr\\\/#\\\/schema\\\/logo\\\/image\\\/\",\"url\":\"https:\\\/\\\/www.isoclip.it\\\/wp-content\\\/uploads\\\/2024\\\/01\\\/Isoclip-logo.png\",\"contentUrl\":\"https:\\\/\\\/www.isoclip.it\\\/wp-content\\\/uploads\\\/2024\\\/01\\\/Isoclip-logo.png\",\"width\":930,\"height\":300,\"caption\":\"Isoclip\"},\"image\":{\"@id\":\"https:\\\/\\\/www.isoclip.it\\\/fr\\\/#\\\/schema\\\/logo\\\/image\\\/\"},\"sameAs\":[\"https:\\\/\\\/www.linkedin.com\\\/company\\\/isoclip\\\/\"]}]}<\/script>\n<!-- \/ Yoast SEO plugin. -->","yoast_head_json":{"title":"ISOCLIP\u00ae avec isolation en laine de verre - Isoclip","description":"Isoclip + laine de verre : l'alliance parfaite pour une isolation efficace. Prot\u00e9gez votre b\u00e2timent avec un syst\u00e8me qui offre une haute performance thermique et acoustique.","robots":{"index":"index","follow":"follow","max-snippet":"max-snippet:-1","max-image-preview":"max-image-preview:large","max-video-preview":"max-video-preview:-1"},"canonical":"https:\/\/www.isoclip.it\/fr\/produits\/isoclip\/isoclip-avec-isolation-en-laine-de-verre\/","og_locale":"fr_FR","og_type":"article","og_title":"ISOCLIP\u00ae avec isolation en laine de verre - Isoclip","og_description":"Isoclip + laine de verre : l'alliance parfaite pour une isolation efficace. Prot\u00e9gez votre b\u00e2timent avec un syst\u00e8me qui offre une haute performance thermique et acoustique.","og_url":"https:\/\/www.isoclip.it\/fr\/produits\/isoclip\/isoclip-avec-isolation-en-laine-de-verre\/","og_site_name":"Isoclip","article_modified_time":"2025-09-17T10:28:11+00:00","og_image":[{"width":1932,"height":482,"url":"https:\/\/www.isoclip.it\/wp-content\/uploads\/2024\/01\/isoclip-specifiche-pannello-lana-di-vetro.jpg","type":"image\/jpeg"}],"twitter_card":"summary_large_image","twitter_misc":{"Dur\u00e9e de lecture estim\u00e9e":"1 minute"},"schema":{"@context":"https:\/\/schema.org","@graph":[{"@type":"WebPage","@id":"https:\/\/www.isoclip.it\/fr\/produits\/isoclip\/isoclip-avec-isolation-en-laine-de-verre\/","url":"https:\/\/www.isoclip.it\/fr\/produits\/isoclip\/isoclip-avec-isolation-en-laine-de-verre\/","name":"ISOCLIP\u00ae avec isolation en laine de verre - Isoclip","isPartOf":{"@id":"https:\/\/www.isoclip.it\/fr\/#website"},"primaryImageOfPage":{"@id":"https:\/\/www.isoclip.it\/fr\/produits\/isoclip\/isoclip-avec-isolation-en-laine-de-verre\/#primaryimage"},"image":{"@id":"https:\/\/www.isoclip.it\/fr\/produits\/isoclip\/isoclip-avec-isolation-en-laine-de-verre\/#primaryimage"},"thumbnailUrl":"https:\/\/www.isoclip.it\/wp-content\/uploads\/2024\/12\/isoclip-specifications-panneau-laine-de-verre.png","datePublished":"2025-09-09T10:26:41+00:00","dateModified":"2025-09-17T10:28:11+00:00","description":"Isoclip + laine de verre : l'alliance parfaite pour une isolation efficace. Prot\u00e9gez votre b\u00e2timent avec un syst\u00e8me qui offre une haute performance thermique et acoustique.","breadcrumb":{"@id":"https:\/\/www.isoclip.it\/fr\/produits\/isoclip\/isoclip-avec-isolation-en-laine-de-verre\/#breadcrumb"},"inLanguage":"fr-FR","potentialAction":[{"@type":"ReadAction","target":["https:\/\/www.isoclip.it\/fr\/produits\/isoclip\/isoclip-avec-isolation-en-laine-de-verre\/"]}]},{"@type":"ImageObject","inLanguage":"fr-FR","@id":"https:\/\/www.isoclip.it\/fr\/produits\/isoclip\/isoclip-avec-isolation-en-laine-de-verre\/#primaryimage","url":"https:\/\/www.isoclip.it\/wp-content\/uploads\/2024\/12\/isoclip-specifications-panneau-laine-de-verre.png","contentUrl":"https:\/\/www.isoclip.it\/wp-content\/uploads\/2024\/12\/isoclip-specifications-panneau-laine-de-verre.png"},{"@type":"BreadcrumbList","@id":"https:\/\/www.isoclip.it\/fr\/produits\/isoclip\/isoclip-avec-isolation-en-laine-de-verre\/#breadcrumb","itemListElement":[{"@type":"ListItem","position":1,"name":"Home","item":"https:\/\/www.isoclip.it\/fr\/"},{"@type":"ListItem","position":2,"name":"Produits","item":"https:\/\/www.isoclip.it\/fr\/produits\/"},{"@type":"ListItem","position":3,"name":"ISOCLIP\u00ae","item":"https:\/\/www.isoclip.it\/fr\/produits\/isoclip\/"},{"@type":"ListItem","position":4,"name":"ISOCLIP\u00ae avec isolation en laine de verre"}]},{"@type":"WebSite","@id":"https:\/\/www.isoclip.it\/fr\/#website","url":"https:\/\/www.isoclip.it\/fr\/","name":"Isoclip","description":"Esth\u00e9tique et isolation sur mesure pour vous !","publisher":{"@id":"https:\/\/www.isoclip.it\/fr\/#organization"},"potentialAction":[{"@type":"SearchAction","target":{"@type":"EntryPoint","urlTemplate":"https:\/\/www.isoclip.it\/fr\/?s={search_term_string}"},"query-input":{"@type":"PropertyValueSpecification","valueRequired":true,"valueName":"search_term_string"}}],"inLanguage":"fr-FR"},{"@type":"Organization","@id":"https:\/\/www.isoclip.it\/fr\/#organization","name":"Isoclip","url":"https:\/\/www.isoclip.it\/fr\/","logo":{"@type":"ImageObject","inLanguage":"fr-FR","@id":"https:\/\/www.isoclip.it\/fr\/#\/schema\/logo\/image\/","url":"https:\/\/www.isoclip.it\/wp-content\/uploads\/2024\/01\/Isoclip-logo.png","contentUrl":"https:\/\/www.isoclip.it\/wp-content\/uploads\/2024\/01\/Isoclip-logo.png","width":930,"height":300,"caption":"Isoclip"},"image":{"@id":"https:\/\/www.isoclip.it\/fr\/#\/schema\/logo\/image\/"},"sameAs":["https:\/\/www.linkedin.com\/company\/isoclip\/"]}]}},"_links":{"self":[{"href":"https:\/\/www.isoclip.it\/fr\/wp-json\/wp\/v2\/pages\/16097","targetHints":{"allow":["GET"]}}],"collection":[{"href":"https:\/\/www.isoclip.it\/fr\/wp-json\/wp\/v2\/pages"}],"about":[{"href":"https:\/\/www.isoclip.it\/fr\/wp-json\/wp\/v2\/types\/page"}],"author":[{"embeddable":true,"href":"https:\/\/www.isoclip.it\/fr\/wp-json\/wp\/v2\/users\/3"}],"replies":[{"embeddable":true,"href":"https:\/\/www.isoclip.it\/fr\/wp-json\/wp\/v2\/comments?post=16097"}],"version-history":[{"count":8,"href":"https:\/\/www.isoclip.it\/fr\/wp-json\/wp\/v2\/pages\/16097\/revisions"}],"predecessor-version":[{"id":16455,"href":"https:\/\/www.isoclip.it\/fr\/wp-json\/wp\/v2\/pages\/16097\/revisions\/16455"}],"up":[{"embeddable":true,"href":"https:\/\/www.isoclip.it\/fr\/wp-json\/wp\/v2\/pages\/16070"}],"wp:attachment":[{"href":"https:\/\/www.isoclip.it\/fr\/wp-json\/wp\/v2\/media?parent=16097"}],"curies":[{"name":"wp","href":"https:\/\/api.w.org\/{rel}","templated":true}]}}