{"id":16203,"date":"2024-01-31T12:44:20","date_gmt":"2024-01-31T11:44:20","guid":{"rendered":"https:\/\/www.isoclip.it\/politique-de-confidentialite\/"},"modified":"2025-10-09T17:26:07","modified_gmt":"2025-10-09T15:26:07","slug":"politique-de-confidentialite","status":"publish","type":"page","link":"https:\/\/www.isoclip.it\/fr\/politique-de-confidentialite\/","title":{"rendered":"Politique de confidentialit\u00e9"},"content":{"rendered":"\n<p>Cette politique de confidentialit\u00e9 d\u00e9crit les modalit\u00e9s de gestion du site Web https:\/\/www.isoclip.it\/ (ci-apr\u00e8s le \u00ab Site \u00bb), en r\u00e9f\u00e9rence au traitement des donn\u00e9es personnelles des utilisateurs qui le consultent.<\/p>\n\n<p>Ces informations sont fournies conform\u00e9ment \u00e0 l&rsquo;art. 13 du r\u00e8glement (UE) 2016\/679 (ci-apr\u00e8s \u00ab RGPD \u00bb) \u00e0 ceux qui interagissent avec les services Web d&rsquo;AMA ADVANCED MATERIALS Srl. <\/p>\n\n<p><strong>1. Responsable du traitement des donn\u00e9es<\/strong><\/p>\n\n<p>Le responsable du traitement des donn\u00e9es est AMA ADVANCED MATERIALS Srl, Via Provinciale Sud, 31, 41046 Palagano (MO). Pour toute question concernant le traitement de vos donn\u00e9es, vous pouvez nous contacter \u00e0 l&rsquo;adresse e-mail suivante : <a href=\"mailto:info@isoclip.it\">info@isoclip.it<\/a> <\/p>\n\n<p>AMA ADVANCED MATERIALS Srl est une soci\u00e9t\u00e9 soumise \u00e0 la gestion et \u00e0 la coordination d&rsquo;AMA S.p.A. avec laquelle elle a conclu un accord de traitement conjoint des donn\u00e9es.<\/p>\n\n<p><strong>2. Types de donn\u00e9es collect\u00e9es<\/strong><\/p>\n\n<p>La soumission facultative, explicite et volontaire de donn\u00e9es personnelles via les formulaires pr\u00e9sents sur le Site (par exemple, formulaire de contact, \u00ab Travaillez avec nous \u00bb) entra\u00eene l&rsquo;acquisition ult\u00e9rieure des donn\u00e9es de l&rsquo;exp\u00e9diteur, n\u00e9cessaires pour r\u00e9pondre aux demandes.<\/p>\n\n<p>En particulier, les donn\u00e9es suivantes peuvent \u00eatre collect\u00e9es :<\/p>\n\n<ul class=\"wp-block-list\">\n<li><strong>Coordonn\u00e9es<\/strong> : nom, pr\u00e9nom, adresse e-mail, num\u00e9ro de t\u00e9l\u00e9phone et toute autre information fournie pour demander des informations sur nos produits et services.<\/li>\n<\/ul>\n\n<p><strong>Donn\u00e9es de navigation.<\/strong> Les syst\u00e8mes informatiques et les logiciels utilis\u00e9s pour exploiter ce site web acqui\u00e8rent, au cours de leur fonctionnement normal, certaines donn\u00e9es personnelles dont la transmission est implicite dans l&rsquo;utilisation des protocoles de communication Internet. Ces informations ne sont pas collect\u00e9es pour \u00eatre associ\u00e9es \u00e0 des personnes concern\u00e9es identifi\u00e9es, mais pourraient, par leur nature m\u00eame, permettre, par traitement et association avec des donn\u00e9es d\u00e9tenues par des tiers, d&rsquo;identifier les utilisateurs (par exemple, adresses IP, noms de domaine, heure de la demande). <\/p>\n\n<p><strong>Cookies<\/strong> Pour plus d&rsquo;informations sur les cookies utilis\u00e9s par ce site, veuillez consulter la <strong>\n  <a href=\"https:\/\/www.isoclip.it\/fr\/politique-relative-aux-cookies\/\">Politique relative aux cookies<\/a>\n<\/strong>.<\/p>\n\n<p><strong>3. Finalit\u00e9 et base juridique du traitement<\/strong><\/p>\n\n<p>Les donn\u00e9es personnelles sont trait\u00e9es pour les finalit\u00e9s suivantes :<\/p>\n\n<ol class=\"wp-block-list\">\n<li><strong>R\u00e9ponse aux demandes des utilisateurs<\/strong> : g\u00e9rer et r\u00e9pondre aux demandes d\u2019informations, de coordonn\u00e9es ou de devis envoy\u00e9es via le formulaire \u00ab Contact \u00bb. * <em>Base juridique<\/em> : la mise en \u0153uvre de mesures pr\u00e9contractuelles adopt\u00e9es \u00e0 la demande de la personne concern\u00e9e (article 6, paragraphe 1, point b) du RGPD). <\/li>\n\n\n\n<li><strong>Recrutement<\/strong> : pour \u00e9valuer les CV soumis via la rubrique \u00ab Travaillez avec nous \u00bb pour des postes actuels ou futurs. * <em>Base juridique<\/em> : mise en \u0153uvre de mesures pr\u00e9contractuelles adopt\u00e9es \u00e0 la demande de la personne concern\u00e9e (article 6, paragraphe 1, point b) du RGPD). <\/li>\n\n\n\n<li><strong>Fonctionnement technique du site<\/strong> : assurer une navigation et une convivialit\u00e9 optimales du site. * <em>Base juridique<\/em> : int\u00e9r\u00eat l\u00e9gitime du Responsable du traitement \u00e0 garantir le bon fonctionnement de ses syst\u00e8mes informatiques (article 6, paragraphe 1, lettre f) RGPD). <\/li>\n\n\n\n<li><strong>Respect des obligations l\u00e9gales<\/strong> : remplir les obligations \u00e9tablies par la loi ou par une ordonnance de l&rsquo;Autorit\u00e9. * <em>Base juridique<\/em> : respect d&rsquo;une obligation l\u00e9gale \u00e0 laquelle le Responsable du traitement est soumis (article 6, paragraphe 1, lettre c) RGPD). <\/li>\n<\/ol>\n\n<p><strong>4. P\u00e9riode de conservation des donn\u00e9es<\/strong><\/p>\n\n<p>Les donn\u00e9es personnelles seront conserv\u00e9es pendant le temps strictement n\u00e9cessaire \u00e0 la r\u00e9alisation des finalit\u00e9s pour lesquelles elles ont \u00e9t\u00e9 collect\u00e9es et, en tout \u00e9tat de cause, dans le respect de la loi.<\/p>\n\n<ul class=\"wp-block-list\">\n<li>Les donn\u00e9es collect\u00e9es pour les demandes de contact seront conserv\u00e9es pendant le temps n\u00e9cessaire pour fournir une r\u00e9ponse compl\u00e8te et en tout \u00e9tat de cause dans le respect des d\u00e9lais l\u00e9gaux en fonction de la finalit\u00e9.<\/li>\n<\/ul>\n\n<p><strong>5. M\u00e9thodes de traitement et mesures de s\u00e9curit\u00e9<\/strong><\/p>\n\n<p>Le traitement des donn\u00e9es est effectu\u00e9 \u00e0 l&rsquo;aide de moyens informatis\u00e9s et\/ou \u00e9lectroniques, en adoptant des mesures organisationnelles et techniques appropri\u00e9es pour garantir un niveau de s\u00e9curit\u00e9 ad\u00e9quat afin de pr\u00e9venir la perte, l&rsquo;utilisation illicite ou incorrecte et l&rsquo;acc\u00e8s non autoris\u00e9.<\/p>\n\n<p><strong>6. Communication et transfert de donn\u00e9es<\/strong><\/p>\n\n<p>Vos donn\u00e9es pourront \u00eatre rendues accessibles \u00e0 :<\/p>\n\n<ul class=\"wp-block-list\">\n<li>Employ\u00e9s et collaborateurs du Responsable du traitement, en leur qualit\u00e9 de personnes autoris\u00e9es \u00e0 traiter les donn\u00e9es.<\/li>\n\n\n\n<li>\u00c0 la soci\u00e9t\u00e9 m\u00e8re AMA S.p.A. et aux autres soci\u00e9t\u00e9s du groupe AMA \u00e0 des fins d&rsquo;organisation et de gestion.<\/li>\n\n\n\n<li>Soci\u00e9t\u00e9s tierces ou autres entit\u00e9s qui effectuent des activit\u00e9s d&rsquo;externalisation pour le compte du Responsable du traitement (par exemple, prestataires de services techniques, fournisseurs d&rsquo;h\u00e9bergement, soci\u00e9t\u00e9s informatiques).<\/li>\n<\/ul>\n\n<p>Vos donn\u00e9es ne seront pas divulgu\u00e9es. Elles seront g\u00e9r\u00e9es et stock\u00e9es sur des serveurs situ\u00e9s dans l&rsquo;Union europ\u00e9enne. <\/p>\n\n<p><strong>7. Droits de l&rsquo;int\u00e9ress\u00e9<\/strong><\/p>\n\n<p>En votre qualit\u00e9 de personne concern\u00e9e, vous disposez des droits \u00e9nonc\u00e9s aux articles 15 \u00e0 22 du RGPD, notamment les droits suivants :<\/p>\n\n<ul class=\"wp-block-list\">\n<li><strong>Acc\u00e8s<\/strong>: obtenir la confirmation de l\u2019existence ou non de donn\u00e9es personnelles vous concernant.<\/li>\n\n\n\n<li><strong>Rectification<\/strong>: obtenir la mise \u00e0 jour ou la correction de donn\u00e9es inexactes.<\/li>\n\n\n\n<li><strong>Effacement (droit \u00e0 l\u2019oubli)<\/strong>: obtenir l\u2019effacement de vos donn\u00e9es personnelles.<\/li>\n\n\n\n<li><strong>Limitation du traitement<\/strong>: obtenir la limitation du traitement.<\/li>\n\n\n\n<li><strong>Portabilit\u00e9 des donn\u00e9es<\/strong>: recevez vos donn\u00e9es personnelles dans un format structur\u00e9, couramment utilis\u00e9 et lisible par machine.<\/li>\n\n\n\n<li><strong>Opposition<\/strong> : s\u2019opposer, en tout ou en partie, pour des motifs l\u00e9gitimes, au traitement des donn\u00e9es.<\/li>\n\n\n\n<li><strong>D\u00e9poser une plainte<\/strong> : d\u00e9poser une plainte aupr\u00e8s de l&rsquo;Autorit\u00e9 de contr\u00f4le (Autorit\u00e9 de protection des donn\u00e9es).<\/li>\n<\/ul>\n\n<p>Vous pouvez exercer vos droits \u00e0 tout moment en envoyant un courriel \u00e0 l&rsquo;adresse suivante : <a href=\"mailto:info@isoclip.it\">info@isoclip.it<\/a><\/p>\n\n<p><strong>8. Modifications de la pr\u00e9sente politique de confidentialit\u00e9<\/strong><\/p>\n\n<p>Le Responsable du traitement se r\u00e9serve le droit de modifier la pr\u00e9sente politique de confidentialit\u00e9 \u00e0 tout moment et d&rsquo;en informer les utilisateurs sur cette page. Veuillez donc la consulter r\u00e9guli\u00e8rement, en vous r\u00e9f\u00e9rant \u00e0 la date de la derni\u00e8re modification indiqu\u00e9e. <\/p>\n\n<p>Derni\u00e8re mise \u00e0 jour : 9 octobre 2025<\/p>\n","protected":false},"excerpt":{"rendered":"<p>Cette politique de confidentialit\u00e9 d\u00e9crit les modalit\u00e9s de gestion du site Web https:\/\/www.isoclip.it\/ (ci-apr\u00e8s le \u00ab Site \u00bb), en r\u00e9f\u00e9rence au traitement des donn\u00e9es personnelles des utilisateurs qui le consultent. Ces informations sont fournies conform\u00e9ment \u00e0 l&rsquo;art. 13 du r\u00e8glement (UE) 2016\/679 (ci-apr\u00e8s \u00ab RGPD \u00bb) \u00e0 ceux qui interagissent avec les services Web d&rsquo;AMA [&hellip;]<\/p>\n","protected":false},"author":1,"featured_media":0,"parent":0,"menu_order":0,"comment_status":"closed","ping_status":"closed","template":"","meta":{"rs_blank_template":"","rs_page_bg_color":"","slide_template_v7":"","footnotes":""},"class_list":["post-16203","page","type-page","status-publish","hentry"],"yoast_head":"<!-- This site is optimized with the Yoast SEO plugin v27.4 - https:\/\/yoast.com\/product\/yoast-seo-wordpress\/ -->\n<title>Politique de confidentialit\u00e9 - Isoclip<\/title>\n<meta name=\"description\" content=\"Votre vie priv\u00e9e est notre priorit\u00e9. Consultez notre Politique de confidentialit\u00e9 pour comprendre comment nous traitons vos donn\u00e9es. Nous vous offrons une transparence totale sur la mani\u00e8re dont nous traitons vos informations.\" \/>\n<meta name=\"robots\" content=\"index, follow, max-snippet:-1, max-image-preview:large, max-video-preview:-1\" \/>\n<link rel=\"canonical\" href=\"https:\/\/www.isoclip.it\/fr\/politique-de-confidentialite\/\" \/>\n<meta property=\"og:locale\" content=\"fr_FR\" \/>\n<meta property=\"og:type\" content=\"article\" \/>\n<meta property=\"og:title\" content=\"Politique de confidentialit\u00e9 - Isoclip\" \/>\n<meta property=\"og:description\" content=\"Votre vie priv\u00e9e est notre priorit\u00e9. Consultez notre Politique de confidentialit\u00e9 pour comprendre comment nous traitons vos donn\u00e9es. Nous vous offrons une transparence totale sur la mani\u00e8re dont nous traitons vos informations.\" \/>\n<meta property=\"og:url\" content=\"https:\/\/www.isoclip.it\/fr\/politique-de-confidentialite\/\" \/>\n<meta property=\"og:site_name\" content=\"Isoclip\" \/>\n<meta property=\"article:modified_time\" content=\"2025-10-09T15:26:07+00:00\" \/>\n<meta property=\"og:image\" content=\"https:\/\/www.isoclip.it\/wp-content\/uploads\/2024\/01\/Isoclip-prime-icone.jpg\" \/>\n\t<meta property=\"og:image:width\" content=\"1920\" \/>\n\t<meta property=\"og:image:height\" content=\"1079\" \/>\n\t<meta property=\"og:image:type\" content=\"image\/jpeg\" \/>\n<meta name=\"twitter:card\" content=\"summary_large_image\" \/>\n<meta name=\"twitter:label1\" content=\"Dur\u00e9e de lecture estim\u00e9e\" \/>\n\t<meta name=\"twitter:data1\" content=\"5 minutes\" \/>\n<script type=\"application\/ld+json\" class=\"yoast-schema-graph\">{\"@context\":\"https:\\\/\\\/schema.org\",\"@graph\":[{\"@type\":\"WebPage\",\"@id\":\"https:\\\/\\\/www.isoclip.it\\\/fr\\\/politique-de-confidentialite\\\/\",\"url\":\"https:\\\/\\\/www.isoclip.it\\\/fr\\\/politique-de-confidentialite\\\/\",\"name\":\"Politique de confidentialit\u00e9 - Isoclip\",\"isPartOf\":{\"@id\":\"https:\\\/\\\/www.isoclip.it\\\/fr\\\/#website\"},\"datePublished\":\"2024-01-31T11:44:20+00:00\",\"dateModified\":\"2025-10-09T15:26:07+00:00\",\"description\":\"Votre vie priv\u00e9e est notre priorit\u00e9. Consultez notre Politique de confidentialit\u00e9 pour comprendre comment nous traitons vos donn\u00e9es. Nous vous offrons une transparence totale sur la mani\u00e8re dont nous traitons vos informations.\",\"breadcrumb\":{\"@id\":\"https:\\\/\\\/www.isoclip.it\\\/fr\\\/politique-de-confidentialite\\\/#breadcrumb\"},\"inLanguage\":\"fr-FR\",\"potentialAction\":[{\"@type\":\"ReadAction\",\"target\":[\"https:\\\/\\\/www.isoclip.it\\\/fr\\\/politique-de-confidentialite\\\/\"]}]},{\"@type\":\"BreadcrumbList\",\"@id\":\"https:\\\/\\\/www.isoclip.it\\\/fr\\\/politique-de-confidentialite\\\/#breadcrumb\",\"itemListElement\":[{\"@type\":\"ListItem\",\"position\":1,\"name\":\"Home\",\"item\":\"https:\\\/\\\/www.isoclip.it\\\/fr\\\/\"},{\"@type\":\"ListItem\",\"position\":2,\"name\":\"Politique de confidentialit\u00e9\"}]},{\"@type\":\"WebSite\",\"@id\":\"https:\\\/\\\/www.isoclip.it\\\/fr\\\/#website\",\"url\":\"https:\\\/\\\/www.isoclip.it\\\/fr\\\/\",\"name\":\"Isoclip\",\"description\":\"Esth\u00e9tique et isolation sur mesure pour vous !\",\"publisher\":{\"@id\":\"https:\\\/\\\/www.isoclip.it\\\/fr\\\/#organization\"},\"potentialAction\":[{\"@type\":\"SearchAction\",\"target\":{\"@type\":\"EntryPoint\",\"urlTemplate\":\"https:\\\/\\\/www.isoclip.it\\\/fr\\\/?s={search_term_string}\"},\"query-input\":{\"@type\":\"PropertyValueSpecification\",\"valueRequired\":true,\"valueName\":\"search_term_string\"}}],\"inLanguage\":\"fr-FR\"},{\"@type\":\"Organization\",\"@id\":\"https:\\\/\\\/www.isoclip.it\\\/fr\\\/#organization\",\"name\":\"Isoclip\",\"url\":\"https:\\\/\\\/www.isoclip.it\\\/fr\\\/\",\"logo\":{\"@type\":\"ImageObject\",\"inLanguage\":\"fr-FR\",\"@id\":\"https:\\\/\\\/www.isoclip.it\\\/fr\\\/#\\\/schema\\\/logo\\\/image\\\/\",\"url\":\"https:\\\/\\\/www.isoclip.it\\\/wp-content\\\/uploads\\\/2024\\\/01\\\/Isoclip-logo.png\",\"contentUrl\":\"https:\\\/\\\/www.isoclip.it\\\/wp-content\\\/uploads\\\/2024\\\/01\\\/Isoclip-logo.png\",\"width\":930,\"height\":300,\"caption\":\"Isoclip\"},\"image\":{\"@id\":\"https:\\\/\\\/www.isoclip.it\\\/fr\\\/#\\\/schema\\\/logo\\\/image\\\/\"},\"sameAs\":[\"https:\\\/\\\/www.linkedin.com\\\/company\\\/isoclip\\\/\"]}]}<\/script>\n<!-- \/ Yoast SEO plugin. -->","yoast_head_json":{"title":"Politique de confidentialit\u00e9 - Isoclip","description":"Votre vie priv\u00e9e est notre priorit\u00e9. Consultez notre Politique de confidentialit\u00e9 pour comprendre comment nous traitons vos donn\u00e9es. Nous vous offrons une transparence totale sur la mani\u00e8re dont nous traitons vos informations.","robots":{"index":"index","follow":"follow","max-snippet":"max-snippet:-1","max-image-preview":"max-image-preview:large","max-video-preview":"max-video-preview:-1"},"canonical":"https:\/\/www.isoclip.it\/fr\/politique-de-confidentialite\/","og_locale":"fr_FR","og_type":"article","og_title":"Politique de confidentialit\u00e9 - Isoclip","og_description":"Votre vie priv\u00e9e est notre priorit\u00e9. Consultez notre Politique de confidentialit\u00e9 pour comprendre comment nous traitons vos donn\u00e9es. Nous vous offrons une transparence totale sur la mani\u00e8re dont nous traitons vos informations.","og_url":"https:\/\/www.isoclip.it\/fr\/politique-de-confidentialite\/","og_site_name":"Isoclip","article_modified_time":"2025-10-09T15:26:07+00:00","og_image":[{"width":1920,"height":1079,"url":"https:\/\/www.isoclip.it\/wp-content\/uploads\/2024\/01\/Isoclip-prime-icone.jpg","type":"image\/jpeg"}],"twitter_card":"summary_large_image","twitter_misc":{"Dur\u00e9e de lecture estim\u00e9e":"5 minutes"},"schema":{"@context":"https:\/\/schema.org","@graph":[{"@type":"WebPage","@id":"https:\/\/www.isoclip.it\/fr\/politique-de-confidentialite\/","url":"https:\/\/www.isoclip.it\/fr\/politique-de-confidentialite\/","name":"Politique de confidentialit\u00e9 - Isoclip","isPartOf":{"@id":"https:\/\/www.isoclip.it\/fr\/#website"},"datePublished":"2024-01-31T11:44:20+00:00","dateModified":"2025-10-09T15:26:07+00:00","description":"Votre vie priv\u00e9e est notre priorit\u00e9. Consultez notre Politique de confidentialit\u00e9 pour comprendre comment nous traitons vos donn\u00e9es. Nous vous offrons une transparence totale sur la mani\u00e8re dont nous traitons vos informations.","breadcrumb":{"@id":"https:\/\/www.isoclip.it\/fr\/politique-de-confidentialite\/#breadcrumb"},"inLanguage":"fr-FR","potentialAction":[{"@type":"ReadAction","target":["https:\/\/www.isoclip.it\/fr\/politique-de-confidentialite\/"]}]},{"@type":"BreadcrumbList","@id":"https:\/\/www.isoclip.it\/fr\/politique-de-confidentialite\/#breadcrumb","itemListElement":[{"@type":"ListItem","position":1,"name":"Home","item":"https:\/\/www.isoclip.it\/fr\/"},{"@type":"ListItem","position":2,"name":"Politique de confidentialit\u00e9"}]},{"@type":"WebSite","@id":"https:\/\/www.isoclip.it\/fr\/#website","url":"https:\/\/www.isoclip.it\/fr\/","name":"Isoclip","description":"Esth\u00e9tique et isolation sur mesure pour vous !","publisher":{"@id":"https:\/\/www.isoclip.it\/fr\/#organization"},"potentialAction":[{"@type":"SearchAction","target":{"@type":"EntryPoint","urlTemplate":"https:\/\/www.isoclip.it\/fr\/?s={search_term_string}"},"query-input":{"@type":"PropertyValueSpecification","valueRequired":true,"valueName":"search_term_string"}}],"inLanguage":"fr-FR"},{"@type":"Organization","@id":"https:\/\/www.isoclip.it\/fr\/#organization","name":"Isoclip","url":"https:\/\/www.isoclip.it\/fr\/","logo":{"@type":"ImageObject","inLanguage":"fr-FR","@id":"https:\/\/www.isoclip.it\/fr\/#\/schema\/logo\/image\/","url":"https:\/\/www.isoclip.it\/wp-content\/uploads\/2024\/01\/Isoclip-logo.png","contentUrl":"https:\/\/www.isoclip.it\/wp-content\/uploads\/2024\/01\/Isoclip-logo.png","width":930,"height":300,"caption":"Isoclip"},"image":{"@id":"https:\/\/www.isoclip.it\/fr\/#\/schema\/logo\/image\/"},"sameAs":["https:\/\/www.linkedin.com\/company\/isoclip\/"]}]}},"_links":{"self":[{"href":"https:\/\/www.isoclip.it\/fr\/wp-json\/wp\/v2\/pages\/16203","targetHints":{"allow":["GET"]}}],"collection":[{"href":"https:\/\/www.isoclip.it\/fr\/wp-json\/wp\/v2\/pages"}],"about":[{"href":"https:\/\/www.isoclip.it\/fr\/wp-json\/wp\/v2\/types\/page"}],"author":[{"embeddable":true,"href":"https:\/\/www.isoclip.it\/fr\/wp-json\/wp\/v2\/users\/1"}],"replies":[{"embeddable":true,"href":"https:\/\/www.isoclip.it\/fr\/wp-json\/wp\/v2\/comments?post=16203"}],"version-history":[{"count":3,"href":"https:\/\/www.isoclip.it\/fr\/wp-json\/wp\/v2\/pages\/16203\/revisions"}],"predecessor-version":[{"id":16501,"href":"https:\/\/www.isoclip.it\/fr\/wp-json\/wp\/v2\/pages\/16203\/revisions\/16501"}],"wp:attachment":[{"href":"https:\/\/www.isoclip.it\/fr\/wp-json\/wp\/v2\/media?parent=16203"}],"curies":[{"name":"wp","href":"https:\/\/api.w.org\/{rel}","templated":true}]}}